{"id":2872,"date":"2017-08-26T14:46:09","date_gmt":"2017-08-26T12:46:09","guid":{"rendered":"https:\/\/marokko-hautnah.de\/marrakesch-gastronomietipps\/"},"modified":"2022-12-02T09:51:15","modified_gmt":"2022-12-02T08:51:15","slug":"marrakesch-gastronomietipps","status":"publish","type":"page","link":"https:\/\/marokko-hautnah.de\/en\/marrakesch-gastronomietipps\/","title":{"rendered":"Gastronomy Tipps Marrakech"},"content":{"rendered":"<div class='flex_column av-3sxjmw-11e94aac7ced514f8edb6060d70e37c9 av_one_full  avia-builder-el-0  el_before_av_textblock  avia-builder-el-first  first flex_column_div '     ><div id='av-masonry-1' class='av-masonry av-lb3vmfxm-2096b9be67784ac19077069b127e0394 noHover av-fixed-size av-large-gap av-hover-overlay-active av-masonry-animation-active av-masonry-col-flexible av-caption-always av-caption-style- av-masonry-gallery '><div class=\"av-masonry-container isotope av-js-disabled\"><div class='av-masonry-entry isotope-item av-masonry-item-no-image '><\/div><a href=\"https:\/\/marokko-hautnah.de\/wp-content\/uploads\/2022\/11\/Gastrotipp_13-rotated.jpg\" data-srcset=\"https:\/\/marokko-hautnah.de\/wp-content\/uploads\/2022\/11\/Gastrotipp_13-rotated.jpg 480w, https:\/\/marokko-hautnah.de\/wp-content\/uploads\/2022\/11\/Gastrotipp_13-225x300.jpg 225w\" data-sizes=\"(max-width: 480px) 100vw, 480px\"  aria-label=\"image Gastrotipp_13\"  id='av-masonry-1-item-3517' data-av-masonry-item='3517' class='av-masonry-entry isotope-item post-3517 attachment type-attachment status-inherit hentry  av-masonry-item-with-image av-grid-img' title=\"\" alt=\"\"    itemprop=\"thumbnailUrl\"  data-rel=\"lightbox-gallery-vjpJ8Nll\" data-rl_title=\"\" data-rl_caption=\"\"><div class='av-inner-masonry-sizer'><\/div><figure class='av-inner-masonry main_color'><div class=\"av-masonry-outerimage-container\"><div class='av-masonry-image-container' style=\"background-image: url(https:\/\/marokko-hautnah.de\/wp-content\/uploads\/2022\/11\/Gastrotipp_13-rotated.jpg);\"  title=\"Gastrotipp_13\"  ><\/div><\/div><\/figure><\/a><!--end av-masonry entry--><a href=\"https:\/\/marokko-hautnah.de\/wp-content\/uploads\/2022\/11\/Gastrotipp_12-rotated.jpg\" data-srcset=\"https:\/\/marokko-hautnah.de\/wp-content\/uploads\/2022\/11\/Gastrotipp_12-rotated.jpg 480w, https:\/\/marokko-hautnah.de\/wp-content\/uploads\/2022\/11\/Gastrotipp_12-225x300.jpg 225w\" data-sizes=\"(max-width: 480px) 100vw, 480px\"  aria-label=\"image Gastrotipp_12\"  id='av-masonry-1-item-3514' data-av-masonry-item='3514' class='av-masonry-entry isotope-item post-3514 attachment type-attachment status-inherit hentry  av-masonry-item-with-image av-grid-img' title=\"\" alt=\"\"    itemprop=\"thumbnailUrl\"  data-rel=\"lightbox-gallery-vjpJ8Nll\" data-rl_title=\"\" data-rl_caption=\"\"><div class='av-inner-masonry-sizer'><\/div><figure class='av-inner-masonry main_color'><div class=\"av-masonry-outerimage-container\"><div class='av-masonry-image-container' style=\"background-image: url(https:\/\/marokko-hautnah.de\/wp-content\/uploads\/2022\/11\/Gastrotipp_12-rotated.jpg);\"  title=\"Gastrotipp_12\"  ><\/div><\/div><\/figure><\/a><!--end av-masonry entry--><a href=\"https:\/\/marokko-hautnah.de\/wp-content\/uploads\/2022\/11\/Gastrotipp_11-rotated.jpg\" data-srcset=\"https:\/\/marokko-hautnah.de\/wp-content\/uploads\/2022\/11\/Gastrotipp_11-rotated.jpg 480w, https:\/\/marokko-hautnah.de\/wp-content\/uploads\/2022\/11\/Gastrotipp_11-225x300.jpg 225w\" data-sizes=\"(max-width: 480px) 100vw, 480px\"  aria-label=\"image Gastrotipp_11\"  id='av-masonry-1-item-3511' data-av-masonry-item='3511' class='av-masonry-entry isotope-item post-3511 attachment type-attachment status-inherit hentry  av-masonry-item-with-image av-grid-img' title=\"\" alt=\"\"    itemprop=\"thumbnailUrl\"  data-rel=\"lightbox-gallery-vjpJ8Nll\" data-rl_title=\"\" data-rl_caption=\"\"><div class='av-inner-masonry-sizer'><\/div><figure class='av-inner-masonry main_color'><div class=\"av-masonry-outerimage-container\"><div class='av-masonry-image-container' style=\"background-image: url(https:\/\/marokko-hautnah.de\/wp-content\/uploads\/2022\/11\/Gastrotipp_11-rotated.jpg);\"  title=\"Gastrotipp_11\"  ><\/div><\/div><\/figure><\/a><!--end av-masonry entry--><a href=\"https:\/\/marokko-hautnah.de\/wp-content\/uploads\/2022\/11\/Gastrotipp_10-rotated.jpg\" data-srcset=\"https:\/\/marokko-hautnah.de\/wp-content\/uploads\/2022\/11\/Gastrotipp_10-rotated.jpg 480w, https:\/\/marokko-hautnah.de\/wp-content\/uploads\/2022\/11\/Gastrotipp_10-225x300.jpg 225w\" data-sizes=\"(max-width: 480px) 100vw, 480px\"  aria-label=\"image Gastrotipp_10\"  id='av-masonry-1-item-3508' data-av-masonry-item='3508' class='av-masonry-entry isotope-item post-3508 attachment type-attachment status-inherit hentry  av-masonry-item-with-image av-grid-img' title=\"\" alt=\"\"    itemprop=\"thumbnailUrl\"  data-rel=\"lightbox-gallery-vjpJ8Nll\" data-rl_title=\"\" data-rl_caption=\"\"><div class='av-inner-masonry-sizer'><\/div><figure class='av-inner-masonry main_color'><div class=\"av-masonry-outerimage-container\"><div class='av-masonry-image-container' style=\"background-image: url(https:\/\/marokko-hautnah.de\/wp-content\/uploads\/2022\/11\/Gastrotipp_10-rotated.jpg);\"  title=\"Gastrotipp_10\"  ><\/div><\/div><\/figure><\/a><!--end av-masonry entry--><a href=\"https:\/\/marokko-hautnah.de\/wp-content\/uploads\/2022\/11\/Gastrotipp_09-rotated.jpg\" data-srcset=\"https:\/\/marokko-hautnah.de\/wp-content\/uploads\/2022\/11\/Gastrotipp_09-rotated.jpg 480w, https:\/\/marokko-hautnah.de\/wp-content\/uploads\/2022\/11\/Gastrotipp_09-225x300.jpg 225w\" data-sizes=\"(max-width: 480px) 100vw, 480px\"  aria-label=\"image Gastrotipp_09\"  id='av-masonry-1-item-3505' data-av-masonry-item='3505' class='av-masonry-entry isotope-item post-3505 attachment type-attachment status-inherit hentry  av-masonry-item-with-image av-grid-img' title=\"\" alt=\"\"    itemprop=\"thumbnailUrl\"  data-rel=\"lightbox-gallery-vjpJ8Nll\" data-rl_title=\"\" data-rl_caption=\"\"><div class='av-inner-masonry-sizer'><\/div><figure class='av-inner-masonry main_color'><div class=\"av-masonry-outerimage-container\"><div class='av-masonry-image-container' style=\"background-image: url(https:\/\/marokko-hautnah.de\/wp-content\/uploads\/2022\/11\/Gastrotipp_09-rotated.jpg);\"  title=\"Gastrotipp_09\"  ><\/div><\/div><\/figure><\/a><!--end av-masonry entry--><a href=\"https:\/\/marokko-hautnah.de\/wp-content\/uploads\/2022\/11\/Gastrotipp_06.jpg\" data-srcset=\"https:\/\/marokko-hautnah.de\/wp-content\/uploads\/2022\/11\/Gastrotipp_06.jpg 640w, https:\/\/marokko-hautnah.de\/wp-content\/uploads\/2022\/11\/Gastrotipp_06-300x225.jpg 300w\" data-sizes=\"(max-width: 640px) 100vw, 640px\"  aria-label=\"image Gastrotipp_06\"  id='av-masonry-1-item-3496' data-av-masonry-item='3496' class='av-masonry-entry isotope-item post-3496 attachment type-attachment status-inherit hentry  av-masonry-item-with-image av-grid-img' title=\"\" alt=\"\"    itemprop=\"thumbnailUrl\"  data-rel=\"lightbox-gallery-vjpJ8Nll\" data-rl_title=\"\" data-rl_caption=\"\"><div class='av-inner-masonry-sizer'><\/div><figure class='av-inner-masonry main_color'><div class=\"av-masonry-outerimage-container\"><div class='av-masonry-image-container' style=\"background-image: url(https:\/\/marokko-hautnah.de\/wp-content\/uploads\/2022\/11\/Gastrotipp_06.jpg);\"  title=\"Gastrotipp_06\"  ><\/div><\/div><\/figure><\/a><!--end av-masonry entry--><\/div><\/div><\/div>\n<section  class='av_textblock_section av-laa569ju-f2056631d0e0ad5b7c5e4e4613397e88'  itemscope=\"itemscope\" itemtype=\"https:\/\/schema.org\/CreativeWork\" ><div class='avia_textblock'  itemprop=\"text\" ><h2>Where to eat in Marrakech<\/h2>\n<p class=\"s5\"><strong><span class=\"s6\"><span class=\"bumpedFont15\">Food:<\/span><\/span>\u00a0<\/strong><\/p>\n<ul>\n<li class=\"s5\"><span class=\"s7\"><span class=\"bumpedFont15\">Roti d \u0301Or: good price international, delicious burgers and tacos and fresh salades: Taoualat ben saleh N 64, Marrakech 40000, + 212675-452260.<\/span><\/span><\/li>\n<li class=\"s5\"><span class=\"s7\"><span class=\"bumpedFont15\">Toubkal Snack, perhaps the cheapest restaurant in Jamaa el Fna square, corner of Rue Zitoun Kedim. Here you can get 3-course menus with tajine or couscous from 4,5 \u20ac. Friendly staff, excellent cappuccino, open early in the morning for people leaving on minibus excursions into the desert. Excellent inexpensive choice of breakfasts!<\/span><\/span><\/li>\n<li class=\"s5\"><span class=\"s7\"><span class=\"bumpedFont15\">&#8220;La Cantine des Gazelles&#8221; 6 Dabachi Kennaria, very close to the square, behind Cafe de France . Perhaps the best value for money, both Moroccan and international, menu a la carte about 9 euros. Be sure to make a reservation, as it is usually fully booked. Phone number: +212 624-061452\u00a0<\/span><\/span><\/li>\n<li class=\"s5\"><span class=\"s7\"><span class=\"bumpedFont15\">good and cheap in the Mouassine quarter: the Bazaar, daily menu 95 dh, Derb Sidi El Yamani, 24B. Marrakech Tel: +212 (0) 5 24 38 72 83 \/ +212 (0) 6 18 17 99 62 mail: info@bazaarcafe.ma web: <\/span><\/span><a href=\"x-apple-ql-id:\/\/\/word\/document.xml\"><span class=\"s8\"><span class=\"bumpedFont15\">www.bazaarcafe.ma<\/span><\/span><\/a><\/li>\n<li class=\"s5\"><span class=\"s7\"><span class=\"bumpedFont15\">Riad Dar Timtam Rahba Lakdima, Marrakech 40000 Maroc+212 661-417972 Entr\u00e9e par l&#8217;une des plus belles maisons du souk, on est magnifiquement assis dans le jardin comme au palais de la Bahia. Pr\u00e9ciser imp\u00e9rativement que vous venez du Riad Michel, vous aurez alors une autre carte o\u00f9 vous aurez un super menu \u00e0 partir de 95 dirhams, sinon plut\u00f4t cher. Ferme malheureusement \u00e0 17 heures. Un vrai bon plan !<\/span><\/span><\/li>\n<li class=\"s5\"><span class=\"s7\"><span class=\"bumpedFont15\">Dar Essalam, touristy with Gnawa and Arabic music and belly dancing, but real oriental experience. Considered as the eldest resturant in the Medina. It was here where the french officers met during the time of the protectorate and it was here where Hitchcock filmed some important scnes of his film \u201eThe man who knew too much\u201c: 170, Riad Zitoune El Kedim, Marrakech, +212 5244-43520. menu approx. 250Dh\u00a0<\/span><\/span><\/li>\n<li class=\"s5\"><span class=\"s7\"><span class=\"bumpedFont15\">During the day at the souk: Chez Abdelhay, open air, nice Menue with grilled meet and traditionl maroccain foodPlace El Baroudiyine 43 46, Marrakech, +212 (0)6 75 90 16 90, for about 65 DH you get a little of everything, especially good barbecued \u00a0meat.\u00a0<\/span><\/span><\/li>\n<li class=\"s5\"><span class=\"s7\"><span class=\"bumpedFont15\">Fish in Guiliz: Al Bahriya: 75 Bis Av. Moulay Rachid | Gu\u00e9liz, Marrakech 40000, +212 626-415081. Everything is always fresh: Super Paella, Super Fritture Royale for about 5 euros is enough for 2, side dishes included or you pick the fish at the counter and let it grill, is also very cheap . A ver popular place wher people of oll social classes like to eat, you sit at long tables, so nothing for a cozy evening!\u00a0<\/span><\/span><\/li>\n<li class=\"s5\"><span class=\"s7\"><span class=\"bumpedFont15\">Fabulous view, good, somewhat more expensive food: La Terrasse Ben Youssef: 98, Riad Laarouss Rue Sidi Abdellaziz, Medina, 00212 524386673.<\/span><\/span><\/li>\n<\/ul>\n<\/div><\/section>\n<div class='flex_column av-2kqjeg-139813972d52a4ced258e06cecc416e8 av_one_full  avia-builder-el-3  el_after_av_textblock  el_before_av_textblock  first flex_column_div column-top-margin'     ><div id='av-masonry-2' class='av-masonry av-lb3vmyqp-b19cb80b412f1c272850e79d5d710fa3 noHover av-fixed-size av-large-gap av-hover-overlay-active av-masonry-animation-active av-masonry-col-flexible av-caption-always av-caption-style- av-masonry-gallery '><div class=\"av-masonry-container isotope av-js-disabled\"><div class='av-masonry-entry isotope-item av-masonry-item-no-image '><\/div><a href=\"https:\/\/marokko-hautnah.de\/wp-content\/uploads\/2022\/11\/Gastrotipp_08.jpg\" data-srcset=\"https:\/\/marokko-hautnah.de\/wp-content\/uploads\/2022\/11\/Gastrotipp_08.jpg 640w, https:\/\/marokko-hautnah.de\/wp-content\/uploads\/2022\/11\/Gastrotipp_08-300x225.jpg 300w\" data-sizes=\"(max-width: 640px) 100vw, 640px\"  aria-label=\"image Gastrotipp_08\"  id='av-masonry-2-item-3502' data-av-masonry-item='3502' class='av-masonry-entry isotope-item post-3502 attachment type-attachment status-inherit hentry  av-masonry-item-with-image av-grid-img' title=\"\" alt=\"\"    itemprop=\"thumbnailUrl\"  data-rel=\"lightbox-gallery-vjpJ8Nll\" data-rl_title=\"\" data-rl_caption=\"\"><div class='av-inner-masonry-sizer'><\/div><figure class='av-inner-masonry main_color'><div class=\"av-masonry-outerimage-container\"><div class='av-masonry-image-container' style=\"background-image: url(https:\/\/marokko-hautnah.de\/wp-content\/uploads\/2022\/11\/Gastrotipp_08.jpg);\"  title=\"Gastrotipp_08\"  ><\/div><\/div><\/figure><\/a><!--end av-masonry entry--><a href=\"https:\/\/marokko-hautnah.de\/wp-content\/uploads\/2022\/11\/Gastrotipp_07.jpg\" data-srcset=\"https:\/\/marokko-hautnah.de\/wp-content\/uploads\/2022\/11\/Gastrotipp_07.jpg 640w, https:\/\/marokko-hautnah.de\/wp-content\/uploads\/2022\/11\/Gastrotipp_07-300x225.jpg 300w\" data-sizes=\"(max-width: 640px) 100vw, 640px\"  aria-label=\"image Gastrotipp_07\"  id='av-masonry-2-item-3499' data-av-masonry-item='3499' class='av-masonry-entry isotope-item post-3499 attachment type-attachment status-inherit hentry  av-masonry-item-with-image av-grid-img' title=\"\" alt=\"\"    itemprop=\"thumbnailUrl\"  data-rel=\"lightbox-gallery-vjpJ8Nll\" data-rl_title=\"\" data-rl_caption=\"\"><div class='av-inner-masonry-sizer'><\/div><figure class='av-inner-masonry main_color'><div class=\"av-masonry-outerimage-container\"><div class='av-masonry-image-container' style=\"background-image: url(https:\/\/marokko-hautnah.de\/wp-content\/uploads\/2022\/11\/Gastrotipp_07.jpg);\"  title=\"Gastrotipp_07\"  ><\/div><\/div><\/figure><\/a><!--end av-masonry entry--><a href=\"https:\/\/marokko-hautnah.de\/wp-content\/uploads\/2022\/11\/Gastrotipp_05-rotated.jpg\" data-srcset=\"https:\/\/marokko-hautnah.de\/wp-content\/uploads\/2022\/11\/Gastrotipp_05-rotated.jpg 480w, https:\/\/marokko-hautnah.de\/wp-content\/uploads\/2022\/11\/Gastrotipp_05-225x300.jpg 225w\" data-sizes=\"(max-width: 480px) 100vw, 480px\"  aria-label=\"image Gastrotipp_05\"  id='av-masonry-2-item-3493' data-av-masonry-item='3493' class='av-masonry-entry isotope-item post-3493 attachment type-attachment status-inherit hentry  av-masonry-item-with-image av-grid-img' title=\"\" alt=\"\"    itemprop=\"thumbnailUrl\"  data-rel=\"lightbox-gallery-vjpJ8Nll\" data-rl_title=\"\" data-rl_caption=\"\"><div class='av-inner-masonry-sizer'><\/div><figure class='av-inner-masonry main_color'><div class=\"av-masonry-outerimage-container\"><div class='av-masonry-image-container' style=\"background-image: url(https:\/\/marokko-hautnah.de\/wp-content\/uploads\/2022\/11\/Gastrotipp_05-rotated.jpg);\"  title=\"Gastrotipp_05\"  ><\/div><\/div><\/figure><\/a><!--end av-masonry entry--><a href=\"https:\/\/marokko-hautnah.de\/wp-content\/uploads\/2022\/11\/Gastrotipp_04.jpg\" data-srcset=\"https:\/\/marokko-hautnah.de\/wp-content\/uploads\/2022\/11\/Gastrotipp_04.jpg 640w, https:\/\/marokko-hautnah.de\/wp-content\/uploads\/2022\/11\/Gastrotipp_04-300x225.jpg 300w\" data-sizes=\"(max-width: 640px) 100vw, 640px\"  aria-label=\"image Gastrotipp_04\"  id='av-masonry-2-item-3490' data-av-masonry-item='3490' class='av-masonry-entry isotope-item post-3490 attachment type-attachment status-inherit hentry  av-masonry-item-with-image av-grid-img' title=\"\" alt=\"\"    itemprop=\"thumbnailUrl\"  data-rel=\"lightbox-gallery-vjpJ8Nll\" data-rl_title=\"\" data-rl_caption=\"\"><div class='av-inner-masonry-sizer'><\/div><figure class='av-inner-masonry main_color'><div class=\"av-masonry-outerimage-container\"><div class='av-masonry-image-container' style=\"background-image: url(https:\/\/marokko-hautnah.de\/wp-content\/uploads\/2022\/11\/Gastrotipp_04.jpg);\"  title=\"Gastrotipp_04\"  ><\/div><\/div><\/figure><\/a><!--end av-masonry entry--><a href=\"https:\/\/marokko-hautnah.de\/wp-content\/uploads\/2022\/11\/Gastrotipp_03-rotated.jpg\" data-srcset=\"https:\/\/marokko-hautnah.de\/wp-content\/uploads\/2022\/11\/Gastrotipp_03-rotated.jpg 480w, https:\/\/marokko-hautnah.de\/wp-content\/uploads\/2022\/11\/Gastrotipp_03-225x300.jpg 225w\" data-sizes=\"(max-width: 480px) 100vw, 480px\"  aria-label=\"image Gastrotipp_03\"  id='av-masonry-2-item-3487' data-av-masonry-item='3487' class='av-masonry-entry isotope-item post-3487 attachment type-attachment status-inherit hentry  av-masonry-item-with-image av-grid-img' title=\"\" alt=\"\"    itemprop=\"thumbnailUrl\"  data-rel=\"lightbox-gallery-vjpJ8Nll\" data-rl_title=\"\" data-rl_caption=\"\"><div class='av-inner-masonry-sizer'><\/div><figure class='av-inner-masonry main_color'><div class=\"av-masonry-outerimage-container\"><div class='av-masonry-image-container' style=\"background-image: url(https:\/\/marokko-hautnah.de\/wp-content\/uploads\/2022\/11\/Gastrotipp_03-rotated.jpg);\"  title=\"Gastrotipp_03\"  ><\/div><\/div><\/figure><\/a><!--end av-masonry entry--><a href=\"https:\/\/marokko-hautnah.de\/wp-content\/uploads\/2022\/11\/Gastrotipp_02-rotated.jpg\" data-srcset=\"https:\/\/marokko-hautnah.de\/wp-content\/uploads\/2022\/11\/Gastrotipp_02-rotated.jpg 480w, https:\/\/marokko-hautnah.de\/wp-content\/uploads\/2022\/11\/Gastrotipp_02-225x300.jpg 225w\" data-sizes=\"(max-width: 480px) 100vw, 480px\"  aria-label=\"image Gastrotipp_02\"  id='av-masonry-2-item-3484' data-av-masonry-item='3484' class='av-masonry-entry isotope-item post-3484 attachment type-attachment status-inherit hentry  av-masonry-item-with-image av-grid-img' title=\"\" alt=\"\"    itemprop=\"thumbnailUrl\"  data-rel=\"lightbox-gallery-vjpJ8Nll\" data-rl_title=\"\" data-rl_caption=\"\"><div class='av-inner-masonry-sizer'><\/div><figure class='av-inner-masonry main_color'><div class=\"av-masonry-outerimage-container\"><div class='av-masonry-image-container' style=\"background-image: url(https:\/\/marokko-hautnah.de\/wp-content\/uploads\/2022\/11\/Gastrotipp_02-rotated.jpg);\"  title=\"Gastrotipp_02\"  ><\/div><\/div><\/figure><\/a><!--end av-masonry entry--><a href=\"https:\/\/marokko-hautnah.de\/wp-content\/uploads\/2022\/11\/Gastrotipp_14-rotated.jpg\" data-srcset=\"https:\/\/marokko-hautnah.de\/wp-content\/uploads\/2022\/11\/Gastrotipp_14-rotated.jpg 480w, https:\/\/marokko-hautnah.de\/wp-content\/uploads\/2022\/11\/Gastrotipp_14-225x300.jpg 225w\" data-sizes=\"(max-width: 480px) 100vw, 480px\"  aria-label=\"image Gastrotipp_14\"  id='av-masonry-2-item-3478' data-av-masonry-item='3478' class='av-masonry-entry isotope-item post-3478 attachment type-attachment status-inherit hentry  av-masonry-item-with-image av-grid-img' title=\"\" alt=\"\"    itemprop=\"thumbnailUrl\"  data-rel=\"lightbox-gallery-vjpJ8Nll\" data-rl_title=\"\" data-rl_caption=\"\"><div class='av-inner-masonry-sizer'><\/div><figure class='av-inner-masonry main_color'><div class=\"av-masonry-outerimage-container\"><div class='av-masonry-image-container' style=\"background-image: url(https:\/\/marokko-hautnah.de\/wp-content\/uploads\/2022\/11\/Gastrotipp_14-rotated.jpg);\"  title=\"Gastrotipp_14\"  ><\/div><\/div><\/figure><\/a><!--end av-masonry entry--><a href=\"https:\/\/marokko-hautnah.de\/wp-content\/uploads\/2022\/11\/Gastrotipp_01-rotated.jpg\" data-srcset=\"https:\/\/marokko-hautnah.de\/wp-content\/uploads\/2022\/11\/Gastrotipp_01-rotated.jpg 480w, https:\/\/marokko-hautnah.de\/wp-content\/uploads\/2022\/11\/Gastrotipp_01-225x300.jpg 225w\" data-sizes=\"(max-width: 480px) 100vw, 480px\"  aria-label=\"image Gastrotipp_01\"  id='av-masonry-2-item-3481' data-av-masonry-item='3481' class='av-masonry-entry isotope-item post-3481 attachment type-attachment status-inherit hentry  av-masonry-item-with-image av-grid-img' title=\"\" alt=\"\"    itemprop=\"thumbnailUrl\"  data-rel=\"lightbox-gallery-vjpJ8Nll\" data-rl_title=\"\" data-rl_caption=\"\"><div class='av-inner-masonry-sizer'><\/div><figure class='av-inner-masonry main_color'><div class=\"av-masonry-outerimage-container\"><div class='av-masonry-image-container' style=\"background-image: url(https:\/\/marokko-hautnah.de\/wp-content\/uploads\/2022\/11\/Gastrotipp_01-rotated.jpg);\"  title=\"Gastrotipp_01\"  ><\/div><\/div><\/figure><\/a><!--end av-masonry entry--><\/div><\/div><\/div>\n<section  class='av_textblock_section av-lb3vlkna-7ec2aa5d424171b9b756bc412cb70203'  itemscope=\"itemscope\" itemtype=\"https:\/\/schema.org\/CreativeWork\" ><div class='avia_textblock'  itemprop=\"text\" ><ul>\n<li class=\"s5\"><span class=\"s7\"><span class=\"bumpedFont15\">Naima Couscous, Rue Azbezt near Azbezt Mosque: This place only serves couscous, but probably the best and most authentic in Marrakech. \u00a0Family run. Phone +212 667846379<\/span><\/span><\/li>\n<li class=\"s5\"><span class=\"s7\"><span class=\"bumpedFont15\">Shtatto -Fabulous view over Marrakech. Best time at sunset with lounge music and non-alcoholic cocktails and small dishes in the heart of the medina. Very kind an friendly staff. Our prefered place to enjoy sunset: 81, Derb Nkhal<\/span><\/span><span class=\"s7\"><span class=\"bumpedFont15\">\u060c\u00a0<\/span><\/span><span class=\"s7\"><span class=\"bumpedFont15\">Rahba Lakdima, Marrakesh 40030 Phone: 05243-75538.<\/span><\/span><\/li>\n<li class=\"s5\"><span class=\"s7\"><span class=\"bumpedFont15\">Gelateria Dino, best ice cream in Marrakech, not inferior to Italian ice cream! Av. Mohammed V, Marrakech 40000 Phone: +2125244-39888<\/span><\/span><\/li>\n<li class=\"s5\"><span class=\"s7\"><span class=\"bumpedFont15\">Near Ben Youssuf Kui-Zin: http:\/\/www.kui-zin.com, international, 12, Rue Amsefah, Sidi Abdelaziz .Medina | 12, Rue Amsefah, Sidi Abdelaziz . Medina, Marrakech 40000, +212 653-100088\u00a0<\/span><\/span><\/li>\n<li class=\"s5\"><span class=\"s7\"><span class=\"bumpedFont15\">Rooftop Restaurant Medina Heritage, upscale ambience, international and Moroccan delicacies very aesthetically presented, great non-alcoholic cocktails, with amazing view of the Kotubia Mosque. 58, Angle Rue El Ksour et, Rue Fhal Zefriti, Phone: +212661-268925 Marrakesh 40000<\/span><\/span><\/li>\n<li class=\"s5\"><span class=\"s7\"><span class=\"bumpedFont15\">on the Place: Chez Zaza; nice terrace, Moroccan unobtrusive, inexpensive Bab Ftouh, 4, Marrakesh 40000, +212 673-081716.\u00a0<\/span><\/span><\/li>\n<li class=\"s5\"><span class=\"s7\"><span class=\"bumpedFont15\">Ru Darbachi: Chez Brahim, cheap good: 38 Rue Derb Dabachi | Jama\u00e2 El Fna, Marrakech 40000, +212 650236204.\u00a0<\/span><\/span><\/li>\n<li class=\"s5\"><span class=\"s7\"><span class=\"bumpedFont15\">Al Alfassia restaurant run by women, slightly higher priced 55 Boulevard Zerktouni | Gu\u00e9liz, Marrakech 40000, 0524434060, fantastic Moroccan appetizers. don&#8217;t miss it, very good other moroccan food too, be sure to book before!!!\u00a0<\/span><\/span><\/li>\n<li class=\"s5\"><span class=\"s7\"><span class=\"bumpedFont15\">From the square Jamma el Fna and in a small hidden side alley near the Caf\u00e9 de France you will find the lamb roasters, where the lamb comes out of the clay ovens in the ground (Mechoui) an absolute favorite dish of the Moroccans, best lamb ever!!! Insider Tip. Open the lids of the ovens and take pictures of the lambs cooking on skewers. Buy (price per kilo, weighed and cut in front of you) a little lamb meat (the kilo about 16 euros), which you get on a tray with bread and eat it right away possibly in the alcove behind the oven or have it brought to a nearby restaurant and order a tea with it. It&#8217;s all done by the people at the sales counters. Pay when you go. An archaic dining experience, especially since there have been these clay ovens in this spot for 800 years \u2013 maybe the eldest restaurants of the world.\u00a0<\/span><\/span><\/li>\n<li class=\"s5\"><span class=\"s7\"><span class=\"bumpedFont15\">Then return to Rue Darbachi, the busiest street leading to the most popular Ben Saleh neighborhood. After about 150 m on the right side there is a juice store where you can get for 60 cents the best fruit pulp mix in Morocco, always made very fresh, take &#8220;Panach\u00e9 &#8221; (mixed in layers in a glass).<\/span><\/span><\/li>\n<\/ul>\n<\/div><\/section>\n","protected":false},"excerpt":{"rendered":"","protected":false},"author":3,"featured_media":0,"parent":0,"menu_order":0,"comment_status":"closed","ping_status":"closed","template":"","meta":{"footnotes":""},"class_list":["post-2872","page","type-page","status-publish","hentry"],"_links":{"self":[{"href":"https:\/\/marokko-hautnah.de\/en\/wp-json\/wp\/v2\/pages\/2872","targetHints":{"allow":["GET"]}}],"collection":[{"href":"https:\/\/marokko-hautnah.de\/en\/wp-json\/wp\/v2\/pages"}],"about":[{"href":"https:\/\/marokko-hautnah.de\/en\/wp-json\/wp\/v2\/types\/page"}],"author":[{"embeddable":true,"href":"https:\/\/marokko-hautnah.de\/en\/wp-json\/wp\/v2\/users\/3"}],"replies":[{"embeddable":true,"href":"https:\/\/marokko-hautnah.de\/en\/wp-json\/wp\/v2\/comments?post=2872"}],"version-history":[{"count":4,"href":"https:\/\/marokko-hautnah.de\/en\/wp-json\/wp\/v2\/pages\/2872\/revisions"}],"predecessor-version":[{"id":3729,"href":"https:\/\/marokko-hautnah.de\/en\/wp-json\/wp\/v2\/pages\/2872\/revisions\/3729"}],"wp:attachment":[{"href":"https:\/\/marokko-hautnah.de\/en\/wp-json\/wp\/v2\/media?parent=2872"}],"curies":[{"name":"wp","href":"https:\/\/api.w.org\/{rel}","templated":true}]}}