{"id":2810,"date":"2015-06-14T15:53:13","date_gmt":"2015-06-14T13:53:13","guid":{"rendered":"https:\/\/marokko-hautnah.de\/willkommen\/"},"modified":"2022-11-23T14:40:56","modified_gmt":"2022-11-23T13:40:56","slug":"willkommen","status":"publish","type":"page","link":"https:\/\/marokko-hautnah.de\/fr\/","title":{"rendered":"Bienvenue"},"content":{"rendered":"<div id='full_slider_1'  class='avia-fullwidth-slider main_color avia-shadow   avia-builder-el-0  el_before_av_textblock  avia-builder-el-first   container_wrap sidebar_right'  ><div  class='avia-slideshow av-l8x3fzx6-3600ebfc99248f85cb7fbee18b42359d avia-slideshow-featured av_slideshow_full avia-slide-slider av-slideshow-ui av-control-default av-nav-arrows-visible av-slideshow-autoplay av-loop-endless av-loop-manual-endless av-default-height-applied   avia-slideshow-1' data-slideshow-options=\"{&quot;animation&quot;:&quot;slide&quot;,&quot;autoplay&quot;:true,&quot;loop_autoplay&quot;:&quot;endless&quot;,&quot;interval&quot;:4,&quot;loop_manual&quot;:&quot;manual-endless&quot;,&quot;autoplay_stopper&quot;:false,&quot;noNavigation&quot;:false,&quot;bg_slider&quot;:false,&quot;keep_padding&quot;:false,&quot;hoverpause&quot;:false,&quot;show_slide_delay&quot;:0}\"  itemprop=\"image\" itemscope=\"itemscope\" itemtype=\"https:\/\/schema.org\/ImageObject\" ><ul class='avia-slideshow-inner ' style='padding-bottom: 33.398821218075%;'><li  class='avia-slideshow-slide av-l8x3fzx6-3600ebfc99248f85cb7fbee18b42359d__0  slide-1 slide-odd'><div data-rel='slideshow-1' class='avia-slide-wrap '   ><div class='av-slideshow-caption av-l8x3fzx6-3600ebfc99248f85cb7fbee18b42359d__0 caption_fullwidth caption_bottom'><div class=\"container caption_container\"><div class=\"slideshow_caption\"><div class=\"slideshow_inner_caption\"><div class=\"slideshow_align_caption\"><h2 class='avia-caption-title '  itemprop=\"name\" >Le Maroc<\/h2><div class='avia-caption-content '  itemprop=\"description\" ><p>sur le vif<\/p>\n<\/div><\/div><\/div><\/div><\/div><\/div><img decoding=\"async\" class=\"wp-image-2436 avia-img-lazy-loading-not-2436\"  src=\"https:\/\/marokko-hautnah.de\/wp-content\/uploads\/2017\/02\/Amidill-Kasbah-1.jpg\" width=\"1018\" height=\"340\" title='Marokko Amidill Kasbah' alt=''  itemprop=\"thumbnailUrl\" srcset=\"https:\/\/marokko-hautnah.de\/wp-content\/uploads\/2017\/02\/Amidill-Kasbah-1.jpg 1018w, https:\/\/marokko-hautnah.de\/wp-content\/uploads\/2017\/02\/Amidill-Kasbah-1-300x100.jpg 300w, https:\/\/marokko-hautnah.de\/wp-content\/uploads\/2017\/02\/Amidill-Kasbah-1-768x257.jpg 768w, https:\/\/marokko-hautnah.de\/wp-content\/uploads\/2017\/02\/Amidill-Kasbah-1-750x250.jpg 750w, https:\/\/marokko-hautnah.de\/wp-content\/uploads\/2017\/02\/Amidill-Kasbah-1-400x134.jpg 400w, https:\/\/marokko-hautnah.de\/wp-content\/uploads\/2017\/02\/Amidill-Kasbah-1-430x144.jpg 430w, https:\/\/marokko-hautnah.de\/wp-content\/uploads\/2017\/02\/Amidill-Kasbah-1-150x50.jpg 150w, https:\/\/marokko-hautnah.de\/wp-content\/uploads\/2017\/02\/Amidill-Kasbah-1-100x33.jpg 100w\" sizes=\"(max-width: 1018px) 100vw, 1018px\" \/><\/div><\/li><li  class='avia-slideshow-slide av-l8x3fzx6-3600ebfc99248f85cb7fbee18b42359d__1  slide-2 slide-even'><div data-rel='slideshow-1' class='avia-slide-wrap '   ><div class='av-slideshow-caption av-l8x3fzx6-3600ebfc99248f85cb7fbee18b42359d__1 caption_fullwidth caption_bottom'><div class=\"container caption_container\"><div class=\"slideshow_caption\"><div class=\"slideshow_inner_caption\"><div class=\"slideshow_align_caption\"><h2 class='avia-caption-title '  itemprop=\"name\" >Marocco<\/h2><div class='avia-caption-content '  itemprop=\"description\" ><p>a close experience<\/p>\n<\/div><\/div><\/div><\/div><\/div><\/div><img decoding=\"async\" class=\"wp-image-3227 avia-img-lazy-loading-not-3227\"  src=\"https:\/\/marokko-hautnah.de\/wp-content\/uploads\/2022\/11\/slider-05-1024x430.jpg\" width=\"1024\" height=\"430\" title='slider-05' alt=''  itemprop=\"thumbnailUrl\"   \/><\/div><\/li><li  class='avia-slideshow-slide av-l8x3fzx6-3600ebfc99248f85cb7fbee18b42359d__2  slide-3 slide-odd'><div data-rel='slideshow-1' class='avia-slide-wrap '   ><div class='av-slideshow-caption av-l8x3fzx6-3600ebfc99248f85cb7fbee18b42359d__2 caption_fullwidth caption_bottom'><div class=\"container caption_container\"><div class=\"slideshow_caption\"><div class=\"slideshow_inner_caption\"><div class=\"slideshow_align_caption\"><h2 class='avia-caption-title '  itemprop=\"name\" >Marokko hautnah<\/h2><div class='avia-caption-content '  itemprop=\"description\" ><p>individuell reisen<\/p>\n<\/div><\/div><\/div><\/div><\/div><\/div><img decoding=\"async\" class=\"wp-image-3215 avia-img-lazy-loading-not-3215\"  src=\"https:\/\/marokko-hautnah.de\/wp-content\/uploads\/2022\/11\/slider-01-1024x430.jpg\" width=\"1024\" height=\"430\" title='slider-01' alt=''  itemprop=\"thumbnailUrl\"   \/><\/div><\/li><li  class='avia-slideshow-slide av-l8x3fzx6-3600ebfc99248f85cb7fbee18b42359d__3  slide-4 slide-even'><div data-rel='slideshow-1' class='avia-slide-wrap '   ><div class='av-slideshow-caption av-l8x3fzx6-3600ebfc99248f85cb7fbee18b42359d__3 caption_fullwidth caption_bottom'><div class=\"container caption_container\"><div class=\"slideshow_caption\"><div class=\"slideshow_inner_caption\"><div class=\"slideshow_align_caption\"><h2 class='avia-caption-title '  itemprop=\"name\" >Le Maroc<\/h2><div class='avia-caption-content '  itemprop=\"description\" ><p>sur le vif<\/p>\n<\/div><\/div><\/div><\/div><\/div><\/div><img decoding=\"async\" class=\"wp-image-3218 avia-img-lazy-loading-not-3218\"  src=\"https:\/\/marokko-hautnah.de\/wp-content\/uploads\/2022\/11\/slider-02-1024x430.jpg\" width=\"1024\" height=\"430\" title='slider-02' alt=''  itemprop=\"thumbnailUrl\"   \/><\/div><\/li><li  class='avia-slideshow-slide av-l8x3fzx6-3600ebfc99248f85cb7fbee18b42359d__4  slide-5 slide-odd'><div data-rel='slideshow-1' class='avia-slide-wrap '   ><div class='av-slideshow-caption av-l8x3fzx6-3600ebfc99248f85cb7fbee18b42359d__4 caption_fullwidth caption_bottom'><div class=\"container caption_container\"><div class=\"slideshow_caption\"><div class=\"slideshow_inner_caption\"><div class=\"slideshow_align_caption\"><h2 class='avia-caption-title '  itemprop=\"name\" >Marokko hautnah<\/h2><div class='avia-caption-content '  itemprop=\"description\" ><p>individuell reisen<\/p>\n<\/div><\/div><\/div><\/div><\/div><\/div><img decoding=\"async\" class=\"wp-image-3221 avia-img-lazy-loading-not-3221\"  src=\"https:\/\/marokko-hautnah.de\/wp-content\/uploads\/2022\/11\/slider-03-1024x430.jpg\" width=\"1024\" height=\"430\" title='slider-03' alt=''  itemprop=\"thumbnailUrl\"   \/><\/div><\/li><li  class='avia-slideshow-slide av-l8x3fzx6-3600ebfc99248f85cb7fbee18b42359d__5  slide-6 slide-even'><div data-rel='slideshow-1' class='avia-slide-wrap '   ><div class='av-slideshow-caption av-l8x3fzx6-3600ebfc99248f85cb7fbee18b42359d__5 caption_fullwidth caption_bottom'><div class=\"container caption_container\"><div class=\"slideshow_caption\"><div class=\"slideshow_inner_caption\"><div class=\"slideshow_align_caption\"><h2 class='avia-caption-title '  itemprop=\"name\" >Le Maroc<\/h2><div class='avia-caption-content '  itemprop=\"description\" ><p>sur le vif<\/p>\n<\/div><\/div><\/div><\/div><\/div><\/div><img decoding=\"async\" class=\"wp-image-3224 avia-img-lazy-loading-not-3224\"  src=\"https:\/\/marokko-hautnah.de\/wp-content\/uploads\/2022\/11\/slider-04-1024x430.jpg\" width=\"1024\" height=\"430\" title='slider-04' alt=''  itemprop=\"thumbnailUrl\"   \/><\/div><\/li><li  class='avia-slideshow-slide av-l8x3fzx6-3600ebfc99248f85cb7fbee18b42359d__6  slide-7 slide-odd'><div data-rel='slideshow-1' class='avia-slide-wrap '   ><div class='av-slideshow-caption av-l8x3fzx6-3600ebfc99248f85cb7fbee18b42359d__6 caption_fullwidth caption_bottom'><div class=\"container caption_container\"><div class=\"slideshow_caption\"><div class=\"slideshow_inner_caption\"><div class=\"slideshow_align_caption\"><h2 class='avia-caption-title '  itemprop=\"name\" >Marocco<\/h2><div class='avia-caption-content '  itemprop=\"description\" ><p>a close experience<\/p>\n<\/div><\/div><\/div><\/div><\/div><\/div><img decoding=\"async\" class=\"wp-image-3230 avia-img-lazy-loading-not-3230\"  src=\"https:\/\/marokko-hautnah.de\/wp-content\/uploads\/2022\/11\/slider-06-1024x430.jpg\" width=\"1024\" height=\"430\" title='slider-06' alt=''  itemprop=\"thumbnailUrl\"   \/><\/div><\/li><li  class='avia-slideshow-slide av-l8x3fzx6-3600ebfc99248f85cb7fbee18b42359d__7  slide-8 slide-even'><div data-rel='slideshow-1' class='avia-slide-wrap '   ><div class='av-slideshow-caption av-l8x3fzx6-3600ebfc99248f85cb7fbee18b42359d__7 caption_fullwidth caption_bottom'><div class=\"container caption_container\"><div class=\"slideshow_caption\"><div class=\"slideshow_inner_caption\"><div class=\"slideshow_align_caption\"><h2 class='avia-caption-title '  itemprop=\"name\" >Marokko hautnah<\/h2><div class='avia-caption-content '  itemprop=\"description\" ><p>individuell reisen<\/p>\n<\/div><\/div><\/div><\/div><\/div><\/div><img decoding=\"async\" class=\"wp-image-3234 avia-img-lazy-loading-not-3234\"  src=\"https:\/\/marokko-hautnah.de\/wp-content\/uploads\/2022\/11\/slider-07-1024x430.jpg\" width=\"1024\" height=\"430\" title='slider-07' alt=''  itemprop=\"thumbnailUrl\"   \/><\/div><\/li><\/ul><div class='avia-slideshow-arrows avia-slideshow-controls' ><a href='#prev' class='prev-slide ' aria-hidden='true' data-av_icon='\ue87c' data-av_iconfont='entypo-fontello'  tabindex='-1'>Pr\u00e9c\u00e9dent<\/a><a href='#next' class='next-slide ' aria-hidden='true' data-av_icon='\ue87d' data-av_iconfont='entypo-fontello'  tabindex='-1'>Suivant<\/a><\/div><div class='avia-slideshow-dots avia-slideshow-controls'><a href='#1' class='goto-slide active' >1<\/a><a href='#2' class='goto-slide ' >2<\/a><a href='#3' class='goto-slide ' >3<\/a><a href='#4' class='goto-slide ' >4<\/a><a href='#5' class='goto-slide ' >5<\/a><a href='#6' class='goto-slide ' >6<\/a><a href='#7' class='goto-slide ' >7<\/a><a href='#8' class='goto-slide ' >8<\/a><\/div><\/div><\/div><div id='after_full_slider_1'  class='main_color av_default_container_wrap container_wrap sidebar_right'  ><div class='container av-section-cont-open' ><div class='template-page content  av-content-small alpha units'><div class='post-entry post-entry-type-page post-entry-2810'><div class='entry-content-wrapper clearfix'>\n<section  class='av_textblock_section av-1dyb7-3ad5da6e070480b74c880eef70736a6d'  itemscope=\"itemscope\" itemtype=\"https:\/\/schema.org\/CreativeWork\" ><div class='avia_textblock'  itemprop=\"text\" ><p><strong>Le Maroc sur le vif<\/strong><\/p>\n<p>Le Maroc, c est un pays merveilleux et avant tout un pays bien s\u00e9curis\u00e9. Nous avons ici un r\u00e9seau immense et beaucoup des relations amicales avec des personnes gentilles et honn\u00eates.<\/p>\n<p>La Maroc sur le vif &#8211; \u00e7a veut dire que nous d\u00e9sirons partager notre enthousiasme pour ce pays avec les visiteurs de ce site ainsi que les et nos informations pour initi\u00e9s.<\/p>\n<p>Le pays et ses habitants sont trop pr\u00e9cieux pour juste une visite de quelques jours qui ne montre qu\u00b4un surface color\u00e9 et exotique et laisse les grands tr\u00e9sors humaines et culturelles bien larv\u00e9s.<\/p>\n<p>C\u00b4 est pour cela que ce site s adresse a des gens qui sont pr\u00eats a se pencher intensement avec ce pays, son peuple, sa culture, politique et ses coutumes et traditions.<\/p>\n<p>Nous offrons apart du conseil individuel et planning des circuits individuels pour les voyageurs aussi des circuits pour des petits groupes loin des chemins touristiques, des workshops et des chambres avec tout comfort dans notre ancien riad bien renouv\u00e9 et du pur du style oriental au coeur de la Medina de Marrakech.<\/p>\n<p>Nous vous souhaitons bien du plaisir lors de votre \u201evoyage\u201c virtuel dans notre site. Laissez vous inspirer!<\/p>\n<p>Cordialement<\/p>\n<p>Michael Gentschy<\/p>\n<\/div><\/section>\n","protected":false},"excerpt":{"rendered":"","protected":false},"author":3,"featured_media":0,"parent":0,"menu_order":0,"comment_status":"closed","ping_status":"closed","template":"","meta":{"footnotes":""},"class_list":["post-2810","page","type-page","status-publish","hentry"],"_links":{"self":[{"href":"https:\/\/marokko-hautnah.de\/fr\/wp-json\/wp\/v2\/pages\/2810","targetHints":{"allow":["GET"]}}],"collection":[{"href":"https:\/\/marokko-hautnah.de\/fr\/wp-json\/wp\/v2\/pages"}],"about":[{"href":"https:\/\/marokko-hautnah.de\/fr\/wp-json\/wp\/v2\/types\/page"}],"author":[{"embeddable":true,"href":"https:\/\/marokko-hautnah.de\/fr\/wp-json\/wp\/v2\/users\/3"}],"replies":[{"embeddable":true,"href":"https:\/\/marokko-hautnah.de\/fr\/wp-json\/wp\/v2\/comments?post=2810"}],"version-history":[{"count":2,"href":"https:\/\/marokko-hautnah.de\/fr\/wp-json\/wp\/v2\/pages\/2810\/revisions"}],"predecessor-version":[{"id":3390,"href":"https:\/\/marokko-hautnah.de\/fr\/wp-json\/wp\/v2\/pages\/2810\/revisions\/3390"}],"wp:attachment":[{"href":"https:\/\/marokko-hautnah.de\/fr\/wp-json\/wp\/v2\/media?parent=2810"}],"curies":[{"name":"wp","href":"https:\/\/api.w.org\/{rel}","templated":true}]}}