{"id":2849,"date":"2017-09-13T16:27:42","date_gmt":"2017-09-13T14:27:42","guid":{"rendered":"https:\/\/marokko-hautnah.de\/anreise\/"},"modified":"2022-11-23T17:18:53","modified_gmt":"2022-11-23T16:18:53","slug":"anreise","status":"publish","type":"page","link":"https:\/\/marokko-hautnah.de\/fr\/anreise\/","title":{"rendered":"Arriv\u00e9e"},"content":{"rendered":"<section  class='av_textblock_section av-23x06d-8d0f971dd9a7aab072a102d5bc456c14'  itemscope=\"itemscope\" itemtype=\"https:\/\/schema.org\/CreativeWork\" ><div class='avia_textblock'  itemprop=\"text\" ><p>Sur google maps vous nous trouvez par le <a href=\"https:\/\/goo.gl\/maps\/ifzFV3ADwmQ3irAEA\" target=\"_blank\" rel=\"noopener\">lien suivant<\/a>.<\/p>\n<div id=\"wpgmza_map\" class=\"wpgmza_map\" data-settings='{\"id\":\"1\",\"map_title\":\"Riad Mich\\u00e9l\",\"map_width\":\"100\",\"map_height\":\"400\",\"map_start_lat\":\"31.629665\",\"map_start_lng\":\"-7.984206\",\"map_start_location\":\"31.629665410880076,-7.9842062122573765\",\"map_start_zoom\":\"17\",\"default_marker\":\"0\",\"type\":\"1\",\"alignment\":\"1\",\"directions_enabled\":\"1\",\"styling_enabled\":\"0\",\"styling_json\":\"\",\"active\":\"0\",\"kml\":\"\",\"bicycle\":\"0\",\"traffic\":\"0\",\"dbox\":\"1\",\"dbox_width\":\"100\",\"listmarkers\":\"0\",\"listmarkers_advanced\":\"0\",\"filterbycat\":\"0\",\"ugm_enabled\":\"0\",\"ugm_category_enabled\":\"0\",\"fusion\":\"\",\"map_width_type\":\"\\\\%\",\"map_height_type\":\"px\",\"mass_marker_support\":\"1\",\"ugm_access\":\"0\",\"order_markers_by\":\"1\",\"order_markers_choice\":\"2\",\"show_user_location\":\"0\",\"default_to\":\"\",\"other_settings\":{\"store_locator_enabled\":2,\"store_locator_distance\":2,\"store_locator_default_radius\":\"10\",\"store_locator_not_found_message\":\"No results found in this location. Please try again.\",\"store_locator_bounce\":1,\"store_locator_query_string\":\"PLZ \\\/ Adresse:\",\"store_locator_default_address\":\"\",\"wpgmza_store_locator_restrict\":\"\",\"map_max_zoom\":\"10\",\"transport_layer\":0,\"wpgmza_theme_data\":\"[{\\\\\\\"featureType\\\\\\\":\\\\\\\"administrative\\\\\\\",\\\\\\\"elementType\\\\\\\":\\\\\\\"all\\\\\\\",\\\\\\\"stylers\\\\\\\":[{\\\\\\\"visibility\\\\\\\":\\\\\\\"on\\\\\\\"},{\\\\\\\"lightness\\\\\\\":33}]},{\\\\\\\"featureType\\\\\\\":\\\\\\\"landscape\\\\\\\",\\\\\\\"elementType\\\\\\\":\\\\\\\"all\\\\\\\",\\\\\\\"stylers\\\\\\\":[{\\\\\\\"color\\\\\\\":\\\\\\\"#f2e5d4\\\\\\\"}]},{\\\\\\\"featureType\\\\\\\":\\\\\\\"poi.park\\\\\\\",\\\\\\\"elementType\\\\\\\":\\\\\\\"geometry\\\\\\\",\\\\\\\"stylers\\\\\\\":[{\\\\\\\"color\\\\\\\":\\\\\\\"#c5dac6\\\\\\\"}]},{\\\\\\\"featureType\\\\\\\":\\\\\\\"poi.park\\\\\\\",\\\\\\\"elementType\\\\\\\":\\\\\\\"labels\\\\\\\",\\\\\\\"stylers\\\\\\\":[{\\\\\\\"visibility\\\\\\\":\\\\\\\"on\\\\\\\"},{\\\\\\\"lightness\\\\\\\":20}]},{\\\\\\\"featureType\\\\\\\":\\\\\\\"road\\\\\\\",\\\\\\\"elementType\\\\\\\":\\\\\\\"all\\\\\\\",\\\\\\\"stylers\\\\\\\":[{\\\\\\\"lightness\\\\\\\":20}]},{\\\\\\\"featureType\\\\\\\":\\\\\\\"road.highway\\\\\\\",\\\\\\\"elementType\\\\\\\":\\\\\\\"geometry\\\\\\\",\\\\\\\"stylers\\\\\\\":[{\\\\\\\"color\\\\\\\":\\\\\\\"#c5c6c6\\\\\\\"}]},{\\\\\\\"featureType\\\\\\\":\\\\\\\"road.arterial\\\\\\\",\\\\\\\"elementType\\\\\\\":\\\\\\\"geometry\\\\\\\",\\\\\\\"stylers\\\\\\\":[{\\\\\\\"color\\\\\\\":\\\\\\\"#e4d7c6\\\\\\\"}]},{\\\\\\\"featureType\\\\\\\":\\\\\\\"road.local\\\\\\\",\\\\\\\"elementType\\\\\\\":\\\\\\\"geometry\\\\\\\",\\\\\\\"stylers\\\\\\\":[{\\\\\\\"color\\\\\\\":\\\\\\\"#fbfaf7\\\\\\\"}]},{\\\\\\\"featureType\\\\\\\":\\\\\\\"water\\\\\\\",\\\\\\\"elementType\\\\\\\":\\\\\\\"all\\\\\\\",\\\\\\\"stylers\\\\\\\":[{\\\\\\\"visibility\\\\\\\":\\\\\\\"on\\\\\\\"},{\\\\\\\"color\\\\\\\":\\\\\\\"#acbcc9\\\\\\\"}]}]\",\"wpgmza_theme_selection\":4,\"wpgmza_show_points_of_interest\":1}}' data-map-id='1' Data-maps-engine='' data-shortcode-attributes='{\"id\":\"1\"}' style=\"display:block; overflow:auto; width:100%; height:400px; float:left;\"><\/div>\n<p>Riad Marrakech<\/p>\n<p>A l\u00b4aeroport on va vous demander de remplir une fiche d\u00b4immigration. La on vous demande votre adresse au Maroc. \u00e9crivez: Riad Michel, Derb el Cadi 134, Quartier Azbezt, Medina Marrakech.<\/p>\n<p>Si vous essayez de trouver notre maison vous meme, vous allez a la Place Jemaa El Fna devant le caf\u00e9 de France. Vous le laissez a votre droite, continuez tout dorit et prennez la deuxi\u00e8me rue a droite (Derb Darbachi), avancez 70 m et dans un passage couvert vous prennez le premier passage a gauche, vers la Place des \u00c9pices (Rhaba Khedima). Vous laissez cette place a votre gauche (n\u00b4 entrez pas), continuez le passage tout droit ou il y a la pluspart des pietons, et apr\u00e8s un virage a droite et un a gauche, allez tout droit , traversez le marche des fruits et legumes (march\u00e9 Azbezt) et a la fin du march\u00e9 vous trouvez la rue Azbezt et un indicatuer a droite (\u00ab\u00a0mus\u00e9e Boucharouite\u00a0\u00bb). Prenez a droite, continuez 120 m jusqu a la petite mosquee a votre gauche et en face de la mosquee vous prennez a droite le Derb el Cadi (suivez l indicateur :\u00a0\u00bbMusee Boucharouite\u00a0\u00bb). Apres 15 metres prennez la premi\u00e8re ruelle a gauche et apr\u00e8s deux coins vous trouvez notre Riad au fin de la petite ruelle: Derb El Cadi 134.<\/p>\n<p><strong>Le num\u00e9ro fix du riad est +212 612 598 900<\/strong><br \/>\n<strong> ou Lucien, mon G\u00e9rant, mobil: +212 632-124915.<\/strong><\/p>\n<p><strong>contact proprietaire Michel: +49 15118207270<\/strong><br \/>\n<strong> email: <a href=\"mailto:info@marokko-hautnah.de\">info@marokko-hautnah.de<\/a><br \/>\n<\/strong><\/p>\n<p>Comme la maison n\u00b4est pas facil a trouver (autant qu elle est situ\u00e9e dans un quartier tr\u00e8s secoure) je vous propose d\u00b4 arranger le transfert de l a\u00e9roport ou de la gare des trains ou autobus pour vous avec un chauffeur de notre confidence qui connait bien notre maison. Il peut vous attendre a l aeroport avec une fiche \u00ab\u00a0RIAD MICHEL\u00a0\u00bb. Le tarif est 15 euros. Si vous le voulez, il fault nous donner !! le numero du vol, !! l\u00b4 aeroport de depart !! et l` heure d` arriv\u00e9e a Marrakech.<\/p>\n<p>Notre maison est tr\u00e8s securis\u00e9 et m\u00eame surveill\u00e9e par vid\u00e9o. N\u00e9anmoins, nous vous demandons des raisons de responsabilit\u00e9 de ne pas laisser d&rsquo;objets de valeur dans les chambres. Cependant, vous pouvez nous donner des objets de valeur et des passeports pour un stockage s\u00e9curis\u00e9 dans notre coffre-fort.<\/p>\n<\/div><\/section>\n","protected":false},"excerpt":{"rendered":"","protected":false},"author":3,"featured_media":0,"parent":0,"menu_order":0,"comment_status":"open","ping_status":"open","template":"","meta":{"footnotes":""},"class_list":["post-2849","page","type-page","status-publish","hentry"],"_links":{"self":[{"href":"https:\/\/marokko-hautnah.de\/fr\/wp-json\/wp\/v2\/pages\/2849","targetHints":{"allow":["GET"]}}],"collection":[{"href":"https:\/\/marokko-hautnah.de\/fr\/wp-json\/wp\/v2\/pages"}],"about":[{"href":"https:\/\/marokko-hautnah.de\/fr\/wp-json\/wp\/v2\/types\/page"}],"author":[{"embeddable":true,"href":"https:\/\/marokko-hautnah.de\/fr\/wp-json\/wp\/v2\/users\/3"}],"replies":[{"embeddable":true,"href":"https:\/\/marokko-hautnah.de\/fr\/wp-json\/wp\/v2\/comments?post=2849"}],"version-history":[{"count":6,"href":"https:\/\/marokko-hautnah.de\/fr\/wp-json\/wp\/v2\/pages\/2849\/revisions"}],"predecessor-version":[{"id":3400,"href":"https:\/\/marokko-hautnah.de\/fr\/wp-json\/wp\/v2\/pages\/2849\/revisions\/3400"}],"wp:attachment":[{"href":"https:\/\/marokko-hautnah.de\/fr\/wp-json\/wp\/v2\/media?parent=2849"}],"curies":[{"name":"wp","href":"https:\/\/api.w.org\/{rel}","templated":true}]}}