{"id":2853,"date":"2017-03-20T09:31:23","date_gmt":"2017-03-20T08:31:23","guid":{"rendered":"https:\/\/marokko-hautnah.de\/testimonials-deutsch\/"},"modified":"2022-11-09T21:20:47","modified_gmt":"2022-11-09T20:20:47","slug":"testimonials-deutsch","status":"publish","type":"page","link":"https:\/\/marokko-hautnah.de\/fr\/testimonials-deutsch\/","title":{"rendered":"\u00c9valuation Fran\u00e7ais"},"content":{"rendered":"\t<div class=\"wtwp-testimonials-slider-wrp wptww-clearfix \" data-conf=\"{&quot;slides_column&quot;:1,&quot;slides_scroll&quot;:1,&quot;dots&quot;:&quot;true&quot;,&quot;arrows&quot;:&quot;true&quot;,&quot;autoplay&quot;:&quot;true&quot;,&quot;autoplay_interval&quot;:3000,&quot;rtl&quot;:&quot;false&quot;,&quot;speed&quot;:300,&quot;adaptive_height&quot;:&quot;false&quot;}\">\n\t\t<div id=\"wptww-testimonials-slidelist-1\" class=\"wptww-testimonials-slidelist design-1\">\n\t\t<div class=\"wptww-quote\">\r\n\t<div class=\"wptww-testimonial-left\">\r\n\t\t\t\t\t<div class=\"wptww-avtar-image\"><img loading=\"lazy\" decoding=\"async\" width=\"100\" height=\"100\" src=\"https:\/\/marokko-hautnah.de\/wp-content\/uploads\/2017\/02\/marokko-logo-100x100.png\" class=\"wp-image-886 avia-img-lazy-loading-886 wptww-circle wp-post-image\" alt=\"Marokko hautnah - Marokko Logo\" srcset=\"https:\/\/marokko-hautnah.de\/wp-content\/uploads\/2017\/02\/marokko-logo-100x100.png 100w, https:\/\/marokko-hautnah.de\/wp-content\/uploads\/2017\/02\/marokko-logo-150x150.png 150w, https:\/\/marokko-hautnah.de\/wp-content\/uploads\/2017\/02\/marokko-logo-300x300.png 300w, https:\/\/marokko-hautnah.de\/wp-content\/uploads\/2017\/02\/marokko-logo-400x400.png 400w, https:\/\/marokko-hautnah.de\/wp-content\/uploads\/2017\/02\/marokko-logo-430x430.png 430w, https:\/\/marokko-hautnah.de\/wp-content\/uploads\/2017\/02\/marokko-logo.png 500w\" sizes=\"auto, (max-width: 100px) 100vw, 100px\" \/><\/div>\r\n\t\t\t<\/div>\r\n\t<div class=\"wptww-testimonial-content\">\r\n\t\t<i class=\"fa fa-quote-left\"><\/i>\r\n\t\t<h4>R\u00e9actions\/pens\u00e9es sur le voyage au Maroc en octobre 2023 avec Michael Gentschy<\/h4>\r\n\t\t<div class=\"wptww-testimonials-text\">\r\n\t\t\t<p>\r\n\t\t\t\t <em> En fait, je voulais d\u00e9j\u00e0 m'inscrire \u00e0 ce voyage en 2020, mais comme chacun sait, Corona s'est interpos\u00e9e. Puis, entre temps, l'id\u00e9e n'\u00e9tait pas au premier plan. Mais fin 2022, l'envie de d\u00e9couvrir le Maroc est revenue. Et peu de temps apr\u00e8s, j'ai re\u00e7u la newsletter de Michael Mountainfloat avec le programme du voyage au Maroc.\r\nOctobre \u00e9tait la p\u00e9riode la plus propice pour moi, alors je me suis tout de suite inscrit.\r\nJe suis tr\u00e8s contente d'avoir r\u00e9serv\u00e9 le voyage avec Michael. Le tourisme de masse ne m'attire pas (nous \u00e9tions trois participants au voyage).\r\nIl \u00e9tait important pour moi de d\u00e9couvrir le pays et ses habitants de la mani\u00e8re la plus authentique possible. Et j'y suis parvenue \u00e0 cent pour cent avec l'aide de Michael. Je n'oublierai jamais les nombreuses rencontres chaleureuses et profond\u00e9ment \u00e9mouvantes avec des gens merveilleux. Les paysages compl\u00e8tement diff\u00e9rents du Maroc (j'ai arr\u00eat\u00e9 de compter \u00e0 vingt) m'ont constamment \u00e9merveill\u00e9e.\r\n\r\nL'encadrement de Michael pendant le voyage \u00e9tait excellent. Nous savions toujours ce qu'il y avait ensuite au programme, mais nous avions aussi la possibilit\u00e9 de nous en \u00e9carter individuellement si nous le souhaitions.\r\nLorsque nous \u00e9tions \u00e0 pied ou dans sa voiture, nous avons profit\u00e9 de l'immense connaissance de Michael sur l'histoire du Maroc, les traditions et le contexte de l\u2019islam.\r\nCe voyage a donc \u00e9t\u00e9 pour moi un m\u00e9lange formidable, mais aussi fatigant, de vacances culturelles, de d\u00e9couverte et de randonn\u00e9e. Et gr\u00e2ce aux derniers jours sur la c\u00f4te, ce fut aussi un petit s\u00e9jour de d\u00e9tente.\r\n\r\nIl y a aussi eu une phase o\u00f9 la pauvret\u00e9, la grande s\u00e9cheresse, les d\u00e9chets et les nombreuses ruines mena\u00e7aient de plomber mon humeur. Mais l'enthousiasme de Michael pour le pays et ses habitants a \u00e9t\u00e9 si contagieux que cette phase a vite pass\u00e9 et que j'ai pu \u00e0 nouveau percevoir les beaut\u00e9s et les particularit\u00e9s du pays.\r\n\r\nCher Michael, merci, merci, merci pour ce merveilleux voyage avec toi, qui nous a permis d'\u00e9largir nos horizons. Il occupera \u00e0 jamais une place particuli\u00e8re dans mes souvenirs.\r\n\r\nSalutations cordiales\r\nBernhard <\/em> \t\t\t<\/p>\r\n\t\t<\/div>\r\n\t<\/div>\r\n\t<\/div><div class=\"wptww-quote\">\r\n\t<div class=\"wptww-testimonial-left\">\r\n\t\t\t\t\t<div class=\"wptww-avtar-image\"><img loading=\"lazy\" decoding=\"async\" width=\"100\" height=\"100\" src=\"https:\/\/marokko-hautnah.de\/wp-content\/uploads\/2017\/02\/marokko-logo-100x100.png\" class=\"wp-image-886 avia-img-lazy-loading-886 wptww-circle wp-post-image\" alt=\"Marokko hautnah - Marokko Logo\" srcset=\"https:\/\/marokko-hautnah.de\/wp-content\/uploads\/2017\/02\/marokko-logo-100x100.png 100w, https:\/\/marokko-hautnah.de\/wp-content\/uploads\/2017\/02\/marokko-logo-150x150.png 150w, https:\/\/marokko-hautnah.de\/wp-content\/uploads\/2017\/02\/marokko-logo-300x300.png 300w, https:\/\/marokko-hautnah.de\/wp-content\/uploads\/2017\/02\/marokko-logo-400x400.png 400w, https:\/\/marokko-hautnah.de\/wp-content\/uploads\/2017\/02\/marokko-logo-430x430.png 430w, https:\/\/marokko-hautnah.de\/wp-content\/uploads\/2017\/02\/marokko-logo.png 500w\" sizes=\"auto, (max-width: 100px) 100vw, 100px\" \/><\/div>\r\n\t\t\t<\/div>\r\n\t<div class=\"wptww-testimonial-content\">\r\n\t\t<i class=\"fa fa-quote-left\"><\/i>\r\n\t\t<h4>Florence G. en Mai 2016<\/h4>\r\n\t\t<div class=\"wptww-testimonials-text\">\r\n\t\t\t<p>\r\n\t\t\t\t <em> je vous recommande ce riad,nous avons \u00e9t\u00e9 tr\u00e8s bien accueillis,un taxi est venu nous attendre \u00e0 l'a\u00e9roport,l'endroit est calme,le lit confortable,les petits d\u00e9jeuners excellents et michael ,lucien et simo,on \u00e9t\u00e9 tr\u00e9s pr\u00e9venants,extr\u00e8mement gentils ,michael nous a fait visiter la m\u00e9dina les souks ,des endroits typiques que nous n'aurions pas trouv\u00e9s sans lui,si nous retournons \u00e0 marrakech ce sera sans aucune h\u00e9sitation dans ce riad <\/em> \t\t\t<\/p>\r\n\t\t<\/div>\r\n\t<\/div>\r\n\t<\/div><div class=\"wptww-quote\">\r\n\t<div class=\"wptww-testimonial-left\">\r\n\t\t\t\t\t<div class=\"wptww-avtar-image\"><img loading=\"lazy\" decoding=\"async\" width=\"100\" height=\"100\" src=\"https:\/\/marokko-hautnah.de\/wp-content\/uploads\/2017\/02\/marokko-logo-100x100.png\" class=\"wp-image-886 avia-img-lazy-loading-886 wptww-circle wp-post-image\" alt=\"Marokko hautnah - Marokko Logo\" srcset=\"https:\/\/marokko-hautnah.de\/wp-content\/uploads\/2017\/02\/marokko-logo-100x100.png 100w, https:\/\/marokko-hautnah.de\/wp-content\/uploads\/2017\/02\/marokko-logo-150x150.png 150w, https:\/\/marokko-hautnah.de\/wp-content\/uploads\/2017\/02\/marokko-logo-300x300.png 300w, https:\/\/marokko-hautnah.de\/wp-content\/uploads\/2017\/02\/marokko-logo-400x400.png 400w, https:\/\/marokko-hautnah.de\/wp-content\/uploads\/2017\/02\/marokko-logo-430x430.png 430w, https:\/\/marokko-hautnah.de\/wp-content\/uploads\/2017\/02\/marokko-logo.png 500w\" sizes=\"auto, (max-width: 100px) 100vw, 100px\" \/><\/div>\r\n\t\t\t<\/div>\r\n\t<div class=\"wptww-testimonial-content\">\r\n\t\t<i class=\"fa fa-quote-left\"><\/i>\r\n\t\t<h4>Christelle B. en Novembre 2016<\/h4>\r\n\t\t<div class=\"wptww-testimonials-text\">\r\n\t\t\t<p>\r\n\t\t\t\t <em> Mon s\u00e9jour dans ce riad \u00e0 \u00e9t\u00e9 merveilleux, je suis arriv\u00e9 seule et des mon arriv\u00e9e Lucien ma tr\u00e8s bien accueilli et pr\u00e9par\u00e9 un repas d\u00eenatoire. Le riad est tr\u00e8s propre,le lit tr\u00e8s confortable et Lucien un tr\u00e8s bon h\u00f4te, qui est devenu au cour du s\u00e9jour un ami,il m'a tr\u00e8s bien conseill\u00e9, toujours la en cas de besoin et tr\u00e8s (URL HIDDEN) cuisine africaine est tr\u00e8s bonne,il est discret et d'une grande gentillesse...Le taxi que m'avais envoy\u00e9 Michael,ma vraiment servi,car ne connaissant pas le maroc,heureuse qu'il soit venu me chercher,il m'a d\u00e9pos\u00e9 \u00e0 la banque faire le change de mon argent avant d'aller au riad,car je l'ai demand\u00e9 et aucun soucis,le chauffeur est tr\u00e8s sympa.Simo fais parti aussi du riad,\u00e9tant seule il m'a accompagn\u00e9 les deux premiers jours dans ma visite de Marrakech,il a \u00e9t\u00e9 un tr\u00e8s bon guide pour mes excursions,et dans la d\u00e9couverte des souks,de la place,j'ai \u00e9t\u00e9 tr\u00e8s heureuse qu'il m'accompagne,car \u00e9tant seule et ne connaissant pas les lieux,je me suis senti tr\u00e8s rassur\u00e9 a ces c\u00f4t\u00e9 et de bon conseil...ensuite pour la suite de mes ballades,j'ai continu\u00e9 seule,mais gr\u00e2ce \u00e0 Simo, j'\u00e9tais plus en confiance.Simo,est devenu lui aussi un ami,il a beaucoup d'humour,il connait tres bien les lieux ,il vous met en confiance,il est tres agreable .Aucune arnaque, des gens de confiances,je conseille fortement ce riad,tr\u00e8s bien plac\u00e9 et calme,une terasse ensoleill\u00e9 , des oiseaux viennent chant\u00e9s au milieu de ce riad,tr\u00e8s agr\u00e9able.Merci Michael d'avoir r\u00e9pondu \u00e0 toutes mes questions avant de venir dans votre riad,car je lui ai pos\u00e9 de nombreuses questions avant de choisir son riad et il m'a toujour r\u00e9pondu au plus pr\u00e9cis ,et en me rassurant...merci \u00e0 tous je reviendrais au plus vite,vous me manquez,des bisous aux irreparables )) <\/em> \t\t\t<\/p>\r\n\t\t<\/div>\r\n\t<\/div>\r\n\t<\/div><div class=\"wptww-quote\">\r\n\t<div class=\"wptww-testimonial-left\">\r\n\t\t\t\t\t<div class=\"wptww-avtar-image\"><img loading=\"lazy\" decoding=\"async\" width=\"100\" height=\"100\" src=\"https:\/\/marokko-hautnah.de\/wp-content\/uploads\/2017\/02\/marokko-logo-100x100.png\" class=\"wp-image-886 avia-img-lazy-loading-886 wptww-circle wp-post-image\" alt=\"Marokko hautnah - Marokko Logo\" srcset=\"https:\/\/marokko-hautnah.de\/wp-content\/uploads\/2017\/02\/marokko-logo-100x100.png 100w, https:\/\/marokko-hautnah.de\/wp-content\/uploads\/2017\/02\/marokko-logo-150x150.png 150w, https:\/\/marokko-hautnah.de\/wp-content\/uploads\/2017\/02\/marokko-logo-300x300.png 300w, https:\/\/marokko-hautnah.de\/wp-content\/uploads\/2017\/02\/marokko-logo-400x400.png 400w, https:\/\/marokko-hautnah.de\/wp-content\/uploads\/2017\/02\/marokko-logo-430x430.png 430w, https:\/\/marokko-hautnah.de\/wp-content\/uploads\/2017\/02\/marokko-logo.png 500w\" sizes=\"auto, (max-width: 100px) 100vw, 100px\" \/><\/div>\r\n\t\t\t<\/div>\r\n\t<div class=\"wptww-testimonial-content\">\r\n\t\t<i class=\"fa fa-quote-left\"><\/i>\r\n\t\t<h4>Jo Hanna en Novembre 2016<\/h4>\r\n\t\t<div class=\"wptww-testimonials-text\">\r\n\t\t\t<p>\r\n\t\t\t\t <em> Riad authentique \u00e0 seulement quelques minutes \u00e0 pied du centre. Lors de notre arriv\u00e9e, nous avons \u00e9t\u00e9 accueillis par Michael qui nous a fait une introduction compl\u00e8te et en details de Marrakech \u00e0 l'aide d'un plan et nous a montr\u00e9 les meilleurs endroits \u00e0 visiter et les restaurants o\u00f9 manger sans craintes. Il nous a m\u00eame accompagn\u00e9 le premier soir pour nous montrer le chemin pour acc\u00e9der \u00e0 la place et nous avons partag\u00e9 le premier d\u00eener dans un tr\u00e8s bon restaurant. Les chambres sont petites mais tr\u00e8s bien agenc\u00e9es et propres. Si vous partez plusieurs jours en excursion, vous aurez la surprise d'avoir des draps et serviettes propres \u00e0 votre retour et le m\u00e9nage aura \u00e9t\u00e9 fait. Le petit d\u00e9jeuner tr\u00e8s copieux et pr\u00e9par\u00e9 avec soins par Lucien vous fera bien commencer vos journ\u00e9es de visites et de marche \u00e0 travers Marrakech. Lucien et Simon sont toujours de bons conseils et r\u00e9pondent \u00e0 toutes vos questions, nous avons eu l'occasion \u00e0 plusieurs reprises de discuter avec eux. Ce sont des personnes tr\u00e8s sympathiques, qui ont toujours le sourire et vous offriront avec plaisir une collation ou un th\u00e9. N'oubliez surtout pas de profiter de la terrasse agr\u00e9able avec sa vue inoubliable sur Marrakech que ce soit pour le petit-d\u00e9jeuner ou le soir juste pour souffler un peu et se reposer. Je recommande vivement ce riad \u00e0 tous ceux qui cherchent un s\u00e9jour 100% authentique chez l'habitant, vous ne serez certainement pas d\u00e9\u00e7us! \ud83d\ude09 <\/em> \t\t\t<\/p>\r\n\t\t<\/div>\r\n\t<\/div>\r\n\t<\/div><div class=\"wptww-quote\">\r\n\t<div class=\"wptww-testimonial-left\">\r\n\t\t\t\t\t<div class=\"wptww-avtar-image\"><img loading=\"lazy\" decoding=\"async\" width=\"100\" height=\"100\" src=\"https:\/\/marokko-hautnah.de\/wp-content\/uploads\/2017\/02\/marokko-logo-100x100.png\" class=\"wp-image-886 avia-img-lazy-loading-886 wptww-circle wp-post-image\" alt=\"Marokko hautnah - Marokko Logo\" srcset=\"https:\/\/marokko-hautnah.de\/wp-content\/uploads\/2017\/02\/marokko-logo-100x100.png 100w, https:\/\/marokko-hautnah.de\/wp-content\/uploads\/2017\/02\/marokko-logo-150x150.png 150w, https:\/\/marokko-hautnah.de\/wp-content\/uploads\/2017\/02\/marokko-logo-300x300.png 300w, https:\/\/marokko-hautnah.de\/wp-content\/uploads\/2017\/02\/marokko-logo-400x400.png 400w, https:\/\/marokko-hautnah.de\/wp-content\/uploads\/2017\/02\/marokko-logo-430x430.png 430w, https:\/\/marokko-hautnah.de\/wp-content\/uploads\/2017\/02\/marokko-logo.png 500w\" sizes=\"auto, (max-width: 100px) 100vw, 100px\" \/><\/div>\r\n\t\t\t<\/div>\r\n\t<div class=\"wptww-testimonial-content\">\r\n\t\t<i class=\"fa fa-quote-left\"><\/i>\r\n\t\t<h4>Salma S. en Janvier 2017<\/h4>\r\n\t\t<div class=\"wptww-testimonials-text\">\r\n\t\t\t<p>\r\n\t\t\t\t <em> Tr\u00e8s bonne exp\u00e9rience Tr\u00e8s joli Riad, accueil chaleureux! Petit go\u00fbter d'accueil tr\u00e8s copieux ! Tr\u00e8s bien plac\u00e9! Chambre neuve, propre, confortable, a\u00e9r\u00e9e !!! Bon rapport qualit\u00e9 prix <\/em> \t\t\t<\/p>\r\n\t\t<\/div>\r\n\t<\/div>\r\n\t<\/div><div class=\"wptww-quote\">\r\n\t<div class=\"wptww-testimonial-left\">\r\n\t\t\t\t\t<div class=\"wptww-avtar-image\"><img loading=\"lazy\" decoding=\"async\" width=\"100\" height=\"100\" src=\"https:\/\/marokko-hautnah.de\/wp-content\/uploads\/2017\/02\/marokko-logo-100x100.png\" class=\"wp-image-886 avia-img-lazy-loading-886 wptww-circle wp-post-image\" alt=\"Marokko hautnah - Marokko Logo\" srcset=\"https:\/\/marokko-hautnah.de\/wp-content\/uploads\/2017\/02\/marokko-logo-100x100.png 100w, https:\/\/marokko-hautnah.de\/wp-content\/uploads\/2017\/02\/marokko-logo-150x150.png 150w, https:\/\/marokko-hautnah.de\/wp-content\/uploads\/2017\/02\/marokko-logo-300x300.png 300w, https:\/\/marokko-hautnah.de\/wp-content\/uploads\/2017\/02\/marokko-logo-400x400.png 400w, https:\/\/marokko-hautnah.de\/wp-content\/uploads\/2017\/02\/marokko-logo-430x430.png 430w, https:\/\/marokko-hautnah.de\/wp-content\/uploads\/2017\/02\/marokko-logo.png 500w\" sizes=\"auto, (max-width: 100px) 100vw, 100px\" \/><\/div>\r\n\t\t\t<\/div>\r\n\t<div class=\"wptww-testimonial-content\">\r\n\t\t<i class=\"fa fa-quote-left\"><\/i>\r\n\t\t<h4>Christine S. en Janvier 2017<\/h4>\r\n\t\t<div class=\"wptww-testimonials-text\">\r\n\t\t\t<p>\r\n\t\t\t\t <em> Au fond d'un Derb (ruelle), au calme, le Riad de Michael s'inscrit parfaitement dans le patrimoine d'h\u00e9bergement de Marrakech. Rien ne manque : l'accueil chaleureux autour du th\u00e9 \u00e0 la menthe, le patio rafra\u00eechissant, les chambres bien \u00e9quip\u00e9es le long des coursives, la terrasse ensoleill\u00e9e, les petits d\u00e9jeuners complets servis avec la discr\u00e9tion mais l'efficacit\u00e9 de Lucien, le responsable ; sans oublier la disponibilit\u00e9 de Michael m\u00eame \u00e0 distance. <\/em> \t\t\t<\/p>\r\n\t\t<\/div>\r\n\t<\/div>\r\n\t<\/div><div class=\"wptww-quote\">\r\n\t<div class=\"wptww-testimonial-left\">\r\n\t\t\t\t\t<div class=\"wptww-avtar-image\"><img loading=\"lazy\" decoding=\"async\" width=\"100\" height=\"100\" src=\"https:\/\/marokko-hautnah.de\/wp-content\/uploads\/2017\/02\/marokko-logo-100x100.png\" class=\"wp-image-886 avia-img-lazy-loading-886 wptww-circle wp-post-image\" alt=\"Marokko hautnah - Marokko Logo\" srcset=\"https:\/\/marokko-hautnah.de\/wp-content\/uploads\/2017\/02\/marokko-logo-100x100.png 100w, https:\/\/marokko-hautnah.de\/wp-content\/uploads\/2017\/02\/marokko-logo-150x150.png 150w, https:\/\/marokko-hautnah.de\/wp-content\/uploads\/2017\/02\/marokko-logo-300x300.png 300w, https:\/\/marokko-hautnah.de\/wp-content\/uploads\/2017\/02\/marokko-logo-400x400.png 400w, https:\/\/marokko-hautnah.de\/wp-content\/uploads\/2017\/02\/marokko-logo-430x430.png 430w, https:\/\/marokko-hautnah.de\/wp-content\/uploads\/2017\/02\/marokko-logo.png 500w\" sizes=\"auto, (max-width: 100px) 100vw, 100px\" \/><\/div>\r\n\t\t\t<\/div>\r\n\t<div class=\"wptww-testimonial-content\">\r\n\t\t<i class=\"fa fa-quote-left\"><\/i>\r\n\t\t<h4>Vanessa P.  en Janvier 2017<\/h4>\r\n\t\t<div class=\"wptww-testimonials-text\">\r\n\t\t\t<p>\r\n\t\t\t\t <em> Je tiens \u00e0 remercier Michael et Lucien pour m avoir aider \u00e0 rendre le s\u00e9jour de mes parents \u00e0 Marrakech inoubliable. Tous les deux ont \u00e9t\u00e9 des h\u00f4tes remarquables et attentifs. Ils ont toujours r\u00e9pondu \u00e0 nos questions et \u00e0 nos demandes dans des d\u00e9lais tr\u00e8s rapide et ont supervis\u00e9 du d\u00e9but \u00e0 la fin la bonne coordination du s\u00e9jour. Je garde leur Magnifique Riad en point de chute pour mes prochains s\u00e9jours \u00e0 venir \u00e0 Marrakech. Et en plus je leur d\u00e9cerne une m\u00e9daille d or pour le petit d\u00e9jeuner. Merci pour tout les gar\u00e7ons. <\/em> \t\t\t<\/p>\r\n\t\t<\/div>\r\n\t<\/div>\r\n\t<\/div><div class=\"wptww-quote\">\r\n\t<div class=\"wptww-testimonial-left\">\r\n\t\t\t\t\t<div class=\"wptww-avtar-image\"><img loading=\"lazy\" decoding=\"async\" width=\"100\" height=\"100\" src=\"https:\/\/marokko-hautnah.de\/wp-content\/uploads\/2017\/02\/marokko-logo-100x100.png\" class=\"wp-image-886 avia-img-lazy-loading-886 wptww-circle wp-post-image\" alt=\"Marokko hautnah - Marokko Logo\" srcset=\"https:\/\/marokko-hautnah.de\/wp-content\/uploads\/2017\/02\/marokko-logo-100x100.png 100w, https:\/\/marokko-hautnah.de\/wp-content\/uploads\/2017\/02\/marokko-logo-150x150.png 150w, https:\/\/marokko-hautnah.de\/wp-content\/uploads\/2017\/02\/marokko-logo-300x300.png 300w, https:\/\/marokko-hautnah.de\/wp-content\/uploads\/2017\/02\/marokko-logo-400x400.png 400w, https:\/\/marokko-hautnah.de\/wp-content\/uploads\/2017\/02\/marokko-logo-430x430.png 430w, https:\/\/marokko-hautnah.de\/wp-content\/uploads\/2017\/02\/marokko-logo.png 500w\" sizes=\"auto, (max-width: 100px) 100vw, 100px\" \/><\/div>\r\n\t\t\t<\/div>\r\n\t<div class=\"wptww-testimonial-content\">\r\n\t\t<i class=\"fa fa-quote-left\"><\/i>\r\n\t\t<h4>Guillaume D. en Feb. 2017<\/h4>\r\n\t\t<div class=\"wptww-testimonials-text\">\r\n\t\t\t<p>\r\n\t\t\t\t <em> Exp\u00e9rience extraordinaire! \u00c0 quelques pas seulement de la place Jemaa El Fna, le Riad jouit d'une situation exceptionnelle. Nous n'avons pas pu rencontrer Michael mais Lucien et son chauffeur Abdou nous ont accueilli tr\u00e8s chaleureusement. La place est parfaite pour un moment d\u00e9tente. Le petit d\u00e9jeuner est excellent. Propret\u00e9 impeccable. Un petit coin de paradis en plein c\u0153ur de Marrakesh. Tr\u00e8s calme bien qu'on soit en pleine M\u00e9dina, vous serez r\u00e9veill\u00e9s par le chant des oiseaux! C'est sur on reviendra! <\/em> \t\t\t<\/p>\r\n\t\t<\/div>\r\n\t<\/div>\r\n\t<\/div><div class=\"wptww-quote\">\r\n\t<div class=\"wptww-testimonial-left\">\r\n\t\t\t\t\t<div class=\"wptww-avtar-image\"><img loading=\"lazy\" decoding=\"async\" width=\"100\" height=\"100\" src=\"https:\/\/marokko-hautnah.de\/wp-content\/uploads\/2017\/02\/marokko-logo-100x100.png\" class=\"wp-image-886 avia-img-lazy-loading-886 wptww-circle wp-post-image\" alt=\"Marokko hautnah - Marokko Logo\" srcset=\"https:\/\/marokko-hautnah.de\/wp-content\/uploads\/2017\/02\/marokko-logo-100x100.png 100w, https:\/\/marokko-hautnah.de\/wp-content\/uploads\/2017\/02\/marokko-logo-150x150.png 150w, https:\/\/marokko-hautnah.de\/wp-content\/uploads\/2017\/02\/marokko-logo-300x300.png 300w, https:\/\/marokko-hautnah.de\/wp-content\/uploads\/2017\/02\/marokko-logo-400x400.png 400w, https:\/\/marokko-hautnah.de\/wp-content\/uploads\/2017\/02\/marokko-logo-430x430.png 430w, https:\/\/marokko-hautnah.de\/wp-content\/uploads\/2017\/02\/marokko-logo.png 500w\" sizes=\"auto, (max-width: 100px) 100vw, 100px\" \/><\/div>\r\n\t\t\t<\/div>\r\n\t<div class=\"wptww-testimonial-content\">\r\n\t\t<i class=\"fa fa-quote-left\"><\/i>\r\n\t\t<h4>Barbara V. Mars 2017<\/h4>\r\n\t\t<div class=\"wptww-testimonials-text\">\r\n\t\t\t<p>\r\n\t\t\t\t <em> Le riad de Michel est un havre de paix au coeur de la m\u00e9dina. Le lieu est magnifique, les chambres confortables et tr\u00e8s bien tenues. Michel passionn\u00e9 du Maroc, parle allemand,fran\u00e7ais et anglais couramment. Il saura vous conseiller, vous aider, r\u00e9pondre \u00e0 toutes vos questions pour d\u00e9couvrir et mieux appr\u00e9hender cette ville superbe. Au del\u00e0 d'une simple chambre d'h\u00f4te, c'est aussi un lieu chaleureux, o\u00f9 l'on se sent accueilli comme chez soi. La terrasse est aussi magnifique pour se poser et se d\u00e9tendre. Lucien qui est toujours l\u00e0 aussi pourra vous pr\u00e9parer un superbe petit d\u00e9jeuner et des fois un couscous maison inoubliable que l'on d\u00e9guste tous ensemble! Nous vous recommandons ce riad sans h\u00e9sitation! <\/em> \t\t\t<\/p>\r\n\t\t<\/div>\r\n\t<\/div>\r\n\t<\/div>\t\t<\/div>\n\t<\/div>\n\n\t\n","protected":false},"excerpt":{"rendered":"","protected":false},"author":3,"featured_media":0,"parent":0,"menu_order":0,"comment_status":"closed","ping_status":"closed","template":"","meta":{"footnotes":""},"class_list":["post-2853","page","type-page","status-publish","hentry"],"_links":{"self":[{"href":"https:\/\/marokko-hautnah.de\/fr\/wp-json\/wp\/v2\/pages\/2853","targetHints":{"allow":["GET"]}}],"collection":[{"href":"https:\/\/marokko-hautnah.de\/fr\/wp-json\/wp\/v2\/pages"}],"about":[{"href":"https:\/\/marokko-hautnah.de\/fr\/wp-json\/wp\/v2\/types\/page"}],"author":[{"embeddable":true,"href":"https:\/\/marokko-hautnah.de\/fr\/wp-json\/wp\/v2\/users\/3"}],"replies":[{"embeddable":true,"href":"https:\/\/marokko-hautnah.de\/fr\/wp-json\/wp\/v2\/comments?post=2853"}],"version-history":[{"count":1,"href":"https:\/\/marokko-hautnah.de\/fr\/wp-json\/wp\/v2\/pages\/2853\/revisions"}],"predecessor-version":[{"id":2902,"href":"https:\/\/marokko-hautnah.de\/fr\/wp-json\/wp\/v2\/pages\/2853\/revisions\/2902"}],"wp:attachment":[{"href":"https:\/\/marokko-hautnah.de\/fr\/wp-json\/wp\/v2\/media?parent=2853"}],"curies":[{"name":"wp","href":"https:\/\/api.w.org\/{rel}","templated":true}]}}