{"id":2873,"date":"2017-08-26T14:46:09","date_gmt":"2017-08-26T12:46:09","guid":{"rendered":"https:\/\/marokko-hautnah.de\/marrakesch-gastronomietipps\/"},"modified":"2022-11-30T17:50:34","modified_gmt":"2022-11-30T16:50:34","slug":"marrakesch-gastronomietipps","status":"publish","type":"page","link":"https:\/\/marokko-hautnah.de\/fr\/marrakesch-gastronomietipps\/","title":{"rendered":"Gastronomiques en Marrakech"},"content":{"rendered":"<div class='flex_column av-av_one_full-7714eba142aeda1f8b5272a3c372b279 av_one_full  avia-builder-el-0  el_before_av_textblock  avia-builder-el-first  first flex_column_div '     ><div id='av-masonry-1' class='av-masonry av-lb3vpdy0-e94b142eaca305c036d22322360cd6be noHover av-fixed-size av-large-gap av-hover-overlay-active av-masonry-animation-active av-masonry-col-flexible av-caption-always av-caption-style- av-masonry-gallery '><div class=\"av-masonry-container isotope av-js-disabled\"><div class='av-masonry-entry isotope-item av-masonry-item-no-image '><\/div><a href=\"https:\/\/marokko-hautnah.de\/wp-content\/uploads\/2022\/11\/Gastrotipp_13-rotated.jpg\" data-srcset=\"https:\/\/marokko-hautnah.de\/wp-content\/uploads\/2022\/11\/Gastrotipp_13-rotated.jpg 480w, https:\/\/marokko-hautnah.de\/wp-content\/uploads\/2022\/11\/Gastrotipp_13-225x300.jpg 225w\" data-sizes=\"(max-width: 480px) 100vw, 480px\"  aria-label=\"image Gastrotipp_13\"  id='av-masonry-1-item-3518' data-av-masonry-item='3518' class='av-masonry-entry isotope-item post-3518 attachment type-attachment status-inherit hentry  av-masonry-item-with-image av-grid-img' title=\"\" alt=\"\"    itemprop=\"thumbnailUrl\"  data-rel=\"lightbox-gallery-UBzPFaP2\" data-rl_title=\"\" data-rl_caption=\"\"><div class='av-inner-masonry-sizer'><\/div><figure class='av-inner-masonry main_color'><div class=\"av-masonry-outerimage-container\"><div class='av-masonry-image-container' style=\"background-image: url(https:\/\/marokko-hautnah.de\/wp-content\/uploads\/2022\/11\/Gastrotipp_13-rotated.jpg);\"  title=\"Gastrotipp_13\"  ><\/div><\/div><\/figure><\/a><!--end av-masonry entry--><a href=\"https:\/\/marokko-hautnah.de\/wp-content\/uploads\/2022\/11\/Gastrotipp_12-rotated.jpg\" data-srcset=\"https:\/\/marokko-hautnah.de\/wp-content\/uploads\/2022\/11\/Gastrotipp_12-rotated.jpg 480w, https:\/\/marokko-hautnah.de\/wp-content\/uploads\/2022\/11\/Gastrotipp_12-225x300.jpg 225w\" data-sizes=\"(max-width: 480px) 100vw, 480px\"  aria-label=\"image Gastrotipp_12\"  id='av-masonry-1-item-3515' data-av-masonry-item='3515' class='av-masonry-entry isotope-item post-3515 attachment type-attachment status-inherit hentry  av-masonry-item-with-image av-grid-img' title=\"\" alt=\"\"    itemprop=\"thumbnailUrl\"  data-rel=\"lightbox-gallery-UBzPFaP2\" data-rl_title=\"\" data-rl_caption=\"\"><div class='av-inner-masonry-sizer'><\/div><figure class='av-inner-masonry main_color'><div class=\"av-masonry-outerimage-container\"><div class='av-masonry-image-container' style=\"background-image: url(https:\/\/marokko-hautnah.de\/wp-content\/uploads\/2022\/11\/Gastrotipp_12-rotated.jpg);\"  title=\"Gastrotipp_12\"  ><\/div><\/div><\/figure><\/a><!--end av-masonry entry--><a href=\"https:\/\/marokko-hautnah.de\/wp-content\/uploads\/2022\/11\/Gastrotipp_11-rotated.jpg\" data-srcset=\"https:\/\/marokko-hautnah.de\/wp-content\/uploads\/2022\/11\/Gastrotipp_11-rotated.jpg 480w, https:\/\/marokko-hautnah.de\/wp-content\/uploads\/2022\/11\/Gastrotipp_11-225x300.jpg 225w\" data-sizes=\"(max-width: 480px) 100vw, 480px\"  aria-label=\"image Gastrotipp_11\"  id='av-masonry-1-item-3512' data-av-masonry-item='3512' class='av-masonry-entry isotope-item post-3512 attachment type-attachment status-inherit hentry  av-masonry-item-with-image av-grid-img' title=\"\" alt=\"\"    itemprop=\"thumbnailUrl\"  data-rel=\"lightbox-gallery-UBzPFaP2\" data-rl_title=\"\" data-rl_caption=\"\"><div class='av-inner-masonry-sizer'><\/div><figure class='av-inner-masonry main_color'><div class=\"av-masonry-outerimage-container\"><div class='av-masonry-image-container' style=\"background-image: url(https:\/\/marokko-hautnah.de\/wp-content\/uploads\/2022\/11\/Gastrotipp_11-rotated.jpg);\"  title=\"Gastrotipp_11\"  ><\/div><\/div><\/figure><\/a><!--end av-masonry entry--><a href=\"https:\/\/marokko-hautnah.de\/wp-content\/uploads\/2022\/11\/Gastrotipp_10-rotated.jpg\" data-srcset=\"https:\/\/marokko-hautnah.de\/wp-content\/uploads\/2022\/11\/Gastrotipp_10-rotated.jpg 480w, https:\/\/marokko-hautnah.de\/wp-content\/uploads\/2022\/11\/Gastrotipp_10-225x300.jpg 225w\" data-sizes=\"(max-width: 480px) 100vw, 480px\"  aria-label=\"image Gastrotipp_10\"  id='av-masonry-1-item-3509' data-av-masonry-item='3509' class='av-masonry-entry isotope-item post-3509 attachment type-attachment status-inherit hentry  av-masonry-item-with-image av-grid-img' title=\"\" alt=\"\"    itemprop=\"thumbnailUrl\"  data-rel=\"lightbox-gallery-UBzPFaP2\" data-rl_title=\"\" data-rl_caption=\"\"><div class='av-inner-masonry-sizer'><\/div><figure class='av-inner-masonry main_color'><div class=\"av-masonry-outerimage-container\"><div class='av-masonry-image-container' style=\"background-image: url(https:\/\/marokko-hautnah.de\/wp-content\/uploads\/2022\/11\/Gastrotipp_10-rotated.jpg);\"  title=\"Gastrotipp_10\"  ><\/div><\/div><\/figure><\/a><!--end av-masonry entry--><a href=\"https:\/\/marokko-hautnah.de\/wp-content\/uploads\/2022\/11\/Gastrotipp_09-rotated.jpg\" data-srcset=\"https:\/\/marokko-hautnah.de\/wp-content\/uploads\/2022\/11\/Gastrotipp_09-rotated.jpg 480w, https:\/\/marokko-hautnah.de\/wp-content\/uploads\/2022\/11\/Gastrotipp_09-225x300.jpg 225w\" data-sizes=\"(max-width: 480px) 100vw, 480px\"  aria-label=\"image Gastrotipp_09\"  id='av-masonry-1-item-3506' data-av-masonry-item='3506' class='av-masonry-entry isotope-item post-3506 attachment type-attachment status-inherit hentry  av-masonry-item-with-image av-grid-img' title=\"\" alt=\"\"    itemprop=\"thumbnailUrl\"  data-rel=\"lightbox-gallery-UBzPFaP2\" data-rl_title=\"\" data-rl_caption=\"\"><div class='av-inner-masonry-sizer'><\/div><figure class='av-inner-masonry main_color'><div class=\"av-masonry-outerimage-container\"><div class='av-masonry-image-container' style=\"background-image: url(https:\/\/marokko-hautnah.de\/wp-content\/uploads\/2022\/11\/Gastrotipp_09-rotated.jpg);\"  title=\"Gastrotipp_09\"  ><\/div><\/div><\/figure><\/a><!--end av-masonry entry--><a href=\"https:\/\/marokko-hautnah.de\/wp-content\/uploads\/2022\/11\/Gastrotipp_06.jpg\" data-srcset=\"https:\/\/marokko-hautnah.de\/wp-content\/uploads\/2022\/11\/Gastrotipp_06.jpg 640w, https:\/\/marokko-hautnah.de\/wp-content\/uploads\/2022\/11\/Gastrotipp_06-300x225.jpg 300w\" data-sizes=\"(max-width: 640px) 100vw, 640px\"  aria-label=\"image Gastrotipp_06\"  id='av-masonry-1-item-3497' data-av-masonry-item='3497' class='av-masonry-entry isotope-item post-3497 attachment type-attachment status-inherit hentry  av-masonry-item-with-image av-grid-img' title=\"\" alt=\"\"    itemprop=\"thumbnailUrl\"  data-rel=\"lightbox-gallery-UBzPFaP2\" data-rl_title=\"\" data-rl_caption=\"\"><div class='av-inner-masonry-sizer'><\/div><figure class='av-inner-masonry main_color'><div class=\"av-masonry-outerimage-container\"><div class='av-masonry-image-container' style=\"background-image: url(https:\/\/marokko-hautnah.de\/wp-content\/uploads\/2022\/11\/Gastrotipp_06.jpg);\"  title=\"Gastrotipp_06\"  ><\/div><\/div><\/figure><\/a><!--end av-masonry entry--><\/div><\/div><\/div><section  class='av_textblock_section av-lb3vtwco-d5aeb1795d6b09ed16875347accb4600'  itemscope=\"itemscope\" itemtype=\"https:\/\/schema.org\/CreativeWork\" ><div class='avia_textblock'  itemprop=\"text\" ><h2>Conseils gastronomiques pour Marrakech<\/h2>\n<h4>Repas :<\/h4>\n<ul>\n<li>bon march\u00e9 international super Burgers et tacos!!: Roti d \u0301or Taoualat ben saleh,\u00a0 N 64, Marrakech 40000, + 212675-452260<\/li>\n<li>Toubkal Snack, peut-\u00eatre le restaurant le moins cher de la place Jamaa el Fna, \u00e0 l&rsquo;angle de la rue Zitoun Kedim. On y trouve des menus \u00e0 3 plats avec tajine ou couscous \u00e0 partir de 4,5 \u20ac. Personnel aimable, excellent cappuccino, ouvert d\u00e8s le matin pour les personnes qui partent en minibus pour des excursions dans le d\u00e9sert. Excellent petit d\u00e9jeuners pas chers !<\/li>\n<li>La Cantine des Gazelles\u00a0\u00bb 6 Dabachi Kennaria, tout pr\u00e8s de la place, derri\u00e8re le Caf\u00e9 de France. Peut-\u00eatre le meilleur rapport qualit\u00e9\/prix, aussi bien marocain qu&rsquo;international, menu \u00e0 la carte environ 9 euros. Il faut absolument r\u00e9server, car c&rsquo;est souvent complet. Num\u00e9ro de t\u00e9l\u00e9phone : +212 624-061452<\/li>\n<li>Riad Dar Timtam Rahba Lakdima, Marrakech 40000 Maroc+212 661-417972\u00a0\u00a0 Entr\u00e9e par l&rsquo;une des plus belles maisons du souk, on est magnifiquement assis dans le jardin comme au palais de la Bahia. Pr\u00e9ciser imp\u00e9rativement que vous venez du Riad Michel, vous aurez alors une autre carte o\u00f9 vous aurez un super menu \u00e0 partir de 95 dirhams, sinon plut\u00f4t cher. Ferme malheureusement \u00e0 17 heures. Un vrai bon plan !<\/li>\n<li>Naima Couscous, rue Azbezt pr\u00e8s de la mosqu\u00e9e Azbezt : Ici, on ne trouve que du couscous, mais probablement le meilleur et le plus authentique de Marrakech.\u00a0 Entreprise familiale. T\u00e9l\u00e9phone oo212 667846379<\/li>\n<li>bon et pas cher dans le quartier Mouassine : le Bazaar, menu du jour 95 dh, Derb Sidi El Yamani, 24B. Marrakech T\u00e9l : +212 (0) 5 24 38 72 83 \/ +212 (0) 6 18 17 99 62 mail : info@bazaarcafe.ma web : www.bazaarcafe.ma<\/li>\n<li>Dar Essalam, touristique avec gnawa et musique arabe et danse du ventre, mais v\u00e9ritable exp\u00e9rience orientale. Le restaurant le plus traditionell du Marrakech. C est un lieu historique ou les hautes Militaires pendant le protectorat Francais ont deja dines. C etait aussi le lieu du tournage des scenes du film \u201cL\u00b4homme qui savait trop\u201c de Hitchcock : 170, Riad Zitoune El Kedim, Marrakech, +212 5244-43520. Menu env. 250Dh.<\/li>\n<li>Dans la journ\u00e9e, au souk : Chez Abdelhay, en plein air, Place El Baroudiyine 43 46, Marrakech, +212 (0)6 75 90 16 90, pour environ 65 DH, on trouve un peu de tout, surtout de la bonne viande grill\u00e9e.<\/li>\n<li>Poisson \u00e0 Gu\u00e9liz : Al Bahriya : 75 Bis Av. Moulay Rachid | Gu\u00e9liz, Marrakech 40000,<\/li>\n<li>Tout est toujours tr\u00e8s frais : Super Paella, Super Friture Royale pour environ 5 euros suffit pour 2, accompagnements inclus ou vous choisissez le poisson au comptoir et vous le faites griller, c&rsquo;est aussi tr\u00e8s bon march\u00e9. Les gens de toutes les couches sociales y vont, on est assis \u00e0 de longues tables, donc pas de quoi passer une soir\u00e9e agr\u00e9able !<\/li>\n<li>Vue fabuleuse, bonne nourriture, un peu plus ch\u00e8re : La Terrasse Ben Youssef : 98, Riad Laarouss Rue Sidi Abdellaziz, Medina, 00212 524386673<\/li>\n<\/ul>\n<\/div><\/section>\n<div class='flex_column av-av_one_full-7714eba142aeda1f8b5272a3c372b279 av_one_full  avia-builder-el-3  el_after_av_textblock  el_before_av_textblock  first flex_column_div column-top-margin'     ><div id='av-masonry-2' class='av-masonry av-lb3vwbto-2b1f87fa7bcfce4f32ce19d55637d8dc noHover av-fixed-size av-large-gap av-hover-overlay-active av-masonry-animation-active av-masonry-col-flexible av-caption-always av-caption-style- av-masonry-gallery '><div class=\"av-masonry-container isotope av-js-disabled\"><div class='av-masonry-entry isotope-item av-masonry-item-no-image '><\/div><a href=\"https:\/\/marokko-hautnah.de\/wp-content\/uploads\/2022\/11\/Gastrotipp_08.jpg\" data-srcset=\"https:\/\/marokko-hautnah.de\/wp-content\/uploads\/2022\/11\/Gastrotipp_08.jpg 640w, https:\/\/marokko-hautnah.de\/wp-content\/uploads\/2022\/11\/Gastrotipp_08-300x225.jpg 300w\" data-sizes=\"(max-width: 640px) 100vw, 640px\"  aria-label=\"image Gastrotipp_08\"  id='av-masonry-2-item-3503' data-av-masonry-item='3503' class='av-masonry-entry isotope-item post-3503 attachment type-attachment status-inherit hentry  av-masonry-item-with-image av-grid-img' title=\"\" alt=\"\"    itemprop=\"thumbnailUrl\"  data-rel=\"lightbox-gallery-UBzPFaP2\" data-rl_title=\"\" data-rl_caption=\"\"><div class='av-inner-masonry-sizer'><\/div><figure class='av-inner-masonry main_color'><div class=\"av-masonry-outerimage-container\"><div class='av-masonry-image-container' style=\"background-image: url(https:\/\/marokko-hautnah.de\/wp-content\/uploads\/2022\/11\/Gastrotipp_08.jpg);\"  title=\"Gastrotipp_08\"  ><\/div><\/div><\/figure><\/a><!--end av-masonry entry--><a href=\"https:\/\/marokko-hautnah.de\/wp-content\/uploads\/2022\/11\/Gastrotipp_07.jpg\" data-srcset=\"https:\/\/marokko-hautnah.de\/wp-content\/uploads\/2022\/11\/Gastrotipp_07.jpg 640w, https:\/\/marokko-hautnah.de\/wp-content\/uploads\/2022\/11\/Gastrotipp_07-300x225.jpg 300w\" data-sizes=\"(max-width: 640px) 100vw, 640px\"  aria-label=\"image Gastrotipp_07\"  id='av-masonry-2-item-3500' data-av-masonry-item='3500' class='av-masonry-entry isotope-item post-3500 attachment type-attachment status-inherit hentry  av-masonry-item-with-image av-grid-img' title=\"\" alt=\"\"    itemprop=\"thumbnailUrl\"  data-rel=\"lightbox-gallery-UBzPFaP2\" data-rl_title=\"\" data-rl_caption=\"\"><div class='av-inner-masonry-sizer'><\/div><figure class='av-inner-masonry main_color'><div class=\"av-masonry-outerimage-container\"><div class='av-masonry-image-container' style=\"background-image: url(https:\/\/marokko-hautnah.de\/wp-content\/uploads\/2022\/11\/Gastrotipp_07.jpg);\"  title=\"Gastrotipp_07\"  ><\/div><\/div><\/figure><\/a><!--end av-masonry entry--><a href=\"https:\/\/marokko-hautnah.de\/wp-content\/uploads\/2022\/11\/Gastrotipp_05-rotated.jpg\" data-srcset=\"https:\/\/marokko-hautnah.de\/wp-content\/uploads\/2022\/11\/Gastrotipp_05-rotated.jpg 480w, https:\/\/marokko-hautnah.de\/wp-content\/uploads\/2022\/11\/Gastrotipp_05-225x300.jpg 225w\" data-sizes=\"(max-width: 480px) 100vw, 480px\"  aria-label=\"image Gastrotipp_05\"  id='av-masonry-2-item-3494' data-av-masonry-item='3494' class='av-masonry-entry isotope-item post-3494 attachment type-attachment status-inherit hentry  av-masonry-item-with-image av-grid-img' title=\"\" alt=\"\"    itemprop=\"thumbnailUrl\"  data-rel=\"lightbox-gallery-UBzPFaP2\" data-rl_title=\"\" data-rl_caption=\"\"><div class='av-inner-masonry-sizer'><\/div><figure class='av-inner-masonry main_color'><div class=\"av-masonry-outerimage-container\"><div class='av-masonry-image-container' style=\"background-image: url(https:\/\/marokko-hautnah.de\/wp-content\/uploads\/2022\/11\/Gastrotipp_05-rotated.jpg);\"  title=\"Gastrotipp_05\"  ><\/div><\/div><\/figure><\/a><!--end av-masonry entry--><a href=\"https:\/\/marokko-hautnah.de\/wp-content\/uploads\/2022\/11\/Gastrotipp_04.jpg\" data-srcset=\"https:\/\/marokko-hautnah.de\/wp-content\/uploads\/2022\/11\/Gastrotipp_04.jpg 640w, https:\/\/marokko-hautnah.de\/wp-content\/uploads\/2022\/11\/Gastrotipp_04-300x225.jpg 300w\" data-sizes=\"(max-width: 640px) 100vw, 640px\"  aria-label=\"image Gastrotipp_04\"  id='av-masonry-2-item-3491' data-av-masonry-item='3491' class='av-masonry-entry isotope-item post-3491 attachment type-attachment status-inherit hentry  av-masonry-item-with-image av-grid-img' title=\"\" alt=\"\"    itemprop=\"thumbnailUrl\"  data-rel=\"lightbox-gallery-UBzPFaP2\" data-rl_title=\"\" data-rl_caption=\"\"><div class='av-inner-masonry-sizer'><\/div><figure class='av-inner-masonry main_color'><div class=\"av-masonry-outerimage-container\"><div class='av-masonry-image-container' style=\"background-image: url(https:\/\/marokko-hautnah.de\/wp-content\/uploads\/2022\/11\/Gastrotipp_04.jpg);\"  title=\"Gastrotipp_04\"  ><\/div><\/div><\/figure><\/a><!--end av-masonry entry--><a href=\"https:\/\/marokko-hautnah.de\/wp-content\/uploads\/2022\/11\/Gastrotipp_03-rotated.jpg\" data-srcset=\"https:\/\/marokko-hautnah.de\/wp-content\/uploads\/2022\/11\/Gastrotipp_03-rotated.jpg 480w, https:\/\/marokko-hautnah.de\/wp-content\/uploads\/2022\/11\/Gastrotipp_03-225x300.jpg 225w\" data-sizes=\"(max-width: 480px) 100vw, 480px\"  aria-label=\"image Gastrotipp_03\"  id='av-masonry-2-item-3488' data-av-masonry-item='3488' class='av-masonry-entry isotope-item post-3488 attachment type-attachment status-inherit hentry  av-masonry-item-with-image av-grid-img' title=\"\" alt=\"\"    itemprop=\"thumbnailUrl\"  data-rel=\"lightbox-gallery-UBzPFaP2\" data-rl_title=\"\" data-rl_caption=\"\"><div class='av-inner-masonry-sizer'><\/div><figure class='av-inner-masonry main_color'><div class=\"av-masonry-outerimage-container\"><div class='av-masonry-image-container' style=\"background-image: url(https:\/\/marokko-hautnah.de\/wp-content\/uploads\/2022\/11\/Gastrotipp_03-rotated.jpg);\"  title=\"Gastrotipp_03\"  ><\/div><\/div><\/figure><\/a><!--end av-masonry entry--><a href=\"https:\/\/marokko-hautnah.de\/wp-content\/uploads\/2022\/11\/Gastrotipp_02-rotated.jpg\" data-srcset=\"https:\/\/marokko-hautnah.de\/wp-content\/uploads\/2022\/11\/Gastrotipp_02-rotated.jpg 480w, https:\/\/marokko-hautnah.de\/wp-content\/uploads\/2022\/11\/Gastrotipp_02-225x300.jpg 225w\" data-sizes=\"(max-width: 480px) 100vw, 480px\"  aria-label=\"image Gastrotipp_02\"  id='av-masonry-2-item-3485' data-av-masonry-item='3485' class='av-masonry-entry isotope-item post-3485 attachment type-attachment status-inherit hentry  av-masonry-item-with-image av-grid-img' title=\"\" alt=\"\"    itemprop=\"thumbnailUrl\"  data-rel=\"lightbox-gallery-UBzPFaP2\" data-rl_title=\"\" data-rl_caption=\"\"><div class='av-inner-masonry-sizer'><\/div><figure class='av-inner-masonry main_color'><div class=\"av-masonry-outerimage-container\"><div class='av-masonry-image-container' style=\"background-image: url(https:\/\/marokko-hautnah.de\/wp-content\/uploads\/2022\/11\/Gastrotipp_02-rotated.jpg);\"  title=\"Gastrotipp_02\"  ><\/div><\/div><\/figure><\/a><!--end av-masonry entry--><a href=\"https:\/\/marokko-hautnah.de\/wp-content\/uploads\/2022\/11\/Gastrotipp_01-rotated.jpg\" data-srcset=\"https:\/\/marokko-hautnah.de\/wp-content\/uploads\/2022\/11\/Gastrotipp_01-rotated.jpg 480w, https:\/\/marokko-hautnah.de\/wp-content\/uploads\/2022\/11\/Gastrotipp_01-225x300.jpg 225w\" data-sizes=\"(max-width: 480px) 100vw, 480px\"  aria-label=\"image Gastrotipp_01\"  id='av-masonry-2-item-3482' data-av-masonry-item='3482' class='av-masonry-entry isotope-item post-3482 attachment type-attachment status-inherit hentry  av-masonry-item-with-image av-grid-img' title=\"\" alt=\"\"    itemprop=\"thumbnailUrl\"  data-rel=\"lightbox-gallery-UBzPFaP2\" data-rl_title=\"\" data-rl_caption=\"\"><div class='av-inner-masonry-sizer'><\/div><figure class='av-inner-masonry main_color'><div class=\"av-masonry-outerimage-container\"><div class='av-masonry-image-container' style=\"background-image: url(https:\/\/marokko-hautnah.de\/wp-content\/uploads\/2022\/11\/Gastrotipp_01-rotated.jpg);\"  title=\"Gastrotipp_01\"  ><\/div><\/div><\/figure><\/a><!--end av-masonry entry--><a href=\"https:\/\/marokko-hautnah.de\/wp-content\/uploads\/2022\/11\/Gastrotipp_14-rotated.jpg\" data-srcset=\"https:\/\/marokko-hautnah.de\/wp-content\/uploads\/2022\/11\/Gastrotipp_14-rotated.jpg 480w, https:\/\/marokko-hautnah.de\/wp-content\/uploads\/2022\/11\/Gastrotipp_14-225x300.jpg 225w\" data-sizes=\"(max-width: 480px) 100vw, 480px\"  aria-label=\"image Gastrotipp_14\"  id='av-masonry-2-item-3479' data-av-masonry-item='3479' class='av-masonry-entry isotope-item post-3479 attachment type-attachment status-inherit hentry  av-masonry-item-with-image av-grid-img' title=\"\" alt=\"\"    itemprop=\"thumbnailUrl\"  data-rel=\"lightbox-gallery-UBzPFaP2\" data-rl_title=\"\" data-rl_caption=\"\"><div class='av-inner-masonry-sizer'><\/div><figure class='av-inner-masonry main_color'><div class=\"av-masonry-outerimage-container\"><div class='av-masonry-image-container' style=\"background-image: url(https:\/\/marokko-hautnah.de\/wp-content\/uploads\/2022\/11\/Gastrotipp_14-rotated.jpg);\"  title=\"Gastrotipp_14\"  ><\/div><\/div><\/figure><\/a><!--end av-masonry entry--><\/div><\/div><\/div><section  class='av_textblock_section av-lb3vvnyr-1388abe0751e6e9c1745f7937e322aad'  itemscope=\"itemscope\" itemtype=\"https:\/\/schema.org\/CreativeWork\" ><div class='avia_textblock'  itemprop=\"text\" ><ul>\n<li>Shtatto &#8211; Vue imprenable sur Marrakech. Meilleur moment au coucher du soleil avec musique lounge et cocktails sans alcool et petits plats au c\u0153ur de la m\u00e9dina. Tres chaloureux accueil Notre Endroit pr\u00e9f\u00e9r\u00e9 : 81, Derb Nkhal\u060c Rahba Lakdima, Marrakech 40030 T\u00e9l\u00e9phone : 05243-75538<\/li>\n<li>Gelateria Dino, les meilleures glaces de Marrakech, qui n&rsquo;ont rien \u00e0 envier aux glaces italiennes ! Av. Mohammed V, Marrakech 40000 T\u00e9l\u00e9phone : 05244-39888<\/li>\n<li>Proche de Ben Youssuf : Kui-Zin : http:\/\/www.kui-zin.com, international, 12, Rue Amsefah, Sidi Abdelaziz .Medina | 12, Rue Amsefah, Sidi Abdelaziz . Medina, Marrakech 40000, +212 653-100088<\/li>\n<li>Rooftop Restaurant Medina Heritage, ambiance haut de gamme, d\u00e9lices internationaux et marocains pr\u00e9sent\u00e9s de mani\u00e8re tr\u00e8s esth\u00e9tique, superbes cocktails non alcoolis\u00e9s, avec une vue incomparable sur la mosqu\u00e9e Kotubia. 58, Angle Rue El Ksour et, Rue Fhal Zefriti, T\u00e9l\u00e9phone : 0661-268925 Marrakech 40000<\/li>\n<li>Sur la place : Chez Zaza ; belle terrasse, marocain discret, bon march\u00e9 Bab Ftouh, 4, Marrakech 40000, +212 673-081716.<\/li>\n<li>Ru Darbachi : Chez Brahim, bon march\u00e9 bien : 38 Rue Derb Dabachi | Jama\u00e2 El Fna, Marrakech 40000, +212 650236204<\/li>\n<li>Al Alfassia restaurant tenu par des femmes, un peu plus cher 55 Boulevard Zerktouni | Gu\u00e9liz, Marrakech 40000, 0524434060, entr\u00e9es marocaines fantastiques. \u00e0 ne pas manquer, tr\u00e8s bon aussi ailleurs, il faut absolument r\u00e9server !<\/li>\n<li>De la place Jamma el Fna et dans une petite ruelle cach\u00e9e pr\u00e8s du Caf\u00e9 de France, vous trouverez les r\u00f4tisseries d&rsquo;agneau o\u00f9 l&rsquo;agneau sort des fours d&rsquo;argile dans le sol (m\u00e9choui) un plat absolument pr\u00e9f\u00e9r\u00e9 des marocains, le meilleur agneau ever !! C&rsquo;est un secret de polichinelle.\u00a0 Faites ouvrir les couvercles des fours et prenez des photos de l&rsquo;agneau en train de cuire sur des piques. Achetez (prix au kilo, pes\u00e9 et d\u00e9coup\u00e9 devant vous) un peu de viande d&rsquo;agneau (le kilo environ 16 euros), que l&rsquo;on vous sert sur un plateau avec du pain et que vous mangez tout de suite, \u00e9ventuellement dans l&rsquo;alc\u00f4ve derri\u00e8re le four, ou que l&rsquo;on vous apporte dans un restaurant proche et que vous commandez un th\u00e9. Tout cela est fait par les gens pr\u00e8s des comptoirs de vente. Payer en partant. Une exp\u00e9rience culinaire archa\u00efque, d&rsquo;autant plus qu&rsquo;\u00e0 cet endroit se trouvent depuis 800 ans ces fours en argile.<\/li>\n<li>Ensuite, d\u00e9tour par la rue Darbachi, la rue la plus anim\u00e9e qui m\u00e8ne au quartier le plus populaire de Ben Saleh. Apr\u00e8s environ 150 m, vous trouverez sur votre droite une boutique de jus de fruits o\u00f9 vous pourrez acheter pour 60 centimes le meilleur m\u00e9lange de pulpe de fruits du Maroc, toujours fra\u00eechement pr\u00e9par\u00e9, prenez le \u00ab\u00a0panach\u00e9\u00a0\u00bb (m\u00e9lang\u00e9 en couches dans un verre).<\/li>\n<\/ul>\n<\/div><\/section>\n","protected":false},"excerpt":{"rendered":"","protected":false},"author":3,"featured_media":0,"parent":0,"menu_order":0,"comment_status":"closed","ping_status":"closed","template":"","meta":{"footnotes":""},"class_list":["post-2873","page","type-page","status-publish","hentry"],"_links":{"self":[{"href":"https:\/\/marokko-hautnah.de\/fr\/wp-json\/wp\/v2\/pages\/2873","targetHints":{"allow":["GET"]}}],"collection":[{"href":"https:\/\/marokko-hautnah.de\/fr\/wp-json\/wp\/v2\/pages"}],"about":[{"href":"https:\/\/marokko-hautnah.de\/fr\/wp-json\/wp\/v2\/types\/page"}],"author":[{"embeddable":true,"href":"https:\/\/marokko-hautnah.de\/fr\/wp-json\/wp\/v2\/users\/3"}],"replies":[{"embeddable":true,"href":"https:\/\/marokko-hautnah.de\/fr\/wp-json\/wp\/v2\/comments?post=2873"}],"version-history":[{"count":3,"href":"https:\/\/marokko-hautnah.de\/fr\/wp-json\/wp\/v2\/pages\/2873\/revisions"}],"predecessor-version":[{"id":3524,"href":"https:\/\/marokko-hautnah.de\/fr\/wp-json\/wp\/v2\/pages\/2873\/revisions\/3524"}],"wp:attachment":[{"href":"https:\/\/marokko-hautnah.de\/fr\/wp-json\/wp\/v2\/media?parent=2873"}],"curies":[{"name":"wp","href":"https:\/\/api.w.org\/{rel}","templated":true}]}}