{"id":2875,"date":"2018-07-02T16:38:12","date_gmt":"2018-07-02T14:38:12","guid":{"rendered":"https:\/\/marokko-hautnah.de\/projekt-timidarte\/"},"modified":"2022-11-22T18:25:33","modified_gmt":"2022-11-22T17:25:33","slug":"projekt-timidarte","status":"publish","type":"page","link":"https:\/\/marokko-hautnah.de\/fr\/projekt-timidarte\/","title":{"rendered":"Proj\u00e9t Timidarte"},"content":{"rendered":"<div class='flex_column av-av_one_full-7714eba142aeda1f8b5272a3c372b279 av_one_full  avia-builder-el-0  el_before_av_textblock  avia-builder-el-first  first flex_column_div '     ><div id='av-masonry-1' class='av-masonry av-lashmj9r-b4e114a7984d48440e96a93b95b90a83 noHover av-fixed-size av-large-gap av-hover-overlay-active av-masonry-animation-active av-masonry-col-flexible av-caption-always av-caption-style- av-masonry-gallery '><div class=\"av-masonry-container isotope av-js-disabled\"><div class='av-masonry-entry isotope-item av-masonry-item-no-image '><\/div><a href=\"https:\/\/marokko-hautnah.de\/wp-content\/uploads\/2018\/07\/Projekt-Timidarte-Ismail.jpg\" data-srcset=\"https:\/\/marokko-hautnah.de\/wp-content\/uploads\/2018\/07\/Projekt-Timidarte-Ismail.jpg 750w, https:\/\/marokko-hautnah.de\/wp-content\/uploads\/2018\/07\/Projekt-Timidarte-Ismail-225x300.jpg 225w, https:\/\/marokko-hautnah.de\/wp-content\/uploads\/2018\/07\/Projekt-Timidarte-Ismail-400x533.jpg 400w, https:\/\/marokko-hautnah.de\/wp-content\/uploads\/2018\/07\/Projekt-Timidarte-Ismail-430x573.jpg 430w, https:\/\/marokko-hautnah.de\/wp-content\/uploads\/2018\/07\/Projekt-Timidarte-Ismail-150x200.jpg 150w, https:\/\/marokko-hautnah.de\/wp-content\/uploads\/2018\/07\/Projekt-Timidarte-Ismail-100x133.jpg 100w\" data-sizes=\"(max-width: 750px) 100vw, 750px\"  aria-label=\"image Projekt Timidarte Marokko &#8211; Ismail\"  id='av-masonry-1-item-2772' data-av-masonry-item='2772' class='av-masonry-entry isotope-item post-2772 attachment type-attachment status-inherit hentry  av-masonry-item-with-image av-grid-img' title=\"\" alt=\"\"    itemprop=\"thumbnailUrl\"  data-rel=\"lightbox-gallery-9w7EUcCi\" data-rl_title=\"\" data-rl_caption=\"\"><div class='av-inner-masonry-sizer'><\/div><figure class='av-inner-masonry main_color'><div class=\"av-masonry-outerimage-container\"><div class='av-masonry-image-container' style=\"background-image: url(https:\/\/marokko-hautnah.de\/wp-content\/uploads\/2018\/07\/Projekt-Timidarte-Ismail.jpg);\"  title=\"Projekt Timidarte Marokko &#8211; Ismail\"  ><\/div><\/div><\/figure><\/a><!--end av-masonry entry--><a href=\"https:\/\/marokko-hautnah.de\/wp-content\/uploads\/2018\/07\/Projekt-Timidarte-6-1024x1024.jpg\" data-srcset=\"https:\/\/marokko-hautnah.de\/wp-content\/uploads\/2018\/07\/Projekt-Timidarte-6-1024x1024.jpg 1024w, https:\/\/marokko-hautnah.de\/wp-content\/uploads\/2018\/07\/Projekt-Timidarte-6-150x150.jpg 150w, https:\/\/marokko-hautnah.de\/wp-content\/uploads\/2018\/07\/Projekt-Timidarte-6-300x300.jpg 300w, https:\/\/marokko-hautnah.de\/wp-content\/uploads\/2018\/07\/Projekt-Timidarte-6-768x768.jpg 768w, https:\/\/marokko-hautnah.de\/wp-content\/uploads\/2018\/07\/Projekt-Timidarte-6-750x750.jpg 750w, https:\/\/marokko-hautnah.de\/wp-content\/uploads\/2018\/07\/Projekt-Timidarte-6-400x400.jpg 400w, https:\/\/marokko-hautnah.de\/wp-content\/uploads\/2018\/07\/Projekt-Timidarte-6-430x430.jpg 430w, https:\/\/marokko-hautnah.de\/wp-content\/uploads\/2018\/07\/Projekt-Timidarte-6-100x100.jpg 100w, https:\/\/marokko-hautnah.de\/wp-content\/uploads\/2018\/07\/Projekt-Timidarte-6.jpg 1280w\" data-sizes=\"(max-width: 1024px) 100vw, 1024px\"  aria-label=\"image Projekt Timidarte Marokko\"  id='av-masonry-1-item-2770' data-av-masonry-item='2770' class='av-masonry-entry isotope-item post-2770 attachment type-attachment status-inherit hentry  av-masonry-item-with-image av-grid-img' title=\"\" alt=\"\"    itemprop=\"thumbnailUrl\"  data-rel=\"lightbox-gallery-9w7EUcCi\" data-rl_title=\"\" data-rl_caption=\"\"><div class='av-inner-masonry-sizer'><\/div><figure class='av-inner-masonry main_color'><div class=\"av-masonry-outerimage-container\"><div class='av-masonry-image-container' style=\"background-image: url(https:\/\/marokko-hautnah.de\/wp-content\/uploads\/2018\/07\/Projekt-Timidarte-6.jpg);\"  title=\"Projekt Timidarte Marokko\"  ><\/div><\/div><\/figure><\/a><!--end av-masonry entry--><a href=\"https:\/\/marokko-hautnah.de\/wp-content\/uploads\/2018\/07\/Projekt-Timidarte-5-1024x768.jpg\" data-srcset=\"https:\/\/marokko-hautnah.de\/wp-content\/uploads\/2018\/07\/Projekt-Timidarte-5-1024x768.jpg 1024w, https:\/\/marokko-hautnah.de\/wp-content\/uploads\/2018\/07\/Projekt-Timidarte-5-300x225.jpg 300w, https:\/\/marokko-hautnah.de\/wp-content\/uploads\/2018\/07\/Projekt-Timidarte-5-768x576.jpg 768w, https:\/\/marokko-hautnah.de\/wp-content\/uploads\/2018\/07\/Projekt-Timidarte-5-750x563.jpg 750w, https:\/\/marokko-hautnah.de\/wp-content\/uploads\/2018\/07\/Projekt-Timidarte-5-400x300.jpg 400w, https:\/\/marokko-hautnah.de\/wp-content\/uploads\/2018\/07\/Projekt-Timidarte-5-430x323.jpg 430w, https:\/\/marokko-hautnah.de\/wp-content\/uploads\/2018\/07\/Projekt-Timidarte-5-150x113.jpg 150w, https:\/\/marokko-hautnah.de\/wp-content\/uploads\/2018\/07\/Projekt-Timidarte-5-100x75.jpg 100w, https:\/\/marokko-hautnah.de\/wp-content\/uploads\/2018\/07\/Projekt-Timidarte-5.jpg 1280w\" data-sizes=\"(max-width: 1024px) 100vw, 1024px\"  aria-label=\"image Projekt Timidarte Marokko\"  id='av-masonry-1-item-2768' data-av-masonry-item='2768' class='av-masonry-entry isotope-item post-2768 attachment type-attachment status-inherit hentry  av-masonry-item-with-image av-grid-img' title=\"\" alt=\"\"    itemprop=\"thumbnailUrl\"  data-rel=\"lightbox-gallery-9w7EUcCi\" data-rl_title=\"\" data-rl_caption=\"\"><div class='av-inner-masonry-sizer'><\/div><figure class='av-inner-masonry main_color'><div class=\"av-masonry-outerimage-container\"><div class='av-masonry-image-container' style=\"background-image: url(https:\/\/marokko-hautnah.de\/wp-content\/uploads\/2018\/07\/Projekt-Timidarte-5.jpg);\"  title=\"Projekt Timidarte Marokko\"  ><\/div><\/div><\/figure><\/a><!--end av-masonry entry--><a href=\"https:\/\/marokko-hautnah.de\/wp-content\/uploads\/2018\/07\/Projekt-Timidarte-3-768x1024.jpg\" data-srcset=\"https:\/\/marokko-hautnah.de\/wp-content\/uploads\/2018\/07\/Projekt-Timidarte-3-768x1024.jpg 768w, https:\/\/marokko-hautnah.de\/wp-content\/uploads\/2018\/07\/Projekt-Timidarte-3-225x300.jpg 225w, https:\/\/marokko-hautnah.de\/wp-content\/uploads\/2018\/07\/Projekt-Timidarte-3-750x1000.jpg 750w, https:\/\/marokko-hautnah.de\/wp-content\/uploads\/2018\/07\/Projekt-Timidarte-3-400x533.jpg 400w, https:\/\/marokko-hautnah.de\/wp-content\/uploads\/2018\/07\/Projekt-Timidarte-3-430x573.jpg 430w, https:\/\/marokko-hautnah.de\/wp-content\/uploads\/2018\/07\/Projekt-Timidarte-3-150x200.jpg 150w, https:\/\/marokko-hautnah.de\/wp-content\/uploads\/2018\/07\/Projekt-Timidarte-3-100x133.jpg 100w, https:\/\/marokko-hautnah.de\/wp-content\/uploads\/2018\/07\/Projekt-Timidarte-3.jpg 1280w\" data-sizes=\"(max-width: 768px) 100vw, 768px\"  aria-label=\"image Projekt Timidarte Marokko\"  id='av-masonry-1-item-2766' data-av-masonry-item='2766' class='av-masonry-entry isotope-item post-2766 attachment type-attachment status-inherit hentry  av-masonry-item-with-image av-grid-img' title=\"\" alt=\"\"    itemprop=\"thumbnailUrl\"  data-rel=\"lightbox-gallery-9w7EUcCi\" data-rl_title=\"\" data-rl_caption=\"\"><div class='av-inner-masonry-sizer'><\/div><figure class='av-inner-masonry main_color'><div class=\"av-masonry-outerimage-container\"><div class='av-masonry-image-container' style=\"background-image: url(https:\/\/marokko-hautnah.de\/wp-content\/uploads\/2018\/07\/Projekt-Timidarte-3.jpg);\"  title=\"Projekt Timidarte Marokko\"  ><\/div><\/div><\/figure><\/a><!--end av-masonry entry--><a href=\"https:\/\/marokko-hautnah.de\/wp-content\/uploads\/2018\/07\/Projekt-Timidarte-2-1024x768.jpg\" data-srcset=\"https:\/\/marokko-hautnah.de\/wp-content\/uploads\/2018\/07\/Projekt-Timidarte-2-1024x768.jpg 1024w, https:\/\/marokko-hautnah.de\/wp-content\/uploads\/2018\/07\/Projekt-Timidarte-2-300x225.jpg 300w, https:\/\/marokko-hautnah.de\/wp-content\/uploads\/2018\/07\/Projekt-Timidarte-2-768x576.jpg 768w, https:\/\/marokko-hautnah.de\/wp-content\/uploads\/2018\/07\/Projekt-Timidarte-2-750x563.jpg 750w, https:\/\/marokko-hautnah.de\/wp-content\/uploads\/2018\/07\/Projekt-Timidarte-2-400x300.jpg 400w, https:\/\/marokko-hautnah.de\/wp-content\/uploads\/2018\/07\/Projekt-Timidarte-2-430x323.jpg 430w, https:\/\/marokko-hautnah.de\/wp-content\/uploads\/2018\/07\/Projekt-Timidarte-2-150x113.jpg 150w, https:\/\/marokko-hautnah.de\/wp-content\/uploads\/2018\/07\/Projekt-Timidarte-2-100x75.jpg 100w, https:\/\/marokko-hautnah.de\/wp-content\/uploads\/2018\/07\/Projekt-Timidarte-2.jpg 1280w\" data-sizes=\"(max-width: 1024px) 100vw, 1024px\"  aria-label=\"image Projekt Timidarte Marokko\"  id='av-masonry-1-item-2764' data-av-masonry-item='2764' class='av-masonry-entry isotope-item post-2764 attachment type-attachment status-inherit hentry  av-masonry-item-with-image av-grid-img' title=\"\" alt=\"\"    itemprop=\"thumbnailUrl\"  data-rel=\"lightbox-gallery-9w7EUcCi\" data-rl_title=\"\" data-rl_caption=\"\"><div class='av-inner-masonry-sizer'><\/div><figure class='av-inner-masonry main_color'><div class=\"av-masonry-outerimage-container\"><div class='av-masonry-image-container' style=\"background-image: url(https:\/\/marokko-hautnah.de\/wp-content\/uploads\/2018\/07\/Projekt-Timidarte-2.jpg);\"  title=\"Projekt Timidarte Marokko\"  ><\/div><\/div><\/figure><\/a><!--end av-masonry entry--><a href=\"https:\/\/marokko-hautnah.de\/wp-content\/uploads\/2018\/07\/Projekt-Timidarte-1-1024x768.jpg\" data-srcset=\"https:\/\/marokko-hautnah.de\/wp-content\/uploads\/2018\/07\/Projekt-Timidarte-1-1024x768.jpg 1024w, https:\/\/marokko-hautnah.de\/wp-content\/uploads\/2018\/07\/Projekt-Timidarte-1-300x225.jpg 300w, https:\/\/marokko-hautnah.de\/wp-content\/uploads\/2018\/07\/Projekt-Timidarte-1-768x576.jpg 768w, https:\/\/marokko-hautnah.de\/wp-content\/uploads\/2018\/07\/Projekt-Timidarte-1-750x563.jpg 750w, https:\/\/marokko-hautnah.de\/wp-content\/uploads\/2018\/07\/Projekt-Timidarte-1-400x300.jpg 400w, https:\/\/marokko-hautnah.de\/wp-content\/uploads\/2018\/07\/Projekt-Timidarte-1-430x323.jpg 430w, https:\/\/marokko-hautnah.de\/wp-content\/uploads\/2018\/07\/Projekt-Timidarte-1-150x113.jpg 150w, https:\/\/marokko-hautnah.de\/wp-content\/uploads\/2018\/07\/Projekt-Timidarte-1-100x75.jpg 100w, https:\/\/marokko-hautnah.de\/wp-content\/uploads\/2018\/07\/Projekt-Timidarte-1.jpg 1280w\" data-sizes=\"(max-width: 1024px) 100vw, 1024px\"  aria-label=\"image Projekt Timidarte Marokko\"  id='av-masonry-1-item-2762' data-av-masonry-item='2762' class='av-masonry-entry isotope-item post-2762 attachment type-attachment status-inherit hentry  av-masonry-item-with-image av-grid-img' title=\"\" alt=\"\"    itemprop=\"thumbnailUrl\"  data-rel=\"lightbox-gallery-9w7EUcCi\" data-rl_title=\"\" data-rl_caption=\"\"><div class='av-inner-masonry-sizer'><\/div><figure class='av-inner-masonry main_color'><div class=\"av-masonry-outerimage-container\"><div class='av-masonry-image-container' style=\"background-image: url(https:\/\/marokko-hautnah.de\/wp-content\/uploads\/2018\/07\/Projekt-Timidarte-1.jpg);\"  title=\"Projekt Timidarte Marokko\"  ><\/div><\/div><\/figure><\/a><!--end av-masonry entry--><\/div><\/div><\/div><section  class='av_textblock_section av-laax8f0f-8cc49246047c9044f9260d7f9c9e5096'  itemscope=\"itemscope\" itemtype=\"https:\/\/schema.org\/CreativeWork\" ><div class='avia_textblock'  itemprop=\"text\" ><p>Proj\u00e9t d\u00b4\u00e9ducation et am\u00e9lioration des conditions de vie pour les jeunes de Timidarte<\/p>\n<p><strong>De quoi s\u00b4agit il dans cet proj\u00e8t?<\/strong><\/p>\n<p>Timidarte est un village oasis avec environ 3400 habitants. Pendant ce temps, il est devenu le \u00abphare\u00bb de la vall\u00e9e du Dra avec son association Tiskala d\u00e9j\u00e0 bien organis\u00e9e. Ils ont elu comme pr\u00e9sedente de la commune une femme noire de 28 ans qui est une avocate des droits de l&rsquo;homme. L&rsquo;Association a r\u00e9nov\u00e9 la Kasbah. Avec l&rsquo;argent pour les nuit\u00e9es on paye les projets de soutien pour l&rsquo;alphab\u00e9tisation et d&rsquo;autres projets pour les femmes et aussi le bus scolaire. (90% des enfants vont dans les \u00e9coles secondaires (moyenne au Maroc seulement 45%). D&rsquo;autres projets sont en cours, tels que la r\u00e9novation du Ksar avec sa mosqu\u00e9e tr\u00e8s int\u00e9ressante et le centre communautaire. Ici, un centre d&rsquo;information et de rencontre avec l&rsquo;Islam et la tradition de la route historique des caravanes vers Tombouctou vont \u00e9merger. Les plans sont d\u00e9j\u00e0 bien avanc\u00e9s et les premi\u00e8res activit\u00e9s de construction ont d\u00e9j\u00e0 commenc\u00e9. comme l amengement de l entr\u00e9e prencipale et la place du Ksar. Des emplois seront cr\u00e9\u00e9s ici et un tourisme durable durable sera \u00e9tabli.<\/p>\n<p>Hussein Achabak est le \u00ab\u00a0moteur\u00a0\u00bb derri\u00e8re ces activit\u00e9s. Il est \u00e9co-activiste et a particip\u00e9 \u00e0 plusieurs projets de d\u00e9veloppement \u00e9cologique de la r\u00e9gion. (Regardez le site de la Kasbah Timidarte: http:\/\/www.kasbahtimidarte.com\/)<\/p>\n<p>L&rsquo;oasis est un \u00e9cosyst\u00e8me extr\u00eamement complexe et fragile mais il fonctionne parfaitement, \u00e9troitement li\u00e9 au syst\u00e8me social du village et \u00e0 la loi non \u00e9crite de l&rsquo;oasis. Rarement au Maroc, vous trouvez une telle biodiversit\u00e9. Il n&rsquo;y a pas de voitures, pas m\u00eame de motos. Tout le travail dans les champs est toujours fait \u00e0 la main. Aucun herbicide ou pesticide n&rsquo;entrent dans l&rsquo;oasis. C&rsquo;est un jardin d&rsquo;Eden. Il y a encore assez de gens qui travaillent dur, mais de plus en plus ils voient ce qui se passe en Europe et \u00e0 Casablanca et les dipl\u00f4m\u00e9s cherchent du travail ailleurs. L&rsquo;oasis nourrit 3400 personnes, qui construisent encore leurs maisons dans le style traditionnel de l&rsquo;argile et peuvent ainsi survivre sans air conditionn\u00e9 dans cette r\u00e9gion extr\u00eamement chaude et en hiver assez froide.<br \/>\nIl vaut la peine pour le monde entier et pour ces gens merveilleux avec leur riche tradition sociale, \u00e9cologique et musicale de mettre en place un projet qui a pour but d\u00e9fini de cr\u00e9er de la motivation pour rester l\u00e0 et maintenir cet \u00e9cosyst\u00e8me.<\/p>\n<p><strong>Nous pouvons apporter une contribution importante de deux mani\u00e8res:<\/strong><\/p>\n<p>1) En encourageont et en respectant le mode de vie des habitants, nous valorisons les gens qui se consid\u00e8rent souvent comme \u00abarri\u00e9r\u00e9s\u00bb. Si nous leur font saisir qu&rsquo;ils poss\u00e8dent encore quelque chose pr\u00e9ciuse que nous avons perdu, et que ce sont eux qui obtiennent quelque chose avec leur style de vie et leur travail qui a \u00e9t\u00e9 d\u00e9truit dans nos pays, alors ils se sentent valoris\u00e9s.<\/p>\n<p>(Une exp\u00e9rience cl\u00e9 pour moi a \u00e9t\u00e9 d&rsquo;observer les femmes qui d\u00e9sherbaient les champs de bl\u00e9 au printemps &#8211; de la paille pour la paille . Finalement l&rsquo;herbe \u00e9tait transport\u00e9e \u00e0 dos d&rsquo;\u00e2ne dans les \u00e9tables des fermes et utilis\u00e9e comme fourrage pour les vaches et les moutons. Des abeilles et une multitude d&rsquo;autres insectes vivent encore la. Il y a encore une grande vari\u00e9t\u00e9 d&rsquo;arbres fruitiers et la biodiversit\u00e9 n&rsquo;est pas d\u00e9truite par les herbicides. L\u00b4arrachage &#8211; au lieu du glyphosate &#8211; Ca fonctionne sans chimie &#8211; aucun des 3400 habitants n&rsquo;a faim et peu sont malades &#8211; beaucoup d\u00b4 eux ont plus de 100 ans )<\/p>\n<p>2) En fournissant \u00e0 l&rsquo;association l&rsquo;argent pour cr\u00e9er un emploi pour Ismail, un jeune homme du village qui a \u00e9tudi\u00e9 l&rsquo;anglais et l&rsquo;animation. Il a d\u00e9velopp\u00e9 un programme (voir PDF) pour donner aux jeunes une perspective de rester. Les objectifs \u00e0 court terme du projet sont de communiquer les comp\u00e9tences en anglais qui permettent la communication avec les invit\u00e9s int\u00e9ress\u00e9s et les organisations partenaires. De plus, les le\u00e7ons d&rsquo;histoire joueront un r\u00f4le important. Les Marocains n&rsquo;ont pratiquement pas de conscience historique et, dans les \u00e9coles, seules les connaissances communes contr\u00f4l\u00e9es du minist\u00e8re d \u00e9ducation de Rabat sont enseign\u00e9es, et pas les conditions r\u00e9gionales. Surtout a vall\u00e9e du Dra peut se rappeler plus de 6000 ans d&rsquo;histoire. Ici, les caravanes de Tombouctou ont travers\u00e9. L&rsquo;histoire a \u00e9t\u00e9 \u00e9crite ici. R\u00e9veiller l&rsquo;int\u00e9r\u00eat et la notori\u00e9t\u00e9 des Berb\u00e8res d\u00e9j\u00e0 fiers fait une partie importante du projet ainsi que l&rsquo;archivage vid\u00e9o des entrevues avec les anciens, qui vivaient \u00e0 Ksar avant l&rsquo;ind\u00e9pendance du Maroc et qui peuvent en dire beaucoup. La collecte syst\u00e9matique et la documentation des lois orales de l&rsquo;oasis et de l&rsquo;agriculture et de l&rsquo;irrigation sont d&rsquo;autres parties du projet qui rendent le projet et le village int\u00e9ressants pour les scientifiques marocains. Si tout se passe comme les gens de l&rsquo;Association l&rsquo;imagineraient, le projet aura des cons\u00e9quences positives de grande port\u00e9e pour le village et l&rsquo;ensemble de l vall\u00e9e du Dra.<\/p>\n<p>Le cible lointaine, \u00e0 partir de Timidarte, est de classer l&rsquo;ensemble de la vallee du Dra, cet \u00e9cosysteme tr\u00e8s fragile avec ses oasis, en tant que site du patrimoine mondial, ce qui aura des effets positifs consid\u00e9rables sur la vie des habitants. Les oasis seront prot\u00e9g\u00e9es contre le d\u00e9frichement et la d\u00e9composition. La piscine et les h\u00f4tels de luxe ne seront plus autoris\u00e9s \u00e0 \u00eatre construits dans la r\u00e9gion. Les produits seront une marque bio (d\u00e9licieuses dattes et c\u00e9r\u00e9ales biologiques fins), qui peuvent apporter leurs ventes en Europe \u00e0 un bon prix, bien au-dessus de deux fois ce que les agriculteurs font actuellement sur le march\u00e9 g\u00e9n\u00e9ral marocain.<\/p>\n<p>Ce projet base sur une organisation qui existe d\u00e9j\u00e0: l association Taskala et s&rsquo;appuie alors sur des structures qui fonctionnent bien. Il cr\u00e9e d&rsquo;abord un travail dans le village et d&rsquo;autres suivront. L&rsquo;argent que nous collectons pour cela (environ 5000 euros par an, limit\u00e9 au d\u00e9but pour 2 ans), va au compte de l&rsquo;Association qui empoit Ismail alors officiellement el le d\u00e9clare \u00e0 la s\u00e9curit\u00e9 sociale et \u00e0 l&rsquo;assurance maladie. Il doit nous donner un rapport des activit\u00e9s. Moi-m\u00eame je suis souvent a Timidarte et je vais me convaincre de l&rsquo;utilisation correcte de l&rsquo;argent. Aucun sou ne va dans l&rsquo;administration en quelque sorte.<\/p>\n<p>En Plus: D&rsquo;un don de 500 euros, il y a un week-end gratuit avec 2 nuits \u00e0 Timidarte avec visite guid\u00e9e dans les oasis et rencontre avec les repr\u00e9sentants de l&rsquo;association. Ce bonus est \u00e9galement transf\u00e9rable si un donneur ne peut pas le percevoir.<\/p>\n<p>Le transfert a lieu avec le mot-cl\u00e9 \u00ab\u00a0Projet Timidarte\u00a0\u00bb sur le compte d&rsquo;un organisme caritatif en France, qui transmet ensuite l&rsquo;argent \u00e0 l&rsquo;Association \u00e0 Timidarte. Il d\u00e9livre \u00e9galement un re\u00e7u et \u00e9met un re\u00e7u de don avant le bureau des imp\u00f4ts \u00e0 la fin de l&rsquo;ann\u00e9e.\u2028\u2028Pour des questions n&rsquo;h\u00e9sitez pas \u00e0 me<\/p>\n<p>contacter<\/p>\n<p>Michael Gentschy<\/p>\n<p>004915118207270<\/p>\n<p><a href=\"mailto:info@marokko-hautnah.de\">info@marokko-hautnah.de<\/a><\/p>\n<p>Si vous avez fait un virement, ecrivez moi un email avec votre nom et adresse exacte et je vais vous tenir eu courant et organiser le re\u00e7u.<\/p>\n<p>&gt;&gt;&gt; <a href=\"https:\/\/marokko-hautnah.de\/wp-content\/uploads\/2018\/07\/TaskalaSDG-francais.pdf\" target=\"_blank\" rel=\"noopener\">PDF<\/a><\/p>\n<p><a href=\"https:\/\/marokko-hautnah.de\/wp-content\/uploads\/2018\/07\/TaskalaSDG-francais-300x223.jpg\" target=\"_blank\" rel=\"https:\/\/marokko-hautnah.de\/wp-content\/uploads\/2018\/07\/TaskalaSDG-francais.pdf noopener\" data-rel=\"lightbox-gallery-9w7EUcCi\" data-rl_title=\"\" data-rl_caption=\"\" title=\"\"><img loading=\"lazy\" decoding=\"async\" class=\"alignnone wp-image-1652 size-medium\" src=\"https:\/\/marokko-hautnah.de\/wp-content\/uploads\/2018\/07\/TaskalaSDG-francais-300x223.jpg\" alt=\"\" width=\"300\" height=\"223\" srcset=\"https:\/\/marokko-hautnah.de\/wp-content\/uploads\/2018\/07\/TaskalaSDG-francais-300x223.jpg 300w, https:\/\/marokko-hautnah.de\/wp-content\/uploads\/2018\/07\/TaskalaSDG-francais-768x572.jpg 768w, https:\/\/marokko-hautnah.de\/wp-content\/uploads\/2018\/07\/TaskalaSDG-francais-1024x763.jpg 1024w, https:\/\/marokko-hautnah.de\/wp-content\/uploads\/2018\/07\/TaskalaSDG-francais-750x559.jpg 750w, https:\/\/marokko-hautnah.de\/wp-content\/uploads\/2018\/07\/TaskalaSDG-francais-400x298.jpg 400w, https:\/\/marokko-hautnah.de\/wp-content\/uploads\/2018\/07\/TaskalaSDG-francais-430x320.jpg 430w, https:\/\/marokko-hautnah.de\/wp-content\/uploads\/2018\/07\/TaskalaSDG-francais-150x112.jpg 150w, https:\/\/marokko-hautnah.de\/wp-content\/uploads\/2018\/07\/TaskalaSDG-francais-100x74.jpg 100w, https:\/\/marokko-hautnah.de\/wp-content\/uploads\/2018\/07\/TaskalaSDG-francais.jpg 1090w\" sizes=\"auto, (max-width: 300px) 100vw, 300px\" \/><\/a><\/p>\n<\/div><\/section>\n","protected":false},"excerpt":{"rendered":"","protected":false},"author":3,"featured_media":0,"parent":0,"menu_order":0,"comment_status":"open","ping_status":"closed","template":"","meta":{"footnotes":""},"class_list":["post-2875","page","type-page","status-publish","hentry"],"_links":{"self":[{"href":"https:\/\/marokko-hautnah.de\/fr\/wp-json\/wp\/v2\/pages\/2875","targetHints":{"allow":["GET"]}}],"collection":[{"href":"https:\/\/marokko-hautnah.de\/fr\/wp-json\/wp\/v2\/pages"}],"about":[{"href":"https:\/\/marokko-hautnah.de\/fr\/wp-json\/wp\/v2\/types\/page"}],"author":[{"embeddable":true,"href":"https:\/\/marokko-hautnah.de\/fr\/wp-json\/wp\/v2\/users\/3"}],"replies":[{"embeddable":true,"href":"https:\/\/marokko-hautnah.de\/fr\/wp-json\/wp\/v2\/comments?post=2875"}],"version-history":[{"count":3,"href":"https:\/\/marokko-hautnah.de\/fr\/wp-json\/wp\/v2\/pages\/2875\/revisions"}],"predecessor-version":[{"id":3386,"href":"https:\/\/marokko-hautnah.de\/fr\/wp-json\/wp\/v2\/pages\/2875\/revisions\/3386"}],"wp:attachment":[{"href":"https:\/\/marokko-hautnah.de\/fr\/wp-json\/wp\/v2\/media?parent=2875"}],"curies":[{"name":"wp","href":"https:\/\/api.w.org\/{rel}","templated":true}]}}