{"id":2948,"date":"2017-09-13T19:12:57","date_gmt":"2017-09-13T17:12:57","guid":{"rendered":"https:\/\/marokko-hautnah.de\/dinnershow-mit-fantasia\/"},"modified":"2022-11-22T18:07:10","modified_gmt":"2022-11-22T17:07:10","slug":"dinnershow-mit-fantasia","status":"publish","type":"page","link":"https:\/\/marokko-hautnah.de\/fr\/dinnershow-mit-fantasia\/","title":{"rendered":"D\u00eener avec fantasia"},"content":{"rendered":"<div class='flex_column av-av_one_full-7714eba142aeda1f8b5272a3c372b279 av_one_full  avia-builder-el-0  el_before_av_textblock  avia-builder-el-first  first flex_column_div '     ><div id='av-masonry-1' class='av-masonry av-lasgyvc5-51942fb7f34661d77d807d6c139cc74a noHover av-fixed-size av-large-gap av-hover-overlay-active av-masonry-animation-active av-masonry-col-flexible av-caption-always av-caption-style- av-masonry-gallery '><div class=\"av-masonry-container isotope av-js-disabled\"><div class='av-masonry-entry isotope-item av-masonry-item-no-image '><\/div><a href=\"https:\/\/marokko-hautnah.de\/wp-content\/uploads\/2017\/09\/couscous-1024x580.jpg\" data-srcset=\"https:\/\/marokko-hautnah.de\/wp-content\/uploads\/2017\/09\/couscous-1024x580.jpg 1024w, https:\/\/marokko-hautnah.de\/wp-content\/uploads\/2017\/09\/couscous-300x170.jpg 300w, https:\/\/marokko-hautnah.de\/wp-content\/uploads\/2017\/09\/couscous-768x435.jpg 768w, https:\/\/marokko-hautnah.de\/wp-content\/uploads\/2017\/09\/couscous-750x425.jpg 750w, https:\/\/marokko-hautnah.de\/wp-content\/uploads\/2017\/09\/couscous-400x226.jpg 400w, https:\/\/marokko-hautnah.de\/wp-content\/uploads\/2017\/09\/couscous-430x243.jpg 430w, https:\/\/marokko-hautnah.de\/wp-content\/uploads\/2017\/09\/couscous-150x85.jpg 150w, https:\/\/marokko-hautnah.de\/wp-content\/uploads\/2017\/09\/couscous-100x57.jpg 100w\" data-sizes=\"(max-width: 1024px) 100vw, 1024px\"  aria-label=\"image Dinnershow mit Fantasia &#8211; Couscous\"  id='av-masonry-1-item-2686' data-av-masonry-item='2686' class='av-masonry-entry isotope-item post-2686 attachment type-attachment status-inherit hentry  av-masonry-item-with-image' title=\"\" alt=\"\"    itemprop=\"thumbnailUrl\"  data-rel=\"lightbox-gallery-n9roSU02\" data-rl_title=\"\" data-rl_caption=\"\"><div class='av-inner-masonry-sizer'><\/div><figure class='av-inner-masonry main_color'><div class=\"av-masonry-outerimage-container\"><div class='av-masonry-image-container' style=\"background-image: url(https:\/\/marokko-hautnah.de\/wp-content\/uploads\/2017\/09\/couscous.jpg);\"  title=\"Dinnershow mit Fantasia &#8211; Couscous\"  ><\/div><\/div><\/figure><\/a><!--end av-masonry entry--><a href=\"https:\/\/marokko-hautnah.de\/wp-content\/uploads\/2017\/09\/ambiente-1024x619.jpg\" data-srcset=\"https:\/\/marokko-hautnah.de\/wp-content\/uploads\/2017\/09\/ambiente-1024x619.jpg 1024w, https:\/\/marokko-hautnah.de\/wp-content\/uploads\/2017\/09\/ambiente-300x181.jpg 300w, https:\/\/marokko-hautnah.de\/wp-content\/uploads\/2017\/09\/ambiente-768x465.jpg 768w, https:\/\/marokko-hautnah.de\/wp-content\/uploads\/2017\/09\/ambiente-750x454.jpg 750w, https:\/\/marokko-hautnah.de\/wp-content\/uploads\/2017\/09\/ambiente-400x242.jpg 400w, https:\/\/marokko-hautnah.de\/wp-content\/uploads\/2017\/09\/ambiente-430x260.jpg 430w, https:\/\/marokko-hautnah.de\/wp-content\/uploads\/2017\/09\/ambiente-150x91.jpg 150w, https:\/\/marokko-hautnah.de\/wp-content\/uploads\/2017\/09\/ambiente-100x60.jpg 100w\" data-sizes=\"(max-width: 1024px) 100vw, 1024px\"  aria-label=\"image Dinnershow mit Fantasia &#8211; Ambiente\"  id='av-masonry-1-item-2684' data-av-masonry-item='2684' class='av-masonry-entry isotope-item post-2684 attachment type-attachment status-inherit hentry  av-masonry-item-with-image' title=\"\" alt=\"\"    itemprop=\"thumbnailUrl\"  data-rel=\"lightbox-gallery-n9roSU02\" data-rl_title=\"\" data-rl_caption=\"\"><div class='av-inner-masonry-sizer'><\/div><figure class='av-inner-masonry main_color'><div class=\"av-masonry-outerimage-container\"><div class='av-masonry-image-container' style=\"background-image: url(https:\/\/marokko-hautnah.de\/wp-content\/uploads\/2017\/09\/ambiente.jpg);\"  title=\"Dinnershow mit Fantasia &#8211; Ambiente\"  ><\/div><\/div><\/figure><\/a><!--end av-masonry entry--><a href=\"https:\/\/marokko-hautnah.de\/wp-content\/uploads\/2017\/09\/fantasia-1024x597.jpg\" data-srcset=\"https:\/\/marokko-hautnah.de\/wp-content\/uploads\/2017\/09\/fantasia-1024x597.jpg 1024w, https:\/\/marokko-hautnah.de\/wp-content\/uploads\/2017\/09\/fantasia-300x175.jpg 300w, https:\/\/marokko-hautnah.de\/wp-content\/uploads\/2017\/09\/fantasia-768x447.jpg 768w, https:\/\/marokko-hautnah.de\/wp-content\/uploads\/2017\/09\/fantasia-750x437.jpg 750w, https:\/\/marokko-hautnah.de\/wp-content\/uploads\/2017\/09\/fantasia-400x233.jpg 400w, https:\/\/marokko-hautnah.de\/wp-content\/uploads\/2017\/09\/fantasia-430x251.jpg 430w, https:\/\/marokko-hautnah.de\/wp-content\/uploads\/2017\/09\/fantasia-150x87.jpg 150w, https:\/\/marokko-hautnah.de\/wp-content\/uploads\/2017\/09\/fantasia-100x58.jpg 100w\" data-sizes=\"(max-width: 1024px) 100vw, 1024px\"  aria-label=\"image Dinnershow mit Fantasia\"  id='av-masonry-1-item-2682' data-av-masonry-item='2682' class='av-masonry-entry isotope-item post-2682 attachment type-attachment status-inherit hentry  av-masonry-item-with-image' title=\"\" alt=\"\"    itemprop=\"thumbnailUrl\"  data-rel=\"lightbox-gallery-n9roSU02\" data-rl_title=\"\" data-rl_caption=\"\"><div class='av-inner-masonry-sizer'><\/div><figure class='av-inner-masonry main_color'><div class=\"av-masonry-outerimage-container\"><div class='av-masonry-image-container' style=\"background-image: url(https:\/\/marokko-hautnah.de\/wp-content\/uploads\/2017\/09\/fantasia.jpg);\"  title=\"Dinnershow mit Fantasia\"  ><\/div><\/div><\/figure><\/a><!--end av-masonry entry--><a href=\"https:\/\/marokko-hautnah.de\/wp-content\/uploads\/2017\/09\/feuerwerk-1024x584.jpg\" data-srcset=\"https:\/\/marokko-hautnah.de\/wp-content\/uploads\/2017\/09\/feuerwerk-1024x584.jpg 1024w, https:\/\/marokko-hautnah.de\/wp-content\/uploads\/2017\/09\/feuerwerk-300x171.jpg 300w, https:\/\/marokko-hautnah.de\/wp-content\/uploads\/2017\/09\/feuerwerk-768x438.jpg 768w, https:\/\/marokko-hautnah.de\/wp-content\/uploads\/2017\/09\/feuerwerk-750x428.jpg 750w, https:\/\/marokko-hautnah.de\/wp-content\/uploads\/2017\/09\/feuerwerk-400x228.jpg 400w, https:\/\/marokko-hautnah.de\/wp-content\/uploads\/2017\/09\/feuerwerk-430x245.jpg 430w, https:\/\/marokko-hautnah.de\/wp-content\/uploads\/2017\/09\/feuerwerk-150x86.jpg 150w, https:\/\/marokko-hautnah.de\/wp-content\/uploads\/2017\/09\/feuerwerk-100x57.jpg 100w\" data-sizes=\"(max-width: 1024px) 100vw, 1024px\"  aria-label=\"image Dinnershow mit Fantasia &#8211; Feuerwerk\"  id='av-masonry-1-item-2680' data-av-masonry-item='2680' class='av-masonry-entry isotope-item post-2680 attachment type-attachment status-inherit hentry  av-masonry-item-with-image' title=\"\" alt=\"\"    itemprop=\"thumbnailUrl\"  data-rel=\"lightbox-gallery-n9roSU02\" data-rl_title=\"\" data-rl_caption=\"\"><div class='av-inner-masonry-sizer'><\/div><figure class='av-inner-masonry main_color'><div class=\"av-masonry-outerimage-container\"><div class='av-masonry-image-container' style=\"background-image: url(https:\/\/marokko-hautnah.de\/wp-content\/uploads\/2017\/09\/feuerwerk.jpg);\"  title=\"Dinnershow mit Fantasia &#8211; Feuerwerk\"  ><\/div><\/div><\/figure><\/a><!--end av-masonry entry--><a href=\"https:\/\/marokko-hautnah.de\/wp-content\/uploads\/2017\/09\/entre\u0301-1024x558.jpg\" data-srcset=\"https:\/\/marokko-hautnah.de\/wp-content\/uploads\/2017\/09\/entre\u0301-1024x558.jpg 1024w, https:\/\/marokko-hautnah.de\/wp-content\/uploads\/2017\/09\/entre\u0301-300x163.jpg 300w, https:\/\/marokko-hautnah.de\/wp-content\/uploads\/2017\/09\/entre\u0301-768x418.jpg 768w, https:\/\/marokko-hautnah.de\/wp-content\/uploads\/2017\/09\/entre\u0301-750x409.jpg 750w, https:\/\/marokko-hautnah.de\/wp-content\/uploads\/2017\/09\/entre\u0301-400x218.jpg 400w, https:\/\/marokko-hautnah.de\/wp-content\/uploads\/2017\/09\/entre\u0301-430x234.jpg 430w, https:\/\/marokko-hautnah.de\/wp-content\/uploads\/2017\/09\/entre\u0301-150x82.jpg 150w, https:\/\/marokko-hautnah.de\/wp-content\/uploads\/2017\/09\/entre\u0301-100x54.jpg 100w\" data-sizes=\"(max-width: 1024px) 100vw, 1024px\"  aria-label=\"image Dinnershow mit Fantasia &#8211; Entre\u0301\"  id='av-masonry-1-item-2678' data-av-masonry-item='2678' class='av-masonry-entry isotope-item post-2678 attachment type-attachment status-inherit hentry  av-masonry-item-with-image' title=\"\" alt=\"\"    itemprop=\"thumbnailUrl\"  data-rel=\"lightbox-gallery-n9roSU02\" data-rl_title=\"\" data-rl_caption=\"\"><div class='av-inner-masonry-sizer'><\/div><figure class='av-inner-masonry main_color'><div class=\"av-masonry-outerimage-container\"><div class='av-masonry-image-container' style=\"background-image: url(https:\/\/marokko-hautnah.de\/wp-content\/uploads\/2017\/09\/entre\u0301.jpg);\"  title=\"Dinnershow mit Fantasia &#8211; Entre\u0301\"  ><\/div><\/div><\/figure><\/a><!--end av-masonry entry--><a href=\"https:\/\/marokko-hautnah.de\/wp-content\/uploads\/2017\/09\/Lamm-1024x570.jpg\" data-srcset=\"https:\/\/marokko-hautnah.de\/wp-content\/uploads\/2017\/09\/Lamm-1024x570.jpg 1024w, https:\/\/marokko-hautnah.de\/wp-content\/uploads\/2017\/09\/Lamm-300x167.jpg 300w, https:\/\/marokko-hautnah.de\/wp-content\/uploads\/2017\/09\/Lamm-768x428.jpg 768w, https:\/\/marokko-hautnah.de\/wp-content\/uploads\/2017\/09\/Lamm-750x418.jpg 750w, https:\/\/marokko-hautnah.de\/wp-content\/uploads\/2017\/09\/Lamm-400x223.jpg 400w, https:\/\/marokko-hautnah.de\/wp-content\/uploads\/2017\/09\/Lamm-430x240.jpg 430w, https:\/\/marokko-hautnah.de\/wp-content\/uploads\/2017\/09\/Lamm-150x84.jpg 150w, https:\/\/marokko-hautnah.de\/wp-content\/uploads\/2017\/09\/Lamm-100x56.jpg 100w\" data-sizes=\"(max-width: 1024px) 100vw, 1024px\"  aria-label=\"image Dinnershow mit Fantasia &#8211; Lamm\"  id='av-masonry-1-item-2676' data-av-masonry-item='2676' class='av-masonry-entry isotope-item post-2676 attachment type-attachment status-inherit hentry  av-masonry-item-with-image' title=\"\" alt=\"\"    itemprop=\"thumbnailUrl\"  data-rel=\"lightbox-gallery-n9roSU02\" data-rl_title=\"\" data-rl_caption=\"\"><div class='av-inner-masonry-sizer'><\/div><figure class='av-inner-masonry main_color'><div class=\"av-masonry-outerimage-container\"><div class='av-masonry-image-container' style=\"background-image: url(https:\/\/marokko-hautnah.de\/wp-content\/uploads\/2017\/09\/Lamm.jpg);\"  title=\"Dinnershow mit Fantasia &#8211; Lamm\"  ><\/div><\/div><\/figure><\/a><!--end av-masonry entry--><a href=\"https:\/\/marokko-hautnah.de\/wp-content\/uploads\/2017\/09\/lamm-aus-tonofen-1024x624.jpg\" data-srcset=\"https:\/\/marokko-hautnah.de\/wp-content\/uploads\/2017\/09\/lamm-aus-tonofen-1024x624.jpg 1024w, https:\/\/marokko-hautnah.de\/wp-content\/uploads\/2017\/09\/lamm-aus-tonofen-300x183.jpg 300w, https:\/\/marokko-hautnah.de\/wp-content\/uploads\/2017\/09\/lamm-aus-tonofen-768x468.jpg 768w, https:\/\/marokko-hautnah.de\/wp-content\/uploads\/2017\/09\/lamm-aus-tonofen-750x457.jpg 750w, https:\/\/marokko-hautnah.de\/wp-content\/uploads\/2017\/09\/lamm-aus-tonofen-400x244.jpg 400w, https:\/\/marokko-hautnah.de\/wp-content\/uploads\/2017\/09\/lamm-aus-tonofen-430x262.jpg 430w, https:\/\/marokko-hautnah.de\/wp-content\/uploads\/2017\/09\/lamm-aus-tonofen-150x91.jpg 150w, https:\/\/marokko-hautnah.de\/wp-content\/uploads\/2017\/09\/lamm-aus-tonofen-100x61.jpg 100w\" data-sizes=\"(max-width: 1024px) 100vw, 1024px\"  aria-label=\"image Dinnershow mit Fantasia &#8211; Lamm aus dem Tonofen\"  id='av-masonry-1-item-2674' data-av-masonry-item='2674' class='av-masonry-entry isotope-item post-2674 attachment type-attachment status-inherit hentry  av-masonry-item-with-image' title=\"\" alt=\"\"    itemprop=\"thumbnailUrl\"  data-rel=\"lightbox-gallery-n9roSU02\" data-rl_title=\"\" data-rl_caption=\"\"><div class='av-inner-masonry-sizer'><\/div><figure class='av-inner-masonry main_color'><div class=\"av-masonry-outerimage-container\"><div class='av-masonry-image-container' style=\"background-image: url(https:\/\/marokko-hautnah.de\/wp-content\/uploads\/2017\/09\/lamm-aus-tonofen.jpg);\"  title=\"Dinnershow mit Fantasia &#8211; Lamm aus dem Tonofen\"  ><\/div><\/div><\/figure><\/a><!--end av-masonry entry--><a href=\"https:\/\/marokko-hautnah.de\/wp-content\/uploads\/2017\/09\/nachtisch-1024x605.jpg\" data-srcset=\"https:\/\/marokko-hautnah.de\/wp-content\/uploads\/2017\/09\/nachtisch-1024x605.jpg 1024w, https:\/\/marokko-hautnah.de\/wp-content\/uploads\/2017\/09\/nachtisch-300x177.jpg 300w, https:\/\/marokko-hautnah.de\/wp-content\/uploads\/2017\/09\/nachtisch-768x454.jpg 768w, https:\/\/marokko-hautnah.de\/wp-content\/uploads\/2017\/09\/nachtisch-750x443.jpg 750w, https:\/\/marokko-hautnah.de\/wp-content\/uploads\/2017\/09\/nachtisch-400x236.jpg 400w, https:\/\/marokko-hautnah.de\/wp-content\/uploads\/2017\/09\/nachtisch-430x254.jpg 430w, https:\/\/marokko-hautnah.de\/wp-content\/uploads\/2017\/09\/nachtisch-150x89.jpg 150w, https:\/\/marokko-hautnah.de\/wp-content\/uploads\/2017\/09\/nachtisch-100x59.jpg 100w\" data-sizes=\"(max-width: 1024px) 100vw, 1024px\"  aria-label=\"image Dinnershow mit Fantasia &#8211; Nachtisch\"  id='av-masonry-1-item-2672' data-av-masonry-item='2672' class='av-masonry-entry isotope-item post-2672 attachment type-attachment status-inherit hentry  av-masonry-item-with-image' title=\"\" alt=\"\"    itemprop=\"thumbnailUrl\"  data-rel=\"lightbox-gallery-n9roSU02\" data-rl_title=\"\" data-rl_caption=\"\"><div class='av-inner-masonry-sizer'><\/div><figure class='av-inner-masonry main_color'><div class=\"av-masonry-outerimage-container\"><div class='av-masonry-image-container' style=\"background-image: url(https:\/\/marokko-hautnah.de\/wp-content\/uploads\/2017\/09\/nachtisch.jpg);\"  title=\"Dinnershow mit Fantasia &#8211; Nachtisch\"  ><\/div><\/div><\/figure><\/a><!--end av-masonry entry--><\/div><\/div><\/div><section  class='av_textblock_section av-laavn0zz-8dea2e1ade500d52140403995d717480'  itemscope=\"itemscope\" itemtype=\"https:\/\/schema.org\/CreativeWork\" ><div class='avia_textblock'  itemprop=\"text\" ><h2>D\u00eener avec fantasia<\/h2>\n<p>Enchant\u00e9 et magnetis\u00e9 par les chansons et les danses des groupes folkloriques, vous mangerez, \u00e9coutez et voyez quelque chose de vraiment exceptionnel: un divertissement unique dans une ar\u00e8ne aussi vaste qu&rsquo;un terrain de football, un beau d\u00e9fil\u00e9, des Fantasias fantastiques inoubliables, des chansons traditionnelles et des danses &#8230; Tous cette magie au son d&rsquo;une musique captivante &#8230; Magique! Magnifique! M\u00e9morable! C&rsquo;est tout cela \u00e0 la fois. Au fil des ans, la r\u00e9putation de ce salon s&rsquo;est d\u00e9velopp\u00e9e dans le monde entier et est devenue une attraction incontournable pendant votre s\u00e9jour \u00e0 Marrakech. Les danseurs, les musiciens, les acrobates, les cavaliers, les magiciens, vivent tous et partagent leurs passions avec enthousiasme. Quelques soir\u00e9es, vous pouvez m\u00eame rep\u00e9rer un tapis volant portant un sultan voyageant &#8230; Digne de 1001 nuits &#8230; Et ala fin un feu d artifice magique.<\/p>\n<div class=\"su-youtube su-u-responsive-media-yes\"><iframe loading=\"lazy\" width=\"600\" height=\"400\" src=\"https:\/\/www.youtube.com\/embed\/ZgQFsdM6w_g?\" frameborder=\"0\" allowfullscreen allow=\"autoplay; encrypted-media; picture-in-picture\" title=\"\"><\/iframe><\/div>\n<p><strong>Menu Viande ou poulet &#8211; sauf boissons<\/strong><\/p>\n<p>\u2022 harira marocain<br \/>\n\u2022 Tagine au poulet au citron \/ Tagine \u00e0 la viande avec des pruneaux<br \/>\n\u2022 Couscous avec sept l\u00e9gumes<br \/>\n\u2022 Fruits saisonniers<br \/>\n\u2022 Th\u00e9 \u00e0 la menthe<br \/>\n\u2022 p\u00e2tisseries marocaines<\/p>\n<p>Nous vous organisons la visite pour un prix sp\u00e9cial de 47 euros qui comprend le transport allee\/retour de notre riad (l&rsquo;endroit est loin dans le palmaire et pas facile \u00e0 rejoindre avec les transports publiques), compris le spectacle et un d\u00eener luxueux.<\/p>\n<\/div><\/section>\n","protected":false},"excerpt":{"rendered":"","protected":false},"author":3,"featured_media":0,"parent":0,"menu_order":0,"comment_status":"closed","ping_status":"closed","template":"","meta":{"footnotes":""},"class_list":["post-2948","page","type-page","status-publish","hentry"],"_links":{"self":[{"href":"https:\/\/marokko-hautnah.de\/fr\/wp-json\/wp\/v2\/pages\/2948","targetHints":{"allow":["GET"]}}],"collection":[{"href":"https:\/\/marokko-hautnah.de\/fr\/wp-json\/wp\/v2\/pages"}],"about":[{"href":"https:\/\/marokko-hautnah.de\/fr\/wp-json\/wp\/v2\/types\/page"}],"author":[{"embeddable":true,"href":"https:\/\/marokko-hautnah.de\/fr\/wp-json\/wp\/v2\/users\/3"}],"replies":[{"embeddable":true,"href":"https:\/\/marokko-hautnah.de\/fr\/wp-json\/wp\/v2\/comments?post=2948"}],"version-history":[{"count":2,"href":"https:\/\/marokko-hautnah.de\/fr\/wp-json\/wp\/v2\/pages\/2948\/revisions"}],"predecessor-version":[{"id":3377,"href":"https:\/\/marokko-hautnah.de\/fr\/wp-json\/wp\/v2\/pages\/2948\/revisions\/3377"}],"wp:attachment":[{"href":"https:\/\/marokko-hautnah.de\/fr\/wp-json\/wp\/v2\/media?parent=2948"}],"curies":[{"name":"wp","href":"https:\/\/api.w.org\/{rel}","templated":true}]}}