{"id":2952,"date":"2019-02-08T12:44:02","date_gmt":"2019-02-08T11:44:02","guid":{"rendered":"https:\/\/marokko-hautnah.de\/hamam-das-badezimmer-der-marokkaner\/"},"modified":"2022-11-22T18:15:35","modified_gmt":"2022-11-22T17:15:35","slug":"hamam-das-badezimmer-der-marokkaner","status":"publish","type":"page","link":"https:\/\/marokko-hautnah.de\/fr\/hamam-das-badezimmer-der-marokkaner\/","title":{"rendered":"Hamam &#8211; la salle de bain des marocains"},"content":{"rendered":"<div class='flex_column av-av_one_full-7714eba142aeda1f8b5272a3c372b279 av_one_full  avia-builder-el-0  el_before_av_textblock  avia-builder-el-first  first flex_column_div '     ><div id='av-masonry-1' class='av-masonry av-lash9pfi-7a05f065931498e6a693e5532b36b864 noHover av-fixed-size av-large-gap av-hover-overlay-active av-masonry-animation-active av-masonry-col-flexible av-caption-always av-caption-style- av-masonry-gallery '><div class=\"av-masonry-container isotope av-js-disabled\"><div class='av-masonry-entry isotope-item av-masonry-item-no-image '><\/div><a href=\"https:\/\/marokko-hautnah.de\/wp-content\/uploads\/2015\/06\/Marokko-9-1024x341.jpg\" data-srcset=\"https:\/\/marokko-hautnah.de\/wp-content\/uploads\/2015\/06\/Marokko-9-1024x341.jpg 1024w, https:\/\/marokko-hautnah.de\/wp-content\/uploads\/2015\/06\/Marokko-9-300x100.jpg 300w, https:\/\/marokko-hautnah.de\/wp-content\/uploads\/2015\/06\/Marokko-9-750x250.jpg 750w, https:\/\/marokko-hautnah.de\/wp-content\/uploads\/2015\/06\/Marokko-9-400x133.jpg 400w, https:\/\/marokko-hautnah.de\/wp-content\/uploads\/2015\/06\/Marokko-9-430x143.jpg 430w, https:\/\/marokko-hautnah.de\/wp-content\/uploads\/2015\/06\/Marokko-9-150x50.jpg 150w, https:\/\/marokko-hautnah.de\/wp-content\/uploads\/2015\/06\/Marokko-9-100x33.jpg 100w, https:\/\/marokko-hautnah.de\/wp-content\/uploads\/2015\/06\/Marokko-9.jpg 1800w\" data-sizes=\"(max-width: 1024px) 100vw, 1024px\"  aria-label=\"image Marokko\"  id='av-masonry-1-item-1926' data-av-masonry-item='1926' class='av-masonry-entry isotope-item post-1926 attachment type-attachment status-inherit hentry  av-masonry-item-with-image av-landscape-img' title=\"\" alt=\"\"    itemprop=\"thumbnailUrl\"  data-rel=\"lightbox-gallery-5h8xP8Gw\" data-rl_title=\"\" data-rl_caption=\"\"><div class='av-inner-masonry-sizer'><\/div><figure class='av-inner-masonry main_color'><div class=\"av-masonry-outerimage-container\"><div class='av-masonry-image-container' style=\"background-image: url(https:\/\/marokko-hautnah.de\/wp-content\/uploads\/2015\/06\/Marokko-9.jpg);\"  title=\"Marokko\"  ><\/div><\/div><\/figure><\/a><!--end av-masonry entry--><a href=\"https:\/\/marokko-hautnah.de\/wp-content\/uploads\/2015\/06\/Marokko-8.jpg\" data-srcset=\"https:\/\/marokko-hautnah.de\/wp-content\/uploads\/2015\/06\/Marokko-8.jpg 450w, https:\/\/marokko-hautnah.de\/wp-content\/uploads\/2015\/06\/Marokko-8-225x300.jpg 225w, https:\/\/marokko-hautnah.de\/wp-content\/uploads\/2015\/06\/Marokko-8-400x533.jpg 400w, https:\/\/marokko-hautnah.de\/wp-content\/uploads\/2015\/06\/Marokko-8-430x573.jpg 430w, https:\/\/marokko-hautnah.de\/wp-content\/uploads\/2015\/06\/Marokko-8-150x200.jpg 150w, https:\/\/marokko-hautnah.de\/wp-content\/uploads\/2015\/06\/Marokko-8-100x133.jpg 100w\" data-sizes=\"(max-width: 450px) 100vw, 450px\"  aria-label=\"image Marokko\"  id='av-masonry-1-item-1924' data-av-masonry-item='1924' class='av-masonry-entry isotope-item post-1924 attachment type-attachment status-inherit hentry  av-masonry-item-with-image av-grid-img' title=\"\" alt=\"\"    itemprop=\"thumbnailUrl\"  data-rel=\"lightbox-gallery-5h8xP8Gw\" data-rl_title=\"\" data-rl_caption=\"\"><div class='av-inner-masonry-sizer'><\/div><figure class='av-inner-masonry main_color'><div class=\"av-masonry-outerimage-container\"><div class='av-masonry-image-container' style=\"background-image: url(https:\/\/marokko-hautnah.de\/wp-content\/uploads\/2015\/06\/Marokko-8.jpg);\"  title=\"Marokko\"  ><\/div><\/div><\/figure><\/a><!--end av-masonry entry--><a href=\"https:\/\/marokko-hautnah.de\/wp-content\/uploads\/2015\/06\/Marokko-7.jpg\" data-srcset=\"https:\/\/marokko-hautnah.de\/wp-content\/uploads\/2015\/06\/Marokko-7.jpg 450w, https:\/\/marokko-hautnah.de\/wp-content\/uploads\/2015\/06\/Marokko-7-225x300.jpg 225w, https:\/\/marokko-hautnah.de\/wp-content\/uploads\/2015\/06\/Marokko-7-400x533.jpg 400w, https:\/\/marokko-hautnah.de\/wp-content\/uploads\/2015\/06\/Marokko-7-430x573.jpg 430w, https:\/\/marokko-hautnah.de\/wp-content\/uploads\/2015\/06\/Marokko-7-150x200.jpg 150w, https:\/\/marokko-hautnah.de\/wp-content\/uploads\/2015\/06\/Marokko-7-100x133.jpg 100w\" data-sizes=\"(max-width: 450px) 100vw, 450px\"  aria-label=\"image Marokko\"  id='av-masonry-1-item-1922' data-av-masonry-item='1922' class='av-masonry-entry isotope-item post-1922 attachment type-attachment status-inherit hentry  av-masonry-item-with-image av-grid-img' title=\"\" alt=\"\"    itemprop=\"thumbnailUrl\"  data-rel=\"lightbox-gallery-5h8xP8Gw\" data-rl_title=\"\" data-rl_caption=\"\"><div class='av-inner-masonry-sizer'><\/div><figure class='av-inner-masonry main_color'><div class=\"av-masonry-outerimage-container\"><div class='av-masonry-image-container' style=\"background-image: url(https:\/\/marokko-hautnah.de\/wp-content\/uploads\/2015\/06\/Marokko-7.jpg);\"  title=\"Marokko\"  ><\/div><\/div><\/figure><\/a><!--end av-masonry entry--><a href=\"https:\/\/marokko-hautnah.de\/wp-content\/uploads\/2015\/06\/Marokko-6.jpg\" data-srcset=\"https:\/\/marokko-hautnah.de\/wp-content\/uploads\/2015\/06\/Marokko-6.jpg 800w, https:\/\/marokko-hautnah.de\/wp-content\/uploads\/2015\/06\/Marokko-6-300x225.jpg 300w, https:\/\/marokko-hautnah.de\/wp-content\/uploads\/2015\/06\/Marokko-6-750x563.jpg 750w, https:\/\/marokko-hautnah.de\/wp-content\/uploads\/2015\/06\/Marokko-6-400x300.jpg 400w, https:\/\/marokko-hautnah.de\/wp-content\/uploads\/2015\/06\/Marokko-6-430x323.jpg 430w, https:\/\/marokko-hautnah.de\/wp-content\/uploads\/2015\/06\/Marokko-6-150x113.jpg 150w, https:\/\/marokko-hautnah.de\/wp-content\/uploads\/2015\/06\/Marokko-6-100x75.jpg 100w\" data-sizes=\"(max-width: 800px) 100vw, 800px\"  aria-label=\"image Marokko\"  id='av-masonry-1-item-1920' data-av-masonry-item='1920' class='av-masonry-entry isotope-item post-1920 attachment type-attachment status-inherit hentry  av-masonry-item-with-image av-grid-img' title=\"\" alt=\"\"    itemprop=\"thumbnailUrl\"  data-rel=\"lightbox-gallery-5h8xP8Gw\" data-rl_title=\"\" data-rl_caption=\"\"><div class='av-inner-masonry-sizer'><\/div><figure class='av-inner-masonry main_color'><div class=\"av-masonry-outerimage-container\"><div class='av-masonry-image-container' style=\"background-image: url(https:\/\/marokko-hautnah.de\/wp-content\/uploads\/2015\/06\/Marokko-6.jpg);\"  title=\"Marokko\"  ><\/div><\/div><\/figure><\/a><!--end av-masonry entry--><a href=\"https:\/\/marokko-hautnah.de\/wp-content\/uploads\/2015\/06\/Marokko-5.jpg\" data-srcset=\"https:\/\/marokko-hautnah.de\/wp-content\/uploads\/2015\/06\/Marokko-5.jpg 800w, https:\/\/marokko-hautnah.de\/wp-content\/uploads\/2015\/06\/Marokko-5-300x225.jpg 300w, https:\/\/marokko-hautnah.de\/wp-content\/uploads\/2015\/06\/Marokko-5-750x563.jpg 750w, https:\/\/marokko-hautnah.de\/wp-content\/uploads\/2015\/06\/Marokko-5-400x300.jpg 400w, https:\/\/marokko-hautnah.de\/wp-content\/uploads\/2015\/06\/Marokko-5-430x323.jpg 430w, https:\/\/marokko-hautnah.de\/wp-content\/uploads\/2015\/06\/Marokko-5-150x113.jpg 150w, https:\/\/marokko-hautnah.de\/wp-content\/uploads\/2015\/06\/Marokko-5-100x75.jpg 100w\" data-sizes=\"(max-width: 800px) 100vw, 800px\"  aria-label=\"image Marokko\"  id='av-masonry-1-item-1918' data-av-masonry-item='1918' class='av-masonry-entry isotope-item post-1918 attachment type-attachment status-inherit hentry  av-masonry-item-with-image av-grid-img' title=\"\" alt=\"\"    itemprop=\"thumbnailUrl\"  data-rel=\"lightbox-gallery-5h8xP8Gw\" data-rl_title=\"\" data-rl_caption=\"\"><div class='av-inner-masonry-sizer'><\/div><figure class='av-inner-masonry main_color'><div class=\"av-masonry-outerimage-container\"><div class='av-masonry-image-container' style=\"background-image: url(https:\/\/marokko-hautnah.de\/wp-content\/uploads\/2015\/06\/Marokko-5.jpg);\"  title=\"Marokko\"  ><\/div><\/div><\/figure><\/a><!--end av-masonry entry--><a href=\"https:\/\/marokko-hautnah.de\/wp-content\/uploads\/2015\/06\/Marokko-4.jpg\" data-srcset=\"https:\/\/marokko-hautnah.de\/wp-content\/uploads\/2015\/06\/Marokko-4.jpg 800w, https:\/\/marokko-hautnah.de\/wp-content\/uploads\/2015\/06\/Marokko-4-300x225.jpg 300w, https:\/\/marokko-hautnah.de\/wp-content\/uploads\/2015\/06\/Marokko-4-750x563.jpg 750w, https:\/\/marokko-hautnah.de\/wp-content\/uploads\/2015\/06\/Marokko-4-400x300.jpg 400w, https:\/\/marokko-hautnah.de\/wp-content\/uploads\/2015\/06\/Marokko-4-430x323.jpg 430w, https:\/\/marokko-hautnah.de\/wp-content\/uploads\/2015\/06\/Marokko-4-150x113.jpg 150w, https:\/\/marokko-hautnah.de\/wp-content\/uploads\/2015\/06\/Marokko-4-100x75.jpg 100w\" data-sizes=\"(max-width: 800px) 100vw, 800px\"  aria-label=\"image Marokko\"  id='av-masonry-1-item-1916' data-av-masonry-item='1916' class='av-masonry-entry isotope-item post-1916 attachment type-attachment status-inherit hentry  av-masonry-item-with-image av-grid-img' title=\"\" alt=\"\"    itemprop=\"thumbnailUrl\"  data-rel=\"lightbox-gallery-5h8xP8Gw\" data-rl_title=\"\" data-rl_caption=\"\"><div class='av-inner-masonry-sizer'><\/div><figure class='av-inner-masonry main_color'><div class=\"av-masonry-outerimage-container\"><div class='av-masonry-image-container' style=\"background-image: url(https:\/\/marokko-hautnah.de\/wp-content\/uploads\/2015\/06\/Marokko-4.jpg);\"  title=\"Marokko\"  ><\/div><\/div><\/figure><\/a><!--end av-masonry entry--><a href=\"https:\/\/marokko-hautnah.de\/wp-content\/uploads\/2015\/06\/Marokko-3.jpg\" data-srcset=\"https:\/\/marokko-hautnah.de\/wp-content\/uploads\/2015\/06\/Marokko-3.jpg 800w, https:\/\/marokko-hautnah.de\/wp-content\/uploads\/2015\/06\/Marokko-3-300x225.jpg 300w, https:\/\/marokko-hautnah.de\/wp-content\/uploads\/2015\/06\/Marokko-3-750x563.jpg 750w, https:\/\/marokko-hautnah.de\/wp-content\/uploads\/2015\/06\/Marokko-3-400x300.jpg 400w, https:\/\/marokko-hautnah.de\/wp-content\/uploads\/2015\/06\/Marokko-3-430x323.jpg 430w, https:\/\/marokko-hautnah.de\/wp-content\/uploads\/2015\/06\/Marokko-3-150x113.jpg 150w, https:\/\/marokko-hautnah.de\/wp-content\/uploads\/2015\/06\/Marokko-3-100x75.jpg 100w\" data-sizes=\"(max-width: 800px) 100vw, 800px\"  aria-label=\"image Marokko\"  id='av-masonry-1-item-1914' data-av-masonry-item='1914' class='av-masonry-entry isotope-item post-1914 attachment type-attachment status-inherit hentry  av-masonry-item-with-image av-grid-img' title=\"\" alt=\"\"    itemprop=\"thumbnailUrl\"  data-rel=\"lightbox-gallery-5h8xP8Gw\" data-rl_title=\"\" data-rl_caption=\"\"><div class='av-inner-masonry-sizer'><\/div><figure class='av-inner-masonry main_color'><div class=\"av-masonry-outerimage-container\"><div class='av-masonry-image-container' style=\"background-image: url(https:\/\/marokko-hautnah.de\/wp-content\/uploads\/2015\/06\/Marokko-3.jpg);\"  title=\"Marokko\"  ><\/div><\/div><\/figure><\/a><!--end av-masonry entry--><a href=\"https:\/\/marokko-hautnah.de\/wp-content\/uploads\/2015\/06\/Marokko-2.jpg\" data-srcset=\"https:\/\/marokko-hautnah.de\/wp-content\/uploads\/2015\/06\/Marokko-2.jpg 800w, https:\/\/marokko-hautnah.de\/wp-content\/uploads\/2015\/06\/Marokko-2-300x225.jpg 300w, https:\/\/marokko-hautnah.de\/wp-content\/uploads\/2015\/06\/Marokko-2-750x563.jpg 750w, https:\/\/marokko-hautnah.de\/wp-content\/uploads\/2015\/06\/Marokko-2-400x300.jpg 400w, https:\/\/marokko-hautnah.de\/wp-content\/uploads\/2015\/06\/Marokko-2-430x323.jpg 430w, https:\/\/marokko-hautnah.de\/wp-content\/uploads\/2015\/06\/Marokko-2-150x113.jpg 150w, https:\/\/marokko-hautnah.de\/wp-content\/uploads\/2015\/06\/Marokko-2-100x75.jpg 100w\" data-sizes=\"(max-width: 800px) 100vw, 800px\"  aria-label=\"image Marokko\"  id='av-masonry-1-item-1912' data-av-masonry-item='1912' class='av-masonry-entry isotope-item post-1912 attachment type-attachment status-inherit hentry  av-masonry-item-with-image av-grid-img' title=\"\" alt=\"\"    itemprop=\"thumbnailUrl\"  data-rel=\"lightbox-gallery-5h8xP8Gw\" data-rl_title=\"\" data-rl_caption=\"\"><div class='av-inner-masonry-sizer'><\/div><figure class='av-inner-masonry main_color'><div class=\"av-masonry-outerimage-container\"><div class='av-masonry-image-container' style=\"background-image: url(https:\/\/marokko-hautnah.de\/wp-content\/uploads\/2015\/06\/Marokko-2.jpg);\"  title=\"Marokko\"  ><\/div><\/div><\/figure><\/a><!--end av-masonry entry--><a href=\"https:\/\/marokko-hautnah.de\/wp-content\/uploads\/2015\/06\/Marokko-10.jpg\" data-srcset=\"https:\/\/marokko-hautnah.de\/wp-content\/uploads\/2015\/06\/Marokko-10.jpg 800w, https:\/\/marokko-hautnah.de\/wp-content\/uploads\/2015\/06\/Marokko-10-300x225.jpg 300w, https:\/\/marokko-hautnah.de\/wp-content\/uploads\/2015\/06\/Marokko-10-750x563.jpg 750w, https:\/\/marokko-hautnah.de\/wp-content\/uploads\/2015\/06\/Marokko-10-400x300.jpg 400w, https:\/\/marokko-hautnah.de\/wp-content\/uploads\/2015\/06\/Marokko-10-430x323.jpg 430w, https:\/\/marokko-hautnah.de\/wp-content\/uploads\/2015\/06\/Marokko-10-150x113.jpg 150w, https:\/\/marokko-hautnah.de\/wp-content\/uploads\/2015\/06\/Marokko-10-100x75.jpg 100w\" data-sizes=\"(max-width: 800px) 100vw, 800px\"  aria-label=\"image Marokko\"  id='av-masonry-1-item-1928' data-av-masonry-item='1928' class='av-masonry-entry isotope-item post-1928 attachment type-attachment status-inherit hentry  av-masonry-item-with-image av-grid-img' title=\"\" alt=\"\"    itemprop=\"thumbnailUrl\"  data-rel=\"lightbox-gallery-5h8xP8Gw\" data-rl_title=\"\" data-rl_caption=\"\"><div class='av-inner-masonry-sizer'><\/div><figure class='av-inner-masonry main_color'><div class=\"av-masonry-outerimage-container\"><div class='av-masonry-image-container' style=\"background-image: url(https:\/\/marokko-hautnah.de\/wp-content\/uploads\/2015\/06\/Marokko-10.jpg);\"  title=\"Marokko\"  ><\/div><\/div><\/figure><\/a><!--end av-masonry entry--><\/div><\/div><\/div><section  class='av_textblock_section av-laavq4xz-75bc364dde99188588f4e0ad44de20d3'  itemscope=\"itemscope\" itemtype=\"https:\/\/schema.org\/CreativeWork\" ><div class='avia_textblock'  itemprop=\"text\" ><div class=\"page\" title=\"Page 1\">\n<div class=\"layoutArea\">\n<div class=\"column\"><strong>Hamam la \u00ab\u00a0salle de bain des marocains\u00a0\u00bb<\/strong><\/div>\n<div><\/div>\n<div class=\"column\">Le rituel du hammam marocain n&rsquo;est pas aussi diff\u00e9renci\u00e9 que le turc, mais m\u00e9rite une exp\u00e9rience \u00e0 ne pas manquer.\u2028Il existe deux types de hammam: le hammam touristique, qui co\u00fbte environ 35 \u20ac pour une visite d&rsquo;une heure, et les \u00ab\u00a0hamams de quartier\u00a0\u00bb fr\u00e9quent\u00e9s par la population locale, qui parfois ne dispose pas une salle de bain pour se laver. Voici l&rsquo;entr\u00e9e environ 1 \u20ac, mais vous devriez d\u00e9j\u00e0 savoir comment tout fonctionne et apporter vos propres ustensiles.\u2028Les hammams sont toujours strictement s\u00e9par\u00e9s par sexe. Les grands hammams ont des entr\u00e9es et des zones compl\u00e8tement s\u00e9par\u00e9es pour les hommes et les femmes. Les petits hammams avec une seule zone de hammam sont g\u00e9n\u00e9ralement ouverts aux femmes pendant le jour et aux hommes du soir jusque la nuit Le Hamam consite des quattre zones differentes: la zone d entr\u00e9e ou on change les vetements et tois salles \u00e1vec temperatures diff\u00e9rentes, o\u00f9 tout se fait exclusivement au sol, qui est plus ou moins chauff\u00e9 par un syst\u00e8me hypocauste. La pi\u00e8ce la plus chaude est toujours la derni\u00e8re sous laquelle se trouve le four aliment\u00e9 de l\u2019ext\u00e9rieur (toujours avec du bois).<\/div>\n<div><\/div>\n<div class=\"column\"><strong>Comportement au Hamam:<\/strong><\/div>\n<div><\/div>\n<div class=\"column\">La discr\u00e9tion dans les vestiaires et dans le hammam est primordiale, surtout chez les hommes! Vous ne devriez jamais vous montrer compl\u00e8tement nue. Vous gardez toujours votre slip ou votre maillot de bain et vous passez une serviette autour de votre ventre lorsque vous changez vos v\u00eatements! \u00c9tonnamment, les femmes sont beaucoup plus d\u00e9tendues. Au mieux, ils gardent une culotte mais tres souvent ils sont nus et ils se g\u00e8nent pas. Pour les touristes, c&rsquo;est une exp\u00e9rience tr\u00e8s sp\u00e9ciale d&rsquo;aller dans un v\u00e9ritable hamam du quartier, car ici, vous pouvez communiquer femme \u00e0 femme, ce qui est autrement difficilement possible au Maroc. Cependant, la plupart des femmes ne parlent ni le fran\u00e7ais ni l&rsquo;anglais et la communication est principalement non verbale. C&rsquo;est mieux si vous partez avec une amie. Nous sommes heureux d&rsquo;organiser une dame marocaine de notre riad pour accompagner nos femmes lors du rituel. Pour les femmes, cela prend g\u00e9n\u00e9ralement deux heures, les hommes peuvent le faire en une heure.<\/div>\n<div><\/div>\n<div class=\"column\"><strong>Qu&rsquo;est-ce que vous devez prendre avec vous:<\/strong><\/div>\n<div><\/div>\n<div class=\"column\">Une serviette, une louche en plastique (vous pouvez \u00e9galement utiliser un bol que vous pouvez d\u00e9couper dans le fond d&rsquo;une grande bouteille d&rsquo;eau en plastique), un sachet de Savon Noir (p\u00e2te de savon aux olives, que vous obtenez partout pour un Dirham dans les souks), Des tongs, un gant de friction qui coute un maximum de 10 dirhams dans la plupart des boutiques du coin et votre propre shampoing douche et cheveux. Un sac en plastique ou un sac \u00e0 dos pour ranger vos v\u00eatements.<\/div>\n<div><\/div>\n<div class=\"column\"><strong>Proc\u00e9dure du rituel du Hamam:<\/strong><\/div>\n<div><\/div>\n<div class=\"column\">Vous entrez dans la zone d\u2019entr\u00e9e et vous vous d\u00e9shabillez (discr\u00e8tement!). Sauf le cale\u00e7on, rangez vos v\u00eatements dans votre sac et remettez-les au gardien du hammam qui les range dans une bo\u00eete qui peut \u00eatre verrouill\u00e9e dans de rares cas. Ce serait tr\u00e8s inhabituel si quelque chose \u00e9tait vol\u00e9, mais je ne prends pas d&rsquo;objets de valeur ou de t\u00e9l\u00e9phone portable avec moi. La serviette peut \u00eatre suspendue devant l&rsquo;entr\u00e9e des pi\u00e8ces humides. Voici aussi g\u00e9n\u00e9ralement une toilette. Equip\u00e9 de deux grands seaux fournis par le hammam, de gants, de savon \u00e0 l\u2019olive, de votre propre louche et de votre propre shampoing, passez \u00e0 la derni\u00e8re pi\u00e8ce la plus chaude, remplissez le seau avec de l\u2019eau chaude provenant principalement d&rsquo;un bassin et ajoutez du froid ou m\u00e9langez l&rsquo;eau des robinets. Maintenant, vous cherchez un espace libre sur le sol et vous le nettoyez avec l\u2019eau que vous prenez avec la louche de votre seau. Maintenant, assoyez-vous sur le sol, versez de l&rsquo;eau chaude sur votre corps et commencez \u00e0 transpirer. Au bout de quelques minutes, vous frottez tout le corps avec la p\u00e2te d\u2019olive (attention: ne le mettez pas dans les yeux &#8211; il br\u00fble tr\u00e8s fort !!!) et laissez le savon agir sur votre corps. Apr\u00e8s un certain temps (s&rsquo;il fait trop chaud, vous pouvez \u00e9galement passer \u00e0 la pi\u00e8ce du milieu), frottez vigoureusement le corps entier (\u00e0 l&rsquo;exception du visage) avec le gant \u00e9raill\u00e9, encore et encore! Habituellement, vous visitez le hammam avec un ami ou vous pouvez toujours trouver quelqu&rsquo;un qui vous frotte le dos. Apr\u00e8s ce gommage, rincez soigneusement le savon du corps et laissez-le reposer un peu. Vous pouvez \u00e9galement vous allonger sur le sol chaud. Vers la fin, vous vous lavez les cheveux et le corps avec votre propre shampoing, puis vous vous rasez &#8211; m\u00eame \u00e9ventuellement. Lors du lavage, assurez-vous que la r\u00e9gion g\u00e9nitale est toujours recouverte par le pantalon. Vous pouvez remplir les seaux encore et encore. N\u00e9anmoins, l\u2019eau est pr\u00e9cieuse et ne doit pas \u00eatre gaspill\u00e9e bien que les Marocains la traitent souvent tr\u00e8s g\u00e9n\u00e9reusement. J&rsquo;aime passer les derni\u00e8res minutes dans la pi\u00e8ce la plus fra\u00eeche, pr\u00e8s de la sortie et quand j&rsquo;ai trop chaud, je verse de l&rsquo;eau froide sur mon corps.\u2028Apr\u00e8s avoir quitt\u00e9 la zone humide, vous vous s\u00e9chez, r\u00e9cup\u00e9rez le sac \u00e0 v\u00eatements et habillez &#8211; toujours \u00e0 l&rsquo;abri de la zone intime &#8211; et payez \u00e0 la sortie. \u201aLe Prix c\u00b4est d\u00b4habitude 10-12 dirhams, vous devriez donner un pourboire au gardien du hamam 5 Dirham en tant que vous etes touriste.<\/div>\n<div><\/div>\n<div class=\"column\">Dans notre quartier, il existe un excellent hammam pour hommes, qui a mis au point quelque chose d\u2019utile pour les touristes ou les d\u00e9butants en hammam: pour 100 dirhams, vous obtenez une grande serviette et tout le mat\u00e9riel de hammam, y compris le savon aux olives et le \u00ab\u00a0gommage\u00a0\u00bb et le lavage avec votre propre shampooing. Pour un suppl\u00e9ment, il y a m\u00eame un massage. Compar\u00e9 aux hammams touristiques, il est tr\u00e8s bon march\u00e9 et pr\u00e9sente l\u2019avantage de faire l\u2019exp\u00e9rience d\u2019un v\u00e9ritable hammam local. Le masseur devrait alors recevoir un pourboire d\u2019environ 20 dirhams. Nous sommes heureux d&rsquo;organiser cela, ainsi que la visite au hammam pour les femmes. Cependant, le hammam f\u00e9minin dans notre voisinage imm\u00e9diat est l\u2019un des plus archa\u00efques de Marrakech et d\u00e9clenche une grande vari\u00e9t\u00e9 de r\u00e9actions allant de \u00ab\u00a0Les meilleures et les plus excitantes exp\u00e9riences que j\u2019ai connues au Maroc\u00a0\u00bb \u00e0 \u00ab\u00a0C\u2019\u00e9tait un peu trop simple pour moi\u00a0\u00bb. Pour nos h\u00f4tes f\u00e9minins avec des exigences de bien-\u00eatre sophistiqu\u00e9es, nous pouvons \u00e9galement organiser une visite individuelle au Hamam dans un riad de r\u00e8ve \u00e0 proximit\u00e9 pour environ 45 \u20ac.<\/div>\n<\/div>\n<\/div>\n<\/div><\/section>\n","protected":false},"excerpt":{"rendered":"","protected":false},"author":3,"featured_media":0,"parent":0,"menu_order":0,"comment_status":"open","ping_status":"open","template":"","meta":{"footnotes":""},"class_list":["post-2952","page","type-page","status-publish","hentry"],"_links":{"self":[{"href":"https:\/\/marokko-hautnah.de\/fr\/wp-json\/wp\/v2\/pages\/2952","targetHints":{"allow":["GET"]}}],"collection":[{"href":"https:\/\/marokko-hautnah.de\/fr\/wp-json\/wp\/v2\/pages"}],"about":[{"href":"https:\/\/marokko-hautnah.de\/fr\/wp-json\/wp\/v2\/types\/page"}],"author":[{"embeddable":true,"href":"https:\/\/marokko-hautnah.de\/fr\/wp-json\/wp\/v2\/users\/3"}],"replies":[{"embeddable":true,"href":"https:\/\/marokko-hautnah.de\/fr\/wp-json\/wp\/v2\/comments?post=2952"}],"version-history":[{"count":3,"href":"https:\/\/marokko-hautnah.de\/fr\/wp-json\/wp\/v2\/pages\/2952\/revisions"}],"predecessor-version":[{"id":3379,"href":"https:\/\/marokko-hautnah.de\/fr\/wp-json\/wp\/v2\/pages\/2952\/revisions\/3379"}],"wp:attachment":[{"href":"https:\/\/marokko-hautnah.de\/fr\/wp-json\/wp\/v2\/media?parent=2952"}],"curies":[{"name":"wp","href":"https:\/\/api.w.org\/{rel}","templated":true}]}}