{"id":2962,"date":"2018-07-02T16:49:14","date_gmt":"2018-07-02T14:49:14","guid":{"rendered":"https:\/\/marokko-hautnah.de\/projekt-timidarte-spenden\/"},"modified":"2022-12-01T15:40:21","modified_gmt":"2022-12-01T14:40:21","slug":"projekt-timidarte-spenden","status":"publish","type":"page","link":"https:\/\/marokko-hautnah.de\/fr\/projekt-timidarte-spenden\/","title":{"rendered":"Proj\u00e9t Timidarte &#8211; Don"},"content":{"rendered":"<div class='flex_column av-av_one_full-7714eba142aeda1f8b5272a3c372b279 av_one_full  avia-builder-el-0  el_before_av_textblock  avia-builder-el-first  first flex_column_div '     ><div id='av-masonry-1' class='av-masonry av-av_masonry_gallery-d15750fb96db18d286811479b077133c noHover av-fixed-size av-large-gap av-hover-overlay-active av-masonry-animation-active av-masonry-col-flexible av-caption-always av-caption-style- av-masonry-gallery '><div class=\"av-masonry-container isotope av-js-disabled\"><div class='av-masonry-entry isotope-item av-masonry-item-no-image '><\/div><a href=\"https:\/\/marokko-hautnah.de\/wp-content\/uploads\/2018\/07\/Projekt-Timidarte-Ismail.jpg\" data-srcset=\"https:\/\/marokko-hautnah.de\/wp-content\/uploads\/2018\/07\/Projekt-Timidarte-Ismail.jpg 750w, https:\/\/marokko-hautnah.de\/wp-content\/uploads\/2018\/07\/Projekt-Timidarte-Ismail-225x300.jpg 225w, https:\/\/marokko-hautnah.de\/wp-content\/uploads\/2018\/07\/Projekt-Timidarte-Ismail-400x533.jpg 400w, https:\/\/marokko-hautnah.de\/wp-content\/uploads\/2018\/07\/Projekt-Timidarte-Ismail-430x573.jpg 430w, https:\/\/marokko-hautnah.de\/wp-content\/uploads\/2018\/07\/Projekt-Timidarte-Ismail-150x200.jpg 150w, https:\/\/marokko-hautnah.de\/wp-content\/uploads\/2018\/07\/Projekt-Timidarte-Ismail-100x133.jpg 100w\" data-sizes=\"(max-width: 750px) 100vw, 750px\"  aria-label=\"image Projekt Timidarte Marokko &#8211; Ismail\"  id='av-masonry-1-item-2772' data-av-masonry-item='2772' class='av-masonry-entry isotope-item post-2772 attachment type-attachment status-inherit hentry  av-masonry-item-with-image av-grid-img' title=\"\" alt=\"\"    itemprop=\"thumbnailUrl\"  data-rel=\"lightbox-gallery-zz9dqN0A\" data-rl_title=\"\" data-rl_caption=\"\"><div class='av-inner-masonry-sizer'><\/div><figure class='av-inner-masonry main_color'><div class=\"av-masonry-outerimage-container\"><div class='av-masonry-image-container' style=\"background-image: url(https:\/\/marokko-hautnah.de\/wp-content\/uploads\/2018\/07\/Projekt-Timidarte-Ismail.jpg);\"  title=\"Projekt Timidarte Marokko &#8211; Ismail\"  ><\/div><\/div><\/figure><\/a><!--end av-masonry entry--><a href=\"https:\/\/marokko-hautnah.de\/wp-content\/uploads\/2018\/07\/Projekt-Timidarte-6-1024x1024.jpg\" data-srcset=\"https:\/\/marokko-hautnah.de\/wp-content\/uploads\/2018\/07\/Projekt-Timidarte-6-1024x1024.jpg 1024w, https:\/\/marokko-hautnah.de\/wp-content\/uploads\/2018\/07\/Projekt-Timidarte-6-150x150.jpg 150w, https:\/\/marokko-hautnah.de\/wp-content\/uploads\/2018\/07\/Projekt-Timidarte-6-300x300.jpg 300w, https:\/\/marokko-hautnah.de\/wp-content\/uploads\/2018\/07\/Projekt-Timidarte-6-768x768.jpg 768w, https:\/\/marokko-hautnah.de\/wp-content\/uploads\/2018\/07\/Projekt-Timidarte-6-750x750.jpg 750w, https:\/\/marokko-hautnah.de\/wp-content\/uploads\/2018\/07\/Projekt-Timidarte-6-400x400.jpg 400w, https:\/\/marokko-hautnah.de\/wp-content\/uploads\/2018\/07\/Projekt-Timidarte-6-430x430.jpg 430w, https:\/\/marokko-hautnah.de\/wp-content\/uploads\/2018\/07\/Projekt-Timidarte-6-100x100.jpg 100w, https:\/\/marokko-hautnah.de\/wp-content\/uploads\/2018\/07\/Projekt-Timidarte-6.jpg 1280w\" data-sizes=\"(max-width: 1024px) 100vw, 1024px\"  aria-label=\"image Projekt Timidarte Marokko\"  id='av-masonry-1-item-2770' data-av-masonry-item='2770' class='av-masonry-entry isotope-item post-2770 attachment type-attachment status-inherit hentry  av-masonry-item-with-image av-grid-img' title=\"\" alt=\"\"    itemprop=\"thumbnailUrl\"  data-rel=\"lightbox-gallery-zz9dqN0A\" data-rl_title=\"\" data-rl_caption=\"\"><div class='av-inner-masonry-sizer'><\/div><figure class='av-inner-masonry main_color'><div class=\"av-masonry-outerimage-container\"><div class='av-masonry-image-container' style=\"background-image: url(https:\/\/marokko-hautnah.de\/wp-content\/uploads\/2018\/07\/Projekt-Timidarte-6.jpg);\"  title=\"Projekt Timidarte Marokko\"  ><\/div><\/div><\/figure><\/a><!--end av-masonry entry--><a href=\"https:\/\/marokko-hautnah.de\/wp-content\/uploads\/2018\/07\/Projekt-Timidarte-5-1024x768.jpg\" data-srcset=\"https:\/\/marokko-hautnah.de\/wp-content\/uploads\/2018\/07\/Projekt-Timidarte-5-1024x768.jpg 1024w, https:\/\/marokko-hautnah.de\/wp-content\/uploads\/2018\/07\/Projekt-Timidarte-5-300x225.jpg 300w, https:\/\/marokko-hautnah.de\/wp-content\/uploads\/2018\/07\/Projekt-Timidarte-5-768x576.jpg 768w, https:\/\/marokko-hautnah.de\/wp-content\/uploads\/2018\/07\/Projekt-Timidarte-5-750x563.jpg 750w, https:\/\/marokko-hautnah.de\/wp-content\/uploads\/2018\/07\/Projekt-Timidarte-5-400x300.jpg 400w, https:\/\/marokko-hautnah.de\/wp-content\/uploads\/2018\/07\/Projekt-Timidarte-5-430x323.jpg 430w, https:\/\/marokko-hautnah.de\/wp-content\/uploads\/2018\/07\/Projekt-Timidarte-5-150x113.jpg 150w, https:\/\/marokko-hautnah.de\/wp-content\/uploads\/2018\/07\/Projekt-Timidarte-5-100x75.jpg 100w, https:\/\/marokko-hautnah.de\/wp-content\/uploads\/2018\/07\/Projekt-Timidarte-5.jpg 1280w\" data-sizes=\"(max-width: 1024px) 100vw, 1024px\"  aria-label=\"image Projekt Timidarte Marokko\"  id='av-masonry-1-item-2768' data-av-masonry-item='2768' class='av-masonry-entry isotope-item post-2768 attachment type-attachment status-inherit hentry  av-masonry-item-with-image av-grid-img' title=\"\" alt=\"\"    itemprop=\"thumbnailUrl\"  data-rel=\"lightbox-gallery-zz9dqN0A\" data-rl_title=\"\" data-rl_caption=\"\"><div class='av-inner-masonry-sizer'><\/div><figure class='av-inner-masonry main_color'><div class=\"av-masonry-outerimage-container\"><div class='av-masonry-image-container' style=\"background-image: url(https:\/\/marokko-hautnah.de\/wp-content\/uploads\/2018\/07\/Projekt-Timidarte-5.jpg);\"  title=\"Projekt Timidarte Marokko\"  ><\/div><\/div><\/figure><\/a><!--end av-masonry entry--><a href=\"https:\/\/marokko-hautnah.de\/wp-content\/uploads\/2018\/07\/Projekt-Timidarte-3-768x1024.jpg\" data-srcset=\"https:\/\/marokko-hautnah.de\/wp-content\/uploads\/2018\/07\/Projekt-Timidarte-3-768x1024.jpg 768w, https:\/\/marokko-hautnah.de\/wp-content\/uploads\/2018\/07\/Projekt-Timidarte-3-225x300.jpg 225w, https:\/\/marokko-hautnah.de\/wp-content\/uploads\/2018\/07\/Projekt-Timidarte-3-750x1000.jpg 750w, https:\/\/marokko-hautnah.de\/wp-content\/uploads\/2018\/07\/Projekt-Timidarte-3-400x533.jpg 400w, https:\/\/marokko-hautnah.de\/wp-content\/uploads\/2018\/07\/Projekt-Timidarte-3-430x573.jpg 430w, https:\/\/marokko-hautnah.de\/wp-content\/uploads\/2018\/07\/Projekt-Timidarte-3-150x200.jpg 150w, https:\/\/marokko-hautnah.de\/wp-content\/uploads\/2018\/07\/Projekt-Timidarte-3-100x133.jpg 100w, https:\/\/marokko-hautnah.de\/wp-content\/uploads\/2018\/07\/Projekt-Timidarte-3.jpg 1280w\" data-sizes=\"(max-width: 768px) 100vw, 768px\"  aria-label=\"image Projekt Timidarte Marokko\"  id='av-masonry-1-item-2766' data-av-masonry-item='2766' class='av-masonry-entry isotope-item post-2766 attachment type-attachment status-inherit hentry  av-masonry-item-with-image av-grid-img' title=\"\" alt=\"\"    itemprop=\"thumbnailUrl\"  data-rel=\"lightbox-gallery-zz9dqN0A\" data-rl_title=\"\" data-rl_caption=\"\"><div class='av-inner-masonry-sizer'><\/div><figure class='av-inner-masonry main_color'><div class=\"av-masonry-outerimage-container\"><div class='av-masonry-image-container' style=\"background-image: url(https:\/\/marokko-hautnah.de\/wp-content\/uploads\/2018\/07\/Projekt-Timidarte-3.jpg);\"  title=\"Projekt Timidarte Marokko\"  ><\/div><\/div><\/figure><\/a><!--end av-masonry entry--><a href=\"https:\/\/marokko-hautnah.de\/wp-content\/uploads\/2018\/07\/Projekt-Timidarte-2-1024x768.jpg\" data-srcset=\"https:\/\/marokko-hautnah.de\/wp-content\/uploads\/2018\/07\/Projekt-Timidarte-2-1024x768.jpg 1024w, https:\/\/marokko-hautnah.de\/wp-content\/uploads\/2018\/07\/Projekt-Timidarte-2-300x225.jpg 300w, https:\/\/marokko-hautnah.de\/wp-content\/uploads\/2018\/07\/Projekt-Timidarte-2-768x576.jpg 768w, https:\/\/marokko-hautnah.de\/wp-content\/uploads\/2018\/07\/Projekt-Timidarte-2-750x563.jpg 750w, https:\/\/marokko-hautnah.de\/wp-content\/uploads\/2018\/07\/Projekt-Timidarte-2-400x300.jpg 400w, https:\/\/marokko-hautnah.de\/wp-content\/uploads\/2018\/07\/Projekt-Timidarte-2-430x323.jpg 430w, https:\/\/marokko-hautnah.de\/wp-content\/uploads\/2018\/07\/Projekt-Timidarte-2-150x113.jpg 150w, https:\/\/marokko-hautnah.de\/wp-content\/uploads\/2018\/07\/Projekt-Timidarte-2-100x75.jpg 100w, https:\/\/marokko-hautnah.de\/wp-content\/uploads\/2018\/07\/Projekt-Timidarte-2.jpg 1280w\" data-sizes=\"(max-width: 1024px) 100vw, 1024px\"  aria-label=\"image Projekt Timidarte Marokko\"  id='av-masonry-1-item-2764' data-av-masonry-item='2764' class='av-masonry-entry isotope-item post-2764 attachment type-attachment status-inherit hentry  av-masonry-item-with-image av-grid-img' title=\"\" alt=\"\"    itemprop=\"thumbnailUrl\"  data-rel=\"lightbox-gallery-zz9dqN0A\" data-rl_title=\"\" data-rl_caption=\"\"><div class='av-inner-masonry-sizer'><\/div><figure class='av-inner-masonry main_color'><div class=\"av-masonry-outerimage-container\"><div class='av-masonry-image-container' style=\"background-image: url(https:\/\/marokko-hautnah.de\/wp-content\/uploads\/2018\/07\/Projekt-Timidarte-2.jpg);\"  title=\"Projekt Timidarte Marokko\"  ><\/div><\/div><\/figure><\/a><!--end av-masonry entry--><a href=\"https:\/\/marokko-hautnah.de\/wp-content\/uploads\/2018\/07\/TaskalaSDG-Deutsch-1024x764.jpg\" data-srcset=\"https:\/\/marokko-hautnah.de\/wp-content\/uploads\/2018\/07\/TaskalaSDG-Deutsch-1024x764.jpg 1024w, https:\/\/marokko-hautnah.de\/wp-content\/uploads\/2018\/07\/TaskalaSDG-Deutsch-300x224.jpg 300w, https:\/\/marokko-hautnah.de\/wp-content\/uploads\/2018\/07\/TaskalaSDG-Deutsch-768x573.jpg 768w, https:\/\/marokko-hautnah.de\/wp-content\/uploads\/2018\/07\/TaskalaSDG-Deutsch-750x560.jpg 750w, https:\/\/marokko-hautnah.de\/wp-content\/uploads\/2018\/07\/TaskalaSDG-Deutsch-400x299.jpg 400w, https:\/\/marokko-hautnah.de\/wp-content\/uploads\/2018\/07\/TaskalaSDG-Deutsch-430x321.jpg 430w, https:\/\/marokko-hautnah.de\/wp-content\/uploads\/2018\/07\/TaskalaSDG-Deutsch-150x112.jpg 150w, https:\/\/marokko-hautnah.de\/wp-content\/uploads\/2018\/07\/TaskalaSDG-Deutsch-100x75.jpg 100w, https:\/\/marokko-hautnah.de\/wp-content\/uploads\/2018\/07\/TaskalaSDG-Deutsch.jpg 1088w\" data-sizes=\"(max-width: 1024px) 100vw, 1024px\"  aria-label=\"image Projekt Timidarte Marokko\"  id='av-masonry-1-item-2760' data-av-masonry-item='2760' class='av-masonry-entry isotope-item post-2760 attachment type-attachment status-inherit hentry  av-masonry-item-with-image av-grid-img' title=\"\" alt=\"\"    itemprop=\"thumbnailUrl\"  data-rel=\"lightbox-gallery-zz9dqN0A\" data-rl_title=\"\" data-rl_caption=\"\"><div class='av-inner-masonry-sizer'><\/div><figure class='av-inner-masonry main_color'><div class=\"av-masonry-outerimage-container\"><div class='av-masonry-image-container' style=\"background-image: url(https:\/\/marokko-hautnah.de\/wp-content\/uploads\/2018\/07\/TaskalaSDG-Deutsch.jpg);\"  title=\"Projekt Timidarte Marokko\"  ><\/div><\/div><\/figure><\/a><!--end av-masonry entry--><\/div><\/div><\/div><section  class='av_textblock_section av-laaw2u8s-41fd3cc26171be92604fa7b2b0a7fc14'  itemscope=\"itemscope\" itemtype=\"https:\/\/schema.org\/CreativeWork\" ><div class='avia_textblock'  itemprop=\"text\" ><p><strong>Donnations:<\/strong><\/p>\n<p>Le transfert a lieu avec le mot-cl\u00e9 \u00ab\u00a0Projet Timidarte\u00a0\u00bb sur le compte d&rsquo;un organisme caritatif en France (AAA- Action Autonomie Avenir, <a href=\"http:\/\/aaa-asso.fr\/action-maroc\/maternelle-timidarte\" target=\"_blank\" rel=\"noopener\">http:\/\/aaa-asso.fr\/action-maroc\/maternelle-timidarte<\/a>), qui transmet ensuite l&rsquo;argent \u00e0 l&rsquo;Association \u00e0 Timidarte. Il d\u00e9livre \u00e9galement un re\u00e7u et \u00e9met un re\u00e7u de don avant le bureau des imp\u00f4ts \u00e0 la fin de l&rsquo;ann\u00e9e.<\/p>\n<p>Si vous avez effectu\u00e9 le virement s.v.p envoyez eun email avec votre nom et adresse a Michael gentschy, info@mountainfloat.de. Il s occupe de votre recu pour le bureau des impots. E-Mail: <a href=\"mailto:info@marokko-hautnah,de\">info@marokko-hautnah.de<\/a><\/p>\n<p><strong>B\u00e9n\u00e9ficiaire:<\/strong><\/p>\n<p>AAA- Action Autonomie Avenir<\/p>\n<p>Le RIB de l\u2019association : 17515 90000 08612695371 22<\/p>\n<p>BIC : CEPAFRPP751<\/p>\n<p>IBAN : FR76 1751 5900 0008 6126 9537 122<\/p>\n<\/div><\/section>\n","protected":false},"excerpt":{"rendered":"","protected":false},"author":3,"featured_media":0,"parent":0,"menu_order":0,"comment_status":"open","ping_status":"closed","template":"","meta":{"footnotes":""},"class_list":["post-2962","page","type-page","status-publish","hentry"],"_links":{"self":[{"href":"https:\/\/marokko-hautnah.de\/fr\/wp-json\/wp\/v2\/pages\/2962","targetHints":{"allow":["GET"]}}],"collection":[{"href":"https:\/\/marokko-hautnah.de\/fr\/wp-json\/wp\/v2\/pages"}],"about":[{"href":"https:\/\/marokko-hautnah.de\/fr\/wp-json\/wp\/v2\/types\/page"}],"author":[{"embeddable":true,"href":"https:\/\/marokko-hautnah.de\/fr\/wp-json\/wp\/v2\/users\/3"}],"replies":[{"embeddable":true,"href":"https:\/\/marokko-hautnah.de\/fr\/wp-json\/wp\/v2\/comments?post=2962"}],"version-history":[{"count":3,"href":"https:\/\/marokko-hautnah.de\/fr\/wp-json\/wp\/v2\/pages\/2962\/revisions"}],"predecessor-version":[{"id":3719,"href":"https:\/\/marokko-hautnah.de\/fr\/wp-json\/wp\/v2\/pages\/2962\/revisions\/3719"}],"wp:attachment":[{"href":"https:\/\/marokko-hautnah.de\/fr\/wp-json\/wp\/v2\/media?parent=2962"}],"curies":[{"name":"wp","href":"https:\/\/api.w.org\/{rel}","templated":true}]}}