{"id":2966,"date":"2017-09-04T07:36:38","date_gmt":"2017-09-04T05:36:38","guid":{"rendered":"https:\/\/marokko-hautnah.de\/tagesausfluege\/"},"modified":"2022-12-01T13:20:39","modified_gmt":"2022-12-01T12:20:39","slug":"tagesausfluege","status":"publish","type":"page","link":"https:\/\/marokko-hautnah.de\/fr\/tagesausfluege\/","title":{"rendered":"Excursions d&rsquo;un journe\u0301e"},"content":{"rendered":"<div class='flex_column av-av_one_full-7714eba142aeda1f8b5272a3c372b279 av_one_full  avia-builder-el-0  el_before_av_textblock  avia-builder-el-first  first flex_column_div '     ><div id='av-masonry-1' class='av-masonry av-lb51nwth-138288bf5c209dd286b5c713b0c47efa noHover av-fixed-size av-large-gap av-hover-overlay-active av-masonry-animation-active av-masonry-col-flexible av-caption-always av-caption-style- av-masonry-gallery '><div class=\"av-masonry-container isotope av-js-disabled\"><div class='av-masonry-entry isotope-item av-masonry-item-no-image '><\/div><a href=\"https:\/\/marokko-hautnah.de\/wp-content\/uploads\/2022\/12\/IMG_6612-rotated.jpg\" data-srcset=\"https:\/\/marokko-hautnah.de\/wp-content\/uploads\/2022\/12\/IMG_6612-rotated.jpg 480w, https:\/\/marokko-hautnah.de\/wp-content\/uploads\/2022\/12\/IMG_6612-225x300.jpg 225w\" data-sizes=\"(max-width: 480px) 100vw, 480px\"  aria-label=\"image IMG_6612\"  id='av-masonry-1-item-3592' data-av-masonry-item='3592' class='av-masonry-entry isotope-item post-3592 attachment type-attachment status-inherit hentry  av-masonry-item-with-image av-grid-img' title=\"\" alt=\"\"    itemprop=\"thumbnailUrl\"  data-rel=\"lightbox-gallery-6kpWafft\" data-rl_title=\"\" data-rl_caption=\"\"><div class='av-inner-masonry-sizer'><\/div><figure class='av-inner-masonry main_color'><div class=\"av-masonry-outerimage-container\"><div class='av-masonry-image-container' style=\"background-image: url(https:\/\/marokko-hautnah.de\/wp-content\/uploads\/2022\/12\/IMG_6612-rotated.jpg);\"  title=\"IMG_6612\"  ><\/div><\/div><\/figure><\/a><!--end av-masonry entry--><a href=\"https:\/\/marokko-hautnah.de\/wp-content\/uploads\/2022\/12\/IMG_6606-rotated.jpg\" data-srcset=\"https:\/\/marokko-hautnah.de\/wp-content\/uploads\/2022\/12\/IMG_6606-rotated.jpg 480w, https:\/\/marokko-hautnah.de\/wp-content\/uploads\/2022\/12\/IMG_6606-225x300.jpg 225w\" data-sizes=\"(max-width: 480px) 100vw, 480px\"  aria-label=\"image IMG_6606\"  id='av-masonry-1-item-3589' data-av-masonry-item='3589' class='av-masonry-entry isotope-item post-3589 attachment type-attachment status-inherit hentry  av-masonry-item-with-image av-grid-img' title=\"\" alt=\"\"    itemprop=\"thumbnailUrl\"  data-rel=\"lightbox-gallery-6kpWafft\" data-rl_title=\"\" data-rl_caption=\"\"><div class='av-inner-masonry-sizer'><\/div><figure class='av-inner-masonry main_color'><div class=\"av-masonry-outerimage-container\"><div class='av-masonry-image-container' style=\"background-image: url(https:\/\/marokko-hautnah.de\/wp-content\/uploads\/2022\/12\/IMG_6606-rotated.jpg);\"  title=\"IMG_6606\"  ><\/div><\/div><\/figure><\/a><!--end av-masonry entry--><a href=\"https:\/\/marokko-hautnah.de\/wp-content\/uploads\/2022\/12\/IMG_6596-rotated.jpg\" data-srcset=\"https:\/\/marokko-hautnah.de\/wp-content\/uploads\/2022\/12\/IMG_6596-rotated.jpg 480w, https:\/\/marokko-hautnah.de\/wp-content\/uploads\/2022\/12\/IMG_6596-225x300.jpg 225w\" data-sizes=\"(max-width: 480px) 100vw, 480px\"  aria-label=\"image IMG_6596\"  id='av-masonry-1-item-3586' data-av-masonry-item='3586' class='av-masonry-entry isotope-item post-3586 attachment type-attachment status-inherit hentry  av-masonry-item-with-image av-grid-img' title=\"\" alt=\"\"    itemprop=\"thumbnailUrl\"  data-rel=\"lightbox-gallery-6kpWafft\" data-rl_title=\"\" data-rl_caption=\"\"><div class='av-inner-masonry-sizer'><\/div><figure class='av-inner-masonry main_color'><div class=\"av-masonry-outerimage-container\"><div class='av-masonry-image-container' style=\"background-image: url(https:\/\/marokko-hautnah.de\/wp-content\/uploads\/2022\/12\/IMG_6596-rotated.jpg);\"  title=\"IMG_6596\"  ><\/div><\/div><\/figure><\/a><!--end av-masonry entry--><a href=\"https:\/\/marokko-hautnah.de\/wp-content\/uploads\/2022\/12\/IMG_6592-rotated.jpg\" data-srcset=\"https:\/\/marokko-hautnah.de\/wp-content\/uploads\/2022\/12\/IMG_6592-rotated.jpg 480w, https:\/\/marokko-hautnah.de\/wp-content\/uploads\/2022\/12\/IMG_6592-225x300.jpg 225w\" data-sizes=\"(max-width: 480px) 100vw, 480px\"  aria-label=\"image IMG_6592\"  id='av-masonry-1-item-3583' data-av-masonry-item='3583' class='av-masonry-entry isotope-item post-3583 attachment type-attachment status-inherit hentry  av-masonry-item-with-image av-grid-img' title=\"\" alt=\"\"    itemprop=\"thumbnailUrl\"  data-rel=\"lightbox-gallery-6kpWafft\" data-rl_title=\"\" data-rl_caption=\"\"><div class='av-inner-masonry-sizer'><\/div><figure class='av-inner-masonry main_color'><div class=\"av-masonry-outerimage-container\"><div class='av-masonry-image-container' style=\"background-image: url(https:\/\/marokko-hautnah.de\/wp-content\/uploads\/2022\/12\/IMG_6592-rotated.jpg);\"  title=\"IMG_6592\"  ><\/div><\/div><\/figure><\/a><!--end av-masonry entry--><a href=\"https:\/\/marokko-hautnah.de\/wp-content\/uploads\/2022\/12\/IMG_6585-rotated.jpg\" data-srcset=\"https:\/\/marokko-hautnah.de\/wp-content\/uploads\/2022\/12\/IMG_6585-rotated.jpg 480w, https:\/\/marokko-hautnah.de\/wp-content\/uploads\/2022\/12\/IMG_6585-225x300.jpg 225w\" data-sizes=\"(max-width: 480px) 100vw, 480px\"  aria-label=\"image IMG_6585\"  id='av-masonry-1-item-3580' data-av-masonry-item='3580' class='av-masonry-entry isotope-item post-3580 attachment type-attachment status-inherit hentry  av-masonry-item-with-image av-grid-img' title=\"\" alt=\"\"    itemprop=\"thumbnailUrl\"  data-rel=\"lightbox-gallery-6kpWafft\" data-rl_title=\"\" data-rl_caption=\"\"><div class='av-inner-masonry-sizer'><\/div><figure class='av-inner-masonry main_color'><div class=\"av-masonry-outerimage-container\"><div class='av-masonry-image-container' style=\"background-image: url(https:\/\/marokko-hautnah.de\/wp-content\/uploads\/2022\/12\/IMG_6585-rotated.jpg);\"  title=\"IMG_6585\"  ><\/div><\/div><\/figure><\/a><!--end av-masonry entry--><a href=\"https:\/\/marokko-hautnah.de\/wp-content\/uploads\/2022\/12\/IMG_6576.jpg\" data-srcset=\"https:\/\/marokko-hautnah.de\/wp-content\/uploads\/2022\/12\/IMG_6576.jpg 640w, https:\/\/marokko-hautnah.de\/wp-content\/uploads\/2022\/12\/IMG_6576-300x225.jpg 300w\" data-sizes=\"(max-width: 640px) 100vw, 640px\"  aria-label=\"image IMG_6576\"  id='av-masonry-1-item-3577' data-av-masonry-item='3577' class='av-masonry-entry isotope-item post-3577 attachment type-attachment status-inherit hentry  av-masonry-item-with-image av-grid-img' title=\"\" alt=\"\"    itemprop=\"thumbnailUrl\"  data-rel=\"lightbox-gallery-6kpWafft\" data-rl_title=\"\" data-rl_caption=\"\"><div class='av-inner-masonry-sizer'><\/div><figure class='av-inner-masonry main_color'><div class=\"av-masonry-outerimage-container\"><div class='av-masonry-image-container' style=\"background-image: url(https:\/\/marokko-hautnah.de\/wp-content\/uploads\/2022\/12\/IMG_6576.jpg);\"  title=\"IMG_6576\"  ><\/div><\/div><\/figure><\/a><!--end av-masonry entry--><a href=\"https:\/\/marokko-hautnah.de\/wp-content\/uploads\/2022\/12\/IMG_6569-rotated.jpg\" data-srcset=\"https:\/\/marokko-hautnah.de\/wp-content\/uploads\/2022\/12\/IMG_6569-rotated.jpg 480w, https:\/\/marokko-hautnah.de\/wp-content\/uploads\/2022\/12\/IMG_6569-225x300.jpg 225w\" data-sizes=\"(max-width: 480px) 100vw, 480px\"  aria-label=\"image IMG_6569\"  id='av-masonry-1-item-3574' data-av-masonry-item='3574' class='av-masonry-entry isotope-item post-3574 attachment type-attachment status-inherit hentry  av-masonry-item-with-image av-grid-img' title=\"\" alt=\"\"    itemprop=\"thumbnailUrl\"  data-rel=\"lightbox-gallery-6kpWafft\" data-rl_title=\"\" data-rl_caption=\"\"><div class='av-inner-masonry-sizer'><\/div><figure class='av-inner-masonry main_color'><div class=\"av-masonry-outerimage-container\"><div class='av-masonry-image-container' style=\"background-image: url(https:\/\/marokko-hautnah.de\/wp-content\/uploads\/2022\/12\/IMG_6569-rotated.jpg);\"  title=\"IMG_6569\"  ><\/div><\/div><\/figure><\/a><!--end av-masonry entry--><a href=\"https:\/\/marokko-hautnah.de\/wp-content\/uploads\/2022\/12\/IMG_6554.jpg\" data-srcset=\"https:\/\/marokko-hautnah.de\/wp-content\/uploads\/2022\/12\/IMG_6554.jpg 640w, https:\/\/marokko-hautnah.de\/wp-content\/uploads\/2022\/12\/IMG_6554-300x225.jpg 300w\" data-sizes=\"(max-width: 640px) 100vw, 640px\"  aria-label=\"image IMG_6554\"  id='av-masonry-1-item-3571' data-av-masonry-item='3571' class='av-masonry-entry isotope-item post-3571 attachment type-attachment status-inherit hentry  av-masonry-item-with-image av-grid-img' title=\"\" alt=\"\"    itemprop=\"thumbnailUrl\"  data-rel=\"lightbox-gallery-6kpWafft\" data-rl_title=\"\" data-rl_caption=\"\"><div class='av-inner-masonry-sizer'><\/div><figure class='av-inner-masonry main_color'><div class=\"av-masonry-outerimage-container\"><div class='av-masonry-image-container' style=\"background-image: url(https:\/\/marokko-hautnah.de\/wp-content\/uploads\/2022\/12\/IMG_6554.jpg);\"  title=\"IMG_6554\"  ><\/div><\/div><\/figure><\/a><!--end av-masonry entry--><a href=\"https:\/\/marokko-hautnah.de\/wp-content\/uploads\/2022\/12\/IMG_6615-rotated.jpg\" data-srcset=\"https:\/\/marokko-hautnah.de\/wp-content\/uploads\/2022\/12\/IMG_6615-rotated.jpg 480w, https:\/\/marokko-hautnah.de\/wp-content\/uploads\/2022\/12\/IMG_6615-225x300.jpg 225w\" data-sizes=\"(max-width: 480px) 100vw, 480px\"  aria-label=\"image IMG_6615\"  id='av-masonry-1-item-3568' data-av-masonry-item='3568' class='av-masonry-entry isotope-item post-3568 attachment type-attachment status-inherit hentry  av-masonry-item-with-image av-grid-img' title=\"\" alt=\"\"    itemprop=\"thumbnailUrl\"  data-rel=\"lightbox-gallery-6kpWafft\" data-rl_title=\"\" data-rl_caption=\"\"><div class='av-inner-masonry-sizer'><\/div><figure class='av-inner-masonry main_color'><div class=\"av-masonry-outerimage-container\"><div class='av-masonry-image-container' style=\"background-image: url(https:\/\/marokko-hautnah.de\/wp-content\/uploads\/2022\/12\/IMG_6615-rotated.jpg);\"  title=\"IMG_6615\"  ><\/div><\/div><\/figure><\/a><!--end av-masonry entry--><\/div><\/div><\/div><section  class='av_textblock_section av-laaw6yp7-bc69c63b1428aeda2efe89baf0c8c16c'  itemscope=\"itemscope\" itemtype=\"https:\/\/schema.org\/CreativeWork\" ><div class='avia_textblock'  itemprop=\"text\" ><p><strong>Excursions d&rsquo;un journe\u0301e de Marrakech<\/strong><\/p>\n<p>Pre\u0300sque tous les jours, nous pouvons organiser des excursions d&rsquo;une journe\u0301e avec de minibus vers diverses destinations autour de Marrakech. Les ho\u0302tes sont ramasse\u0301s au Riad entre 7h et 8h et sont rentre\u0301s dans la soire\u0301e.<\/p>\n<p>Le prix par personne est d&rsquo;environ 25 euros.<\/p>\n<ol>\n<li>Sur le haut Atlas (Tizin Tichka Pass) au patrimoine culturel mondial Ksar d&rsquo;Ait Benhaddou et a\u0300 la cite\u0301 du film Ouarzazarte.<\/li>\n<li>Excursion dans la valle\u0301e d Ourikal vert et aqueux avec les cascades de Seti Fatma.<\/li>\n<li>Excursion d&rsquo;une journe\u0301e a\u0300 Essaouira, le \u00ab\u00a0Port de Timbouktu\u00a0\u00bb pour se baigner sur la plage et se promener dans la ville du port romatique avec ses e\u0301normes fortifications.<\/li>\n<li>Visite des plus belles cascades du Maroc : Ouzoud, &#8211; Niagara en Miniature.<\/li>\n<li>Chez les Berb\u00e8res du Haut Atlas \u00e0 Imlil\n<p>A travers le d\u00e9sert d&rsquo;Agafai Avec balade \u00e0 dos de chameau, repas copieux chez une famille berb\u00e8re et petite randonn\u00e9e jusqu&rsquo;aux cascades d&rsquo;Imlil, au pied de la plus haute montagne d&rsquo;Afrique du Nord, le Toubkal. 30 \u20ac<\/li>\n<\/ol>\n<\/div><\/section>\n<div class='flex_column av-av_one_full-7714eba142aeda1f8b5272a3c372b279 av_one_full  avia-builder-el-3  el_after_av_textblock  avia-builder-el-last  first flex_column_div column-top-margin'     ><div id='av-masonry-2' class='av-masonry av-lb51p3o2-d5f5ab76b012547cc239d7bc73c9c300 noHover av-fixed-size av-large-gap av-hover-overlay-active av-masonry-animation-active av-masonry-col-flexible av-caption-always av-caption-style- av-masonry-gallery '><div class=\"av-masonry-container isotope av-js-disabled\"><div class='av-masonry-entry isotope-item av-masonry-item-no-image '><\/div><a href=\"https:\/\/marokko-hautnah.de\/wp-content\/uploads\/2017\/09\/Ouzoud-3.jpg\" data-srcset=\"https:\/\/marokko-hautnah.de\/wp-content\/uploads\/2017\/09\/Ouzoud-3.jpg 748w, https:\/\/marokko-hautnah.de\/wp-content\/uploads\/2017\/09\/Ouzoud-3-224x300.jpg 224w, https:\/\/marokko-hautnah.de\/wp-content\/uploads\/2017\/09\/Ouzoud-3-400x535.jpg 400w, https:\/\/marokko-hautnah.de\/wp-content\/uploads\/2017\/09\/Ouzoud-3-430x575.jpg 430w, https:\/\/marokko-hautnah.de\/wp-content\/uploads\/2017\/09\/Ouzoud-3-150x201.jpg 150w, https:\/\/marokko-hautnah.de\/wp-content\/uploads\/2017\/09\/Ouzoud-3-100x134.jpg 100w\" data-sizes=\"(max-width: 748px) 100vw, 748px\"  aria-label=\"image Ouzoud Marokko\"  id='av-masonry-2-item-2670' data-av-masonry-item='2670' class='av-masonry-entry isotope-item post-2670 attachment type-attachment status-inherit hentry  av-masonry-item-with-image av-grid-img' title=\"\" alt=\"\"    itemprop=\"thumbnailUrl\"  data-rel=\"lightbox-gallery-6kpWafft\" data-rl_title=\"\" data-rl_caption=\"\"><div class='av-inner-masonry-sizer'><\/div><figure class='av-inner-masonry main_color'><div class=\"av-masonry-outerimage-container\"><div class='av-masonry-image-container' style=\"background-image: url(https:\/\/marokko-hautnah.de\/wp-content\/uploads\/2017\/09\/Ouzoud-3.jpg);\"  title=\"Ouzoud Marokko\"  ><\/div><\/div><\/figure><\/a><!--end av-masonry entry--><a href=\"https:\/\/marokko-hautnah.de\/wp-content\/uploads\/2017\/09\/Ouzoud-1.jpg\" data-srcset=\"https:\/\/marokko-hautnah.de\/wp-content\/uploads\/2017\/09\/Ouzoud-1.jpg 748w, https:\/\/marokko-hautnah.de\/wp-content\/uploads\/2017\/09\/Ouzoud-1-224x300.jpg 224w, https:\/\/marokko-hautnah.de\/wp-content\/uploads\/2017\/09\/Ouzoud-1-400x535.jpg 400w, https:\/\/marokko-hautnah.de\/wp-content\/uploads\/2017\/09\/Ouzoud-1-430x575.jpg 430w, https:\/\/marokko-hautnah.de\/wp-content\/uploads\/2017\/09\/Ouzoud-1-150x201.jpg 150w, https:\/\/marokko-hautnah.de\/wp-content\/uploads\/2017\/09\/Ouzoud-1-100x134.jpg 100w\" data-sizes=\"(max-width: 748px) 100vw, 748px\"  aria-label=\"image Ouzoud Marokko\"  id='av-masonry-2-item-2666' data-av-masonry-item='2666' class='av-masonry-entry isotope-item post-2666 attachment type-attachment status-inherit hentry  av-masonry-item-with-image av-grid-img' title=\"\" alt=\"\"    itemprop=\"thumbnailUrl\"  data-rel=\"lightbox-gallery-6kpWafft\" data-rl_title=\"\" data-rl_caption=\"\"><div class='av-inner-masonry-sizer'><\/div><figure class='av-inner-masonry main_color'><div class=\"av-masonry-outerimage-container\"><div class='av-masonry-image-container' style=\"background-image: url(https:\/\/marokko-hautnah.de\/wp-content\/uploads\/2017\/09\/Ouzoud-1.jpg);\"  title=\"Ouzoud Marokko\"  ><\/div><\/div><\/figure><\/a><!--end av-masonry entry--><a href=\"https:\/\/marokko-hautnah.de\/wp-content\/uploads\/2017\/09\/Ait-Benhadou-1.jpg\" data-srcset=\"https:\/\/marokko-hautnah.de\/wp-content\/uploads\/2017\/09\/Ait-Benhadou-1.jpg 1000w, https:\/\/marokko-hautnah.de\/wp-content\/uploads\/2017\/09\/Ait-Benhadou-1-300x225.jpg 300w, https:\/\/marokko-hautnah.de\/wp-content\/uploads\/2017\/09\/Ait-Benhadou-1-768x576.jpg 768w, https:\/\/marokko-hautnah.de\/wp-content\/uploads\/2017\/09\/Ait-Benhadou-1-750x563.jpg 750w, https:\/\/marokko-hautnah.de\/wp-content\/uploads\/2017\/09\/Ait-Benhadou-1-400x300.jpg 400w, https:\/\/marokko-hautnah.de\/wp-content\/uploads\/2017\/09\/Ait-Benhadou-1-430x323.jpg 430w, https:\/\/marokko-hautnah.de\/wp-content\/uploads\/2017\/09\/Ait-Benhadou-1-150x113.jpg 150w, https:\/\/marokko-hautnah.de\/wp-content\/uploads\/2017\/09\/Ait-Benhadou-1-100x75.jpg 100w\" data-sizes=\"(max-width: 1000px) 100vw, 1000px\"  aria-label=\"image Ait Benhadou Marokko\"  id='av-masonry-2-item-2574' data-av-masonry-item='2574' class='av-masonry-entry isotope-item post-2574 attachment type-attachment status-inherit hentry  av-masonry-item-with-image av-grid-img' title=\"\" alt=\"\"    itemprop=\"thumbnailUrl\"  data-rel=\"lightbox-gallery-6kpWafft\" data-rl_title=\"\" data-rl_caption=\"\"><div class='av-inner-masonry-sizer'><\/div><figure class='av-inner-masonry main_color'><div class=\"av-masonry-outerimage-container\"><div class='av-masonry-image-container' style=\"background-image: url(https:\/\/marokko-hautnah.de\/wp-content\/uploads\/2017\/09\/Ait-Benhadou-1.jpg);\"  title=\"Ait Benhadou Marokko\"  ><\/div><\/div><\/figure><\/a><!--end av-masonry entry--><a href=\"https:\/\/marokko-hautnah.de\/wp-content\/uploads\/2017\/09\/Ait-Benhadou-2.jpg\" data-srcset=\"https:\/\/marokko-hautnah.de\/wp-content\/uploads\/2017\/09\/Ait-Benhadou-2.jpg 1000w, https:\/\/marokko-hautnah.de\/wp-content\/uploads\/2017\/09\/Ait-Benhadou-2-300x233.jpg 300w, https:\/\/marokko-hautnah.de\/wp-content\/uploads\/2017\/09\/Ait-Benhadou-2-768x595.jpg 768w, https:\/\/marokko-hautnah.de\/wp-content\/uploads\/2017\/09\/Ait-Benhadou-2-750x581.jpg 750w, https:\/\/marokko-hautnah.de\/wp-content\/uploads\/2017\/09\/Ait-Benhadou-2-400x310.jpg 400w, https:\/\/marokko-hautnah.de\/wp-content\/uploads\/2017\/09\/Ait-Benhadou-2-430x333.jpg 430w, https:\/\/marokko-hautnah.de\/wp-content\/uploads\/2017\/09\/Ait-Benhadou-2-150x116.jpg 150w, https:\/\/marokko-hautnah.de\/wp-content\/uploads\/2017\/09\/Ait-Benhadou-2-100x78.jpg 100w\" data-sizes=\"(max-width: 1000px) 100vw, 1000px\"  aria-label=\"image Ait Benhadou Marokko\"  id='av-masonry-2-item-2576' data-av-masonry-item='2576' class='av-masonry-entry isotope-item post-2576 attachment type-attachment status-inherit hentry  av-masonry-item-with-image av-grid-img' title=\"\" alt=\"\"    itemprop=\"thumbnailUrl\"  data-rel=\"lightbox-gallery-6kpWafft\" data-rl_title=\"\" data-rl_caption=\"\"><div class='av-inner-masonry-sizer'><\/div><figure class='av-inner-masonry main_color'><div class=\"av-masonry-outerimage-container\"><div class='av-masonry-image-container' style=\"background-image: url(https:\/\/marokko-hautnah.de\/wp-content\/uploads\/2017\/09\/Ait-Benhadou-2.jpg);\"  title=\"Ait Benhadou Marokko\"  ><\/div><\/div><\/figure><\/a><!--end av-masonry entry--><a href=\"https:\/\/marokko-hautnah.de\/wp-content\/uploads\/2017\/09\/Ait-Benhadou-3.jpg\" data-srcset=\"https:\/\/marokko-hautnah.de\/wp-content\/uploads\/2017\/09\/Ait-Benhadou-3.jpg 1000w, https:\/\/marokko-hautnah.de\/wp-content\/uploads\/2017\/09\/Ait-Benhadou-3-300x225.jpg 300w, https:\/\/marokko-hautnah.de\/wp-content\/uploads\/2017\/09\/Ait-Benhadou-3-768x575.jpg 768w, https:\/\/marokko-hautnah.de\/wp-content\/uploads\/2017\/09\/Ait-Benhadou-3-750x562.jpg 750w, https:\/\/marokko-hautnah.de\/wp-content\/uploads\/2017\/09\/Ait-Benhadou-3-400x300.jpg 400w, https:\/\/marokko-hautnah.de\/wp-content\/uploads\/2017\/09\/Ait-Benhadou-3-430x322.jpg 430w, https:\/\/marokko-hautnah.de\/wp-content\/uploads\/2017\/09\/Ait-Benhadou-3-150x112.jpg 150w, https:\/\/marokko-hautnah.de\/wp-content\/uploads\/2017\/09\/Ait-Benhadou-3-100x75.jpg 100w\" data-sizes=\"(max-width: 1000px) 100vw, 1000px\"  aria-label=\"image Ait Benhadou Marokko\"  id='av-masonry-2-item-2578' data-av-masonry-item='2578' class='av-masonry-entry isotope-item post-2578 attachment type-attachment status-inherit hentry  av-masonry-item-with-image av-grid-img' title=\"\" alt=\"\"    itemprop=\"thumbnailUrl\"  data-rel=\"lightbox-gallery-6kpWafft\" data-rl_title=\"\" data-rl_caption=\"\"><div class='av-inner-masonry-sizer'><\/div><figure class='av-inner-masonry main_color'><div class=\"av-masonry-outerimage-container\"><div class='av-masonry-image-container' style=\"background-image: url(https:\/\/marokko-hautnah.de\/wp-content\/uploads\/2017\/09\/Ait-Benhadou-3.jpg);\"  title=\"Ait Benhadou Marokko\"  ><\/div><\/div><\/figure><\/a><!--end av-masonry entry--><a href=\"https:\/\/marokko-hautnah.de\/wp-content\/uploads\/2017\/02\/Ait-Mansour-3.jpg\" data-srcset=\"https:\/\/marokko-hautnah.de\/wp-content\/uploads\/2017\/02\/Ait-Mansour-3.jpg 709w, https:\/\/marokko-hautnah.de\/wp-content\/uploads\/2017\/02\/Ait-Mansour-3-224x300.jpg 224w, https:\/\/marokko-hautnah.de\/wp-content\/uploads\/2017\/02\/Ait-Mansour-3-400x535.jpg 400w, https:\/\/marokko-hautnah.de\/wp-content\/uploads\/2017\/02\/Ait-Mansour-3-430x576.jpg 430w, https:\/\/marokko-hautnah.de\/wp-content\/uploads\/2017\/02\/Ait-Mansour-3-150x201.jpg 150w, https:\/\/marokko-hautnah.de\/wp-content\/uploads\/2017\/02\/Ait-Mansour-3-100x134.jpg 100w\" data-sizes=\"(max-width: 709px) 100vw, 709px\"  aria-label=\"image Marokko Ait Mansour\"  id='av-masonry-2-item-2434' data-av-masonry-item='2434' class='av-masonry-entry isotope-item post-2434 attachment type-attachment status-inherit hentry  av-masonry-item-with-image av-grid-img' title=\"\" alt=\"\"    itemprop=\"thumbnailUrl\"  data-rel=\"lightbox-gallery-6kpWafft\" data-rl_title=\"\" data-rl_caption=\"\"><div class='av-inner-masonry-sizer'><\/div><figure class='av-inner-masonry main_color'><div class=\"av-masonry-outerimage-container\"><div class='av-masonry-image-container' style=\"background-image: url(https:\/\/marokko-hautnah.de\/wp-content\/uploads\/2017\/02\/Ait-Mansour-3.jpg);\"  title=\"Marokko Ait Mansour\"  ><\/div><\/div><\/figure><\/a><!--end av-masonry entry--><\/div><\/div><\/div>\n","protected":false},"excerpt":{"rendered":"","protected":false},"author":3,"featured_media":0,"parent":0,"menu_order":0,"comment_status":"closed","ping_status":"closed","template":"","meta":{"footnotes":""},"class_list":["post-2966","page","type-page","status-publish","hentry"],"_links":{"self":[{"href":"https:\/\/marokko-hautnah.de\/fr\/wp-json\/wp\/v2\/pages\/2966","targetHints":{"allow":["GET"]}}],"collection":[{"href":"https:\/\/marokko-hautnah.de\/fr\/wp-json\/wp\/v2\/pages"}],"about":[{"href":"https:\/\/marokko-hautnah.de\/fr\/wp-json\/wp\/v2\/types\/page"}],"author":[{"embeddable":true,"href":"https:\/\/marokko-hautnah.de\/fr\/wp-json\/wp\/v2\/users\/3"}],"replies":[{"embeddable":true,"href":"https:\/\/marokko-hautnah.de\/fr\/wp-json\/wp\/v2\/comments?post=2966"}],"version-history":[{"count":3,"href":"https:\/\/marokko-hautnah.de\/fr\/wp-json\/wp\/v2\/pages\/2966\/revisions"}],"predecessor-version":[{"id":3599,"href":"https:\/\/marokko-hautnah.de\/fr\/wp-json\/wp\/v2\/pages\/2966\/revisions\/3599"}],"wp:attachment":[{"href":"https:\/\/marokko-hautnah.de\/fr\/wp-json\/wp\/v2\/media?parent=2966"}],"curies":[{"name":"wp","href":"https:\/\/api.w.org\/{rel}","templated":true}]}}