{"id":2968,"date":"2018-07-02T16:15:45","date_gmt":"2018-07-02T14:15:45","guid":{"rendered":"https:\/\/marokko-hautnah.de\/projekt-taskala\/"},"modified":"2022-12-01T15:45:30","modified_gmt":"2022-12-01T14:45:30","slug":"projekt-taskala","status":"publish","type":"page","link":"https:\/\/marokko-hautnah.de\/fr\/projekt-taskala\/","title":{"rendered":"Taskala"},"content":{"rendered":"<div class='flex_column av-av_one_full-7714eba142aeda1f8b5272a3c372b279 av_one_full  avia-builder-el-0  el_before_av_textblock  avia-builder-el-first  first flex_column_div '     ><div id='av-masonry-1' class='av-masonry av-av_masonry_gallery-51af78cbbbc578d56e2d0ebe809df378 noHover av-fixed-size av-large-gap av-hover-overlay-active av-masonry-animation-active av-masonry-col-flexible av-caption-always av-caption-style- av-masonry-gallery '><div class=\"av-masonry-container isotope av-js-disabled\"><div class='av-masonry-entry isotope-item av-masonry-item-no-image '><\/div><a href=\"https:\/\/marokko-hautnah.de\/wp-content\/uploads\/2018\/07\/Projekt-Timidarte-Ismail.jpg\" data-srcset=\"https:\/\/marokko-hautnah.de\/wp-content\/uploads\/2018\/07\/Projekt-Timidarte-Ismail.jpg 750w, https:\/\/marokko-hautnah.de\/wp-content\/uploads\/2018\/07\/Projekt-Timidarte-Ismail-225x300.jpg 225w, https:\/\/marokko-hautnah.de\/wp-content\/uploads\/2018\/07\/Projekt-Timidarte-Ismail-400x533.jpg 400w, https:\/\/marokko-hautnah.de\/wp-content\/uploads\/2018\/07\/Projekt-Timidarte-Ismail-430x573.jpg 430w, https:\/\/marokko-hautnah.de\/wp-content\/uploads\/2018\/07\/Projekt-Timidarte-Ismail-150x200.jpg 150w, https:\/\/marokko-hautnah.de\/wp-content\/uploads\/2018\/07\/Projekt-Timidarte-Ismail-100x133.jpg 100w\" data-sizes=\"(max-width: 750px) 100vw, 750px\"  aria-label=\"image Projekt Timidarte Marokko &#8211; Ismail\"  id='av-masonry-1-item-2772' data-av-masonry-item='2772' class='av-masonry-entry isotope-item post-2772 attachment type-attachment status-inherit hentry  av-masonry-item-with-image av-grid-img' title=\"\" alt=\"\"    itemprop=\"thumbnailUrl\"  data-rel=\"lightbox-gallery-Ettj895n\" data-rl_title=\"\" data-rl_caption=\"\"><div class='av-inner-masonry-sizer'><\/div><figure class='av-inner-masonry main_color'><div class=\"av-masonry-outerimage-container\"><div class='av-masonry-image-container' style=\"background-image: url(https:\/\/marokko-hautnah.de\/wp-content\/uploads\/2018\/07\/Projekt-Timidarte-Ismail.jpg);\"  title=\"Projekt Timidarte Marokko &#8211; Ismail\"  ><\/div><\/div><\/figure><\/a><!--end av-masonry entry--><a href=\"https:\/\/marokko-hautnah.de\/wp-content\/uploads\/2018\/07\/Projekt-Timidarte-6-1024x1024.jpg\" data-srcset=\"https:\/\/marokko-hautnah.de\/wp-content\/uploads\/2018\/07\/Projekt-Timidarte-6-1024x1024.jpg 1024w, https:\/\/marokko-hautnah.de\/wp-content\/uploads\/2018\/07\/Projekt-Timidarte-6-150x150.jpg 150w, https:\/\/marokko-hautnah.de\/wp-content\/uploads\/2018\/07\/Projekt-Timidarte-6-300x300.jpg 300w, https:\/\/marokko-hautnah.de\/wp-content\/uploads\/2018\/07\/Projekt-Timidarte-6-768x768.jpg 768w, https:\/\/marokko-hautnah.de\/wp-content\/uploads\/2018\/07\/Projekt-Timidarte-6-750x750.jpg 750w, https:\/\/marokko-hautnah.de\/wp-content\/uploads\/2018\/07\/Projekt-Timidarte-6-400x400.jpg 400w, https:\/\/marokko-hautnah.de\/wp-content\/uploads\/2018\/07\/Projekt-Timidarte-6-430x430.jpg 430w, https:\/\/marokko-hautnah.de\/wp-content\/uploads\/2018\/07\/Projekt-Timidarte-6-100x100.jpg 100w, https:\/\/marokko-hautnah.de\/wp-content\/uploads\/2018\/07\/Projekt-Timidarte-6.jpg 1280w\" data-sizes=\"(max-width: 1024px) 100vw, 1024px\"  aria-label=\"image Projekt Timidarte Marokko\"  id='av-masonry-1-item-2770' data-av-masonry-item='2770' class='av-masonry-entry isotope-item post-2770 attachment type-attachment status-inherit hentry  av-masonry-item-with-image av-grid-img' title=\"\" alt=\"\"    itemprop=\"thumbnailUrl\"  data-rel=\"lightbox-gallery-Ettj895n\" data-rl_title=\"\" data-rl_caption=\"\"><div class='av-inner-masonry-sizer'><\/div><figure class='av-inner-masonry main_color'><div class=\"av-masonry-outerimage-container\"><div class='av-masonry-image-container' style=\"background-image: url(https:\/\/marokko-hautnah.de\/wp-content\/uploads\/2018\/07\/Projekt-Timidarte-6.jpg);\"  title=\"Projekt Timidarte Marokko\"  ><\/div><\/div><\/figure><\/a><!--end av-masonry entry--><a href=\"https:\/\/marokko-hautnah.de\/wp-content\/uploads\/2018\/07\/Projekt-Timidarte-5-1024x768.jpg\" data-srcset=\"https:\/\/marokko-hautnah.de\/wp-content\/uploads\/2018\/07\/Projekt-Timidarte-5-1024x768.jpg 1024w, https:\/\/marokko-hautnah.de\/wp-content\/uploads\/2018\/07\/Projekt-Timidarte-5-300x225.jpg 300w, https:\/\/marokko-hautnah.de\/wp-content\/uploads\/2018\/07\/Projekt-Timidarte-5-768x576.jpg 768w, https:\/\/marokko-hautnah.de\/wp-content\/uploads\/2018\/07\/Projekt-Timidarte-5-750x563.jpg 750w, https:\/\/marokko-hautnah.de\/wp-content\/uploads\/2018\/07\/Projekt-Timidarte-5-400x300.jpg 400w, https:\/\/marokko-hautnah.de\/wp-content\/uploads\/2018\/07\/Projekt-Timidarte-5-430x323.jpg 430w, https:\/\/marokko-hautnah.de\/wp-content\/uploads\/2018\/07\/Projekt-Timidarte-5-150x113.jpg 150w, https:\/\/marokko-hautnah.de\/wp-content\/uploads\/2018\/07\/Projekt-Timidarte-5-100x75.jpg 100w, https:\/\/marokko-hautnah.de\/wp-content\/uploads\/2018\/07\/Projekt-Timidarte-5.jpg 1280w\" data-sizes=\"(max-width: 1024px) 100vw, 1024px\"  aria-label=\"image Projekt Timidarte Marokko\"  id='av-masonry-1-item-2768' data-av-masonry-item='2768' class='av-masonry-entry isotope-item post-2768 attachment type-attachment status-inherit hentry  av-masonry-item-with-image av-grid-img' title=\"\" alt=\"\"    itemprop=\"thumbnailUrl\"  data-rel=\"lightbox-gallery-Ettj895n\" data-rl_title=\"\" data-rl_caption=\"\"><div class='av-inner-masonry-sizer'><\/div><figure class='av-inner-masonry main_color'><div class=\"av-masonry-outerimage-container\"><div class='av-masonry-image-container' style=\"background-image: url(https:\/\/marokko-hautnah.de\/wp-content\/uploads\/2018\/07\/Projekt-Timidarte-5.jpg);\"  title=\"Projekt Timidarte Marokko\"  ><\/div><\/div><\/figure><\/a><!--end av-masonry entry--><a href=\"https:\/\/marokko-hautnah.de\/wp-content\/uploads\/2018\/07\/Projekt-Timidarte-3-768x1024.jpg\" data-srcset=\"https:\/\/marokko-hautnah.de\/wp-content\/uploads\/2018\/07\/Projekt-Timidarte-3-768x1024.jpg 768w, https:\/\/marokko-hautnah.de\/wp-content\/uploads\/2018\/07\/Projekt-Timidarte-3-225x300.jpg 225w, https:\/\/marokko-hautnah.de\/wp-content\/uploads\/2018\/07\/Projekt-Timidarte-3-750x1000.jpg 750w, https:\/\/marokko-hautnah.de\/wp-content\/uploads\/2018\/07\/Projekt-Timidarte-3-400x533.jpg 400w, https:\/\/marokko-hautnah.de\/wp-content\/uploads\/2018\/07\/Projekt-Timidarte-3-430x573.jpg 430w, https:\/\/marokko-hautnah.de\/wp-content\/uploads\/2018\/07\/Projekt-Timidarte-3-150x200.jpg 150w, https:\/\/marokko-hautnah.de\/wp-content\/uploads\/2018\/07\/Projekt-Timidarte-3-100x133.jpg 100w, https:\/\/marokko-hautnah.de\/wp-content\/uploads\/2018\/07\/Projekt-Timidarte-3.jpg 1280w\" data-sizes=\"(max-width: 768px) 100vw, 768px\"  aria-label=\"image Projekt Timidarte Marokko\"  id='av-masonry-1-item-2766' data-av-masonry-item='2766' class='av-masonry-entry isotope-item post-2766 attachment type-attachment status-inherit hentry  av-masonry-item-with-image av-grid-img' title=\"\" alt=\"\"    itemprop=\"thumbnailUrl\"  data-rel=\"lightbox-gallery-Ettj895n\" data-rl_title=\"\" data-rl_caption=\"\"><div class='av-inner-masonry-sizer'><\/div><figure class='av-inner-masonry main_color'><div class=\"av-masonry-outerimage-container\"><div class='av-masonry-image-container' style=\"background-image: url(https:\/\/marokko-hautnah.de\/wp-content\/uploads\/2018\/07\/Projekt-Timidarte-3.jpg);\"  title=\"Projekt Timidarte Marokko\"  ><\/div><\/div><\/figure><\/a><!--end av-masonry entry--><a href=\"https:\/\/marokko-hautnah.de\/wp-content\/uploads\/2018\/07\/Projekt-Timidarte-2-1024x768.jpg\" data-srcset=\"https:\/\/marokko-hautnah.de\/wp-content\/uploads\/2018\/07\/Projekt-Timidarte-2-1024x768.jpg 1024w, https:\/\/marokko-hautnah.de\/wp-content\/uploads\/2018\/07\/Projekt-Timidarte-2-300x225.jpg 300w, https:\/\/marokko-hautnah.de\/wp-content\/uploads\/2018\/07\/Projekt-Timidarte-2-768x576.jpg 768w, https:\/\/marokko-hautnah.de\/wp-content\/uploads\/2018\/07\/Projekt-Timidarte-2-750x563.jpg 750w, https:\/\/marokko-hautnah.de\/wp-content\/uploads\/2018\/07\/Projekt-Timidarte-2-400x300.jpg 400w, https:\/\/marokko-hautnah.de\/wp-content\/uploads\/2018\/07\/Projekt-Timidarte-2-430x323.jpg 430w, https:\/\/marokko-hautnah.de\/wp-content\/uploads\/2018\/07\/Projekt-Timidarte-2-150x113.jpg 150w, https:\/\/marokko-hautnah.de\/wp-content\/uploads\/2018\/07\/Projekt-Timidarte-2-100x75.jpg 100w, https:\/\/marokko-hautnah.de\/wp-content\/uploads\/2018\/07\/Projekt-Timidarte-2.jpg 1280w\" data-sizes=\"(max-width: 1024px) 100vw, 1024px\"  aria-label=\"image Projekt Timidarte Marokko\"  id='av-masonry-1-item-2764' data-av-masonry-item='2764' class='av-masonry-entry isotope-item post-2764 attachment type-attachment status-inherit hentry  av-masonry-item-with-image av-grid-img' title=\"\" alt=\"\"    itemprop=\"thumbnailUrl\"  data-rel=\"lightbox-gallery-Ettj895n\" data-rl_title=\"\" data-rl_caption=\"\"><div class='av-inner-masonry-sizer'><\/div><figure class='av-inner-masonry main_color'><div class=\"av-masonry-outerimage-container\"><div class='av-masonry-image-container' style=\"background-image: url(https:\/\/marokko-hautnah.de\/wp-content\/uploads\/2018\/07\/Projekt-Timidarte-2.jpg);\"  title=\"Projekt Timidarte Marokko\"  ><\/div><\/div><\/figure><\/a><!--end av-masonry entry--><a href=\"https:\/\/marokko-hautnah.de\/wp-content\/uploads\/2018\/07\/Projekt-Timidarte-1-1024x768.jpg\" data-srcset=\"https:\/\/marokko-hautnah.de\/wp-content\/uploads\/2018\/07\/Projekt-Timidarte-1-1024x768.jpg 1024w, https:\/\/marokko-hautnah.de\/wp-content\/uploads\/2018\/07\/Projekt-Timidarte-1-300x225.jpg 300w, https:\/\/marokko-hautnah.de\/wp-content\/uploads\/2018\/07\/Projekt-Timidarte-1-768x576.jpg 768w, https:\/\/marokko-hautnah.de\/wp-content\/uploads\/2018\/07\/Projekt-Timidarte-1-750x563.jpg 750w, https:\/\/marokko-hautnah.de\/wp-content\/uploads\/2018\/07\/Projekt-Timidarte-1-400x300.jpg 400w, https:\/\/marokko-hautnah.de\/wp-content\/uploads\/2018\/07\/Projekt-Timidarte-1-430x323.jpg 430w, https:\/\/marokko-hautnah.de\/wp-content\/uploads\/2018\/07\/Projekt-Timidarte-1-150x113.jpg 150w, https:\/\/marokko-hautnah.de\/wp-content\/uploads\/2018\/07\/Projekt-Timidarte-1-100x75.jpg 100w, https:\/\/marokko-hautnah.de\/wp-content\/uploads\/2018\/07\/Projekt-Timidarte-1.jpg 1280w\" data-sizes=\"(max-width: 1024px) 100vw, 1024px\"  aria-label=\"image Projekt Timidarte Marokko\"  id='av-masonry-1-item-2762' data-av-masonry-item='2762' class='av-masonry-entry isotope-item post-2762 attachment type-attachment status-inherit hentry  av-masonry-item-with-image av-grid-img' title=\"\" alt=\"\"    itemprop=\"thumbnailUrl\"  data-rel=\"lightbox-gallery-Ettj895n\" data-rl_title=\"\" data-rl_caption=\"\"><div class='av-inner-masonry-sizer'><\/div><figure class='av-inner-masonry main_color'><div class=\"av-masonry-outerimage-container\"><div class='av-masonry-image-container' style=\"background-image: url(https:\/\/marokko-hautnah.de\/wp-content\/uploads\/2018\/07\/Projekt-Timidarte-1.jpg);\"  title=\"Projekt Timidarte Marokko\"  ><\/div><\/div><\/figure><\/a><!--end av-masonry entry--><\/div><\/div><\/div><section  class='av_textblock_section av-laaw87tv-7c732e045d8c5fc97b1e2a8aff0a4c3a'  itemscope=\"itemscope\" itemtype=\"https:\/\/schema.org\/CreativeWork\" ><div class='avia_textblock'  itemprop=\"text\" ><p><strong>Le village<\/strong><\/p>\n<p>Timidarte est un village oasien de Draa, 280 km au sud de Marrakech, il est situ\u00e9 \u00e0 mi-chemin entre Zagora et Ouarzazate. Le village est accessible par la route nationale N9.<\/p>\n<p><strong>L\u2019association<\/strong><\/p>\n<p>L\u2019Association Taskala pour le d\u00e9veloppement et la d\u00e9mocratie est une ONG fond\u00e9e le 28 Janvier 1998, enregistr\u00e9 sous les r\u00e9f\u00e9rences 29834. Elle contribue au d\u00e9veloppement du village de Timiderte en r\u00e9fl\u00e9chissant ensemble pour trouver des solutions satisfaisantes pour tous les probl\u00e8mes \u00e9conomiques et socioculturelles pour le bien \u00eatre de la population locale. Toute la population est adh\u00e9rente.<\/p>\n<p><strong>Partenaires<\/strong><\/p>\n<p style=\"padding-left: 30px;\">\u2022 Association Taskala: contribue \u00e0 mettre \u00e0 disposition le local, ordinateurs et mat\u00e9riel bureautique.<\/p>\n<p style=\"padding-left: 30px;\">\u2022 Kasbah timidarte: contribue \u00e0 mettre la kasbah a disposition pour l&rsquo;accueil des r\u00e9unions, rencontres et ateliers (Th\u00e9\u00e2tre \u2026)<\/p>\n<p style=\"padding-left: 30px;\">\u2022 Riad Michel: cr\u00e9ation et suivie de soutien<\/p>\n<p style=\"padding-left: 30px;\">\u2022 L\u2019Ecole primaire de Timiderte: extension des projets pour obtenir le label des \u00e9coles \u00e9cologiques de la fondation Mohammed VI pour la protection de l&rsquo;environnement.<\/p>\n<p style=\"padding-left: 30px;\">\u2022 Association TimArt: contribue \u00e0 l\u2019organisation des activit\u00e9s.<\/p>\n<p><strong>Objectifs<\/strong><\/p>\n<p style=\"padding-left: 30px;\">\u2022 Cr\u00e9ation d\u2019emploi pour les jeunes et femmes<\/p>\n<p style=\"padding-left: 30px;\">\u2022 Contribuer \u00e0 pr\u00e9server l&rsquo;environnement naturel et culturel<\/p>\n<p style=\"padding-left: 30px;\">\u2022 Diminuer l&rsquo;immigration vers les villes<\/p>\n<p style=\"padding-left: 30px;\">\u2022 Sensibilisation et \u00e9ducation des enfants de la garderie et l&rsquo;\u00e9cole de timidarte \u00e0 la protection de l&rsquo;environnement<\/p>\n<p><strong>Activit\u00e9s<\/strong><\/p>\n<p style=\"padding-left: 30px;\">\u2022 Formation th\u00e9\u00e2tre<\/p>\n<p style=\"padding-left: 30px;\">\u2022 Plantation des arbres<\/p>\n<p style=\"padding-left: 30px;\">\u2022 Photographie<\/p>\n<p style=\"padding-left: 30px;\">\u2022 Cuisine<\/p>\n<p style=\"padding-left: 30px;\">\u2022 Contes racont\u00e9s par des conteurs de Timidarte.<\/p>\n<p style=\"padding-left: 30px;\">\u2022 Sorties avec les enfants de la garderie, les jeunes et les visiteurs.<\/p>\n<p style=\"padding-left: 30px;\">\u2022 Accompagner l&rsquo;\u00e9cole de Timidarte pour obtenir le label \u00e9cologique de la fondation Mohamed VI pour la protection de l&rsquo;environnement.<\/p>\n<p><strong>Animation et d\u00e9roulement du projet<\/strong><\/p>\n<p>Ismail est un jeune dipl\u00f4m\u00e9 et acteur associatif, il a \u00e9tudi\u00e9 L\u2019anglais et l\u2019animation, il est membre fondateur d\u2019une association de jeunes \u00e0 Timiderte. Il s\u2019occupe \u00e0 organiser l\u2019enseignement de langue anglaise et cours de l\u2019histoire et pr\u00e9pare diff\u00e9rentes activit\u00e9s d\u2019apprentissage hors classe\u00a0; ateliers, sorties.. etc<\/p>\n<p><strong>R\u00e9sultats attent\u00e9es<\/strong><\/p>\n<p style=\"padding-left: 30px;\">\u2022 L&rsquo;\u00e9cole de timidarte devient labellis\u00e9e<\/p>\n<p style=\"padding-left: 30px;\">\u2022 Les jeunes de timidarte ont trouv\u00e9 un travail.<\/p>\n<p style=\"padding-left: 30px;\">\u2022 Les habitants sont acteurs \u00e0 pr\u00e9server leur environnement.<\/p>\n<p style=\"padding-left: 30px;\">\u2022 Les jeunes jouent un roule important dans la culture de la d\u00e9mocratie participatif.<\/p>\n<p><strong>Besoins financi\u00e8res du projet<\/strong><\/p>\n<p>L associacion Tiskala emploie Ismail dans un premier temp (prevu 2 ann\u00e9es) \u00e0 plein-temps avec un salaire de 5000\u20ac par an (CNSS inclu).<\/p>\n<\/div><\/section>\n","protected":false},"excerpt":{"rendered":"","protected":false},"author":3,"featured_media":0,"parent":0,"menu_order":0,"comment_status":"open","ping_status":"closed","template":"","meta":{"footnotes":""},"class_list":["post-2968","page","type-page","status-publish","hentry"],"_links":{"self":[{"href":"https:\/\/marokko-hautnah.de\/fr\/wp-json\/wp\/v2\/pages\/2968","targetHints":{"allow":["GET"]}}],"collection":[{"href":"https:\/\/marokko-hautnah.de\/fr\/wp-json\/wp\/v2\/pages"}],"about":[{"href":"https:\/\/marokko-hautnah.de\/fr\/wp-json\/wp\/v2\/types\/page"}],"author":[{"embeddable":true,"href":"https:\/\/marokko-hautnah.de\/fr\/wp-json\/wp\/v2\/users\/3"}],"replies":[{"embeddable":true,"href":"https:\/\/marokko-hautnah.de\/fr\/wp-json\/wp\/v2\/comments?post=2968"}],"version-history":[{"count":3,"href":"https:\/\/marokko-hautnah.de\/fr\/wp-json\/wp\/v2\/pages\/2968\/revisions"}],"predecessor-version":[{"id":3722,"href":"https:\/\/marokko-hautnah.de\/fr\/wp-json\/wp\/v2\/pages\/2968\/revisions\/3722"}],"wp:attachment":[{"href":"https:\/\/marokko-hautnah.de\/fr\/wp-json\/wp\/v2\/media?parent=2968"}],"curies":[{"name":"wp","href":"https:\/\/api.w.org\/{rel}","templated":true}]}}