{"id":2970,"date":"2017-09-04T10:16:45","date_gmt":"2017-09-04T08:16:45","guid":{"rendered":"https:\/\/marokko-hautnah.de\/wuesten-kurztrip\/"},"modified":"2022-12-01T14:45:44","modified_gmt":"2022-12-01T13:45:44","slug":"wuesten-kurztrip","status":"publish","type":"page","link":"https:\/\/marokko-hautnah.de\/fr\/wuesten-kurztrip\/","title":{"rendered":"Voyage bref dans le d\u00e9sert"},"content":{"rendered":"<div class='flex_column av-av_one_full-7714eba142aeda1f8b5272a3c372b279 av_one_full  avia-builder-el-0  el_before_av_textblock  avia-builder-el-first  first flex_column_div '     ><div id='av-masonry-1' class='av-masonry av-av_masonry_gallery-2bed0800f8a4eb43efb01bcc8e120d5f noHover av-fixed-size av-large-gap av-hover-overlay-active av-masonry-animation-active av-masonry-col-flexible av-caption-always av-caption-style- av-masonry-gallery '><div class=\"av-masonry-container isotope av-js-disabled\"><div class='av-masonry-entry isotope-item av-masonry-item-no-image '><\/div><a href=\"https:\/\/marokko-hautnah.de\/wp-content\/uploads\/2022\/12\/Wuesten-Kurztrip01-rotated.jpg\" data-srcset=\"https:\/\/marokko-hautnah.de\/wp-content\/uploads\/2022\/12\/Wuesten-Kurztrip01-rotated.jpg 480w, https:\/\/marokko-hautnah.de\/wp-content\/uploads\/2022\/12\/Wuesten-Kurztrip01-225x300.jpg 225w\" data-sizes=\"(max-width: 480px) 100vw, 480px\"  aria-label=\"image Wuesten-Kurztrip01\"  id='av-masonry-1-item-3643' data-av-masonry-item='3643' class='av-masonry-entry isotope-item post-3643 attachment type-attachment status-inherit hentry  av-masonry-item-with-image av-grid-img' title=\"\" alt=\"\"    itemprop=\"thumbnailUrl\"  data-rel=\"lightbox-gallery-kYVwXv0y\" data-rl_title=\"\" data-rl_caption=\"\"><div class='av-inner-masonry-sizer'><\/div><figure class='av-inner-masonry main_color'><div class=\"av-masonry-outerimage-container\"><div class='av-masonry-image-container' style=\"background-image: url(https:\/\/marokko-hautnah.de\/wp-content\/uploads\/2022\/12\/Wuesten-Kurztrip01-rotated.jpg);\"  title=\"Wuesten-Kurztrip01\"  ><\/div><\/div><\/figure><\/a><!--end av-masonry entry--><a href=\"https:\/\/marokko-hautnah.de\/wp-content\/uploads\/2022\/12\/Wuesten-Kurztrip02-rotated.jpg\" data-srcset=\"https:\/\/marokko-hautnah.de\/wp-content\/uploads\/2022\/12\/Wuesten-Kurztrip02-rotated.jpg 480w, https:\/\/marokko-hautnah.de\/wp-content\/uploads\/2022\/12\/Wuesten-Kurztrip02-225x300.jpg 225w\" data-sizes=\"(max-width: 480px) 100vw, 480px\"  aria-label=\"image Wuesten-Kurztrip02\"  id='av-masonry-1-item-3646' data-av-masonry-item='3646' class='av-masonry-entry isotope-item post-3646 attachment type-attachment status-inherit hentry  av-masonry-item-with-image av-grid-img' title=\"\" alt=\"\"    itemprop=\"thumbnailUrl\"  data-rel=\"lightbox-gallery-kYVwXv0y\" data-rl_title=\"\" data-rl_caption=\"\"><div class='av-inner-masonry-sizer'><\/div><figure class='av-inner-masonry main_color'><div class=\"av-masonry-outerimage-container\"><div class='av-masonry-image-container' style=\"background-image: url(https:\/\/marokko-hautnah.de\/wp-content\/uploads\/2022\/12\/Wuesten-Kurztrip02-rotated.jpg);\"  title=\"Wuesten-Kurztrip02\"  ><\/div><\/div><\/figure><\/a><!--end av-masonry entry--><a href=\"https:\/\/marokko-hautnah.de\/wp-content\/uploads\/2017\/12\/YOGA-Wu\u0308ste-06-1024x768.jpg\" data-srcset=\"https:\/\/marokko-hautnah.de\/wp-content\/uploads\/2017\/12\/YOGA-Wu\u0308ste-06-1024x768.jpg 1024w, https:\/\/marokko-hautnah.de\/wp-content\/uploads\/2017\/12\/YOGA-Wu\u0308ste-06-300x225.jpg 300w, https:\/\/marokko-hautnah.de\/wp-content\/uploads\/2017\/12\/YOGA-Wu\u0308ste-06-768x576.jpg 768w, https:\/\/marokko-hautnah.de\/wp-content\/uploads\/2017\/12\/YOGA-Wu\u0308ste-06-750x563.jpg 750w, https:\/\/marokko-hautnah.de\/wp-content\/uploads\/2017\/12\/YOGA-Wu\u0308ste-06-400x300.jpg 400w, https:\/\/marokko-hautnah.de\/wp-content\/uploads\/2017\/12\/YOGA-Wu\u0308ste-06-430x323.jpg 430w, https:\/\/marokko-hautnah.de\/wp-content\/uploads\/2017\/12\/YOGA-Wu\u0308ste-06-150x113.jpg 150w, https:\/\/marokko-hautnah.de\/wp-content\/uploads\/2017\/12\/YOGA-Wu\u0308ste-06-100x75.jpg 100w, https:\/\/marokko-hautnah.de\/wp-content\/uploads\/2017\/12\/YOGA-Wu\u0308ste-06.jpg 1280w\" data-sizes=\"(max-width: 1024px) 100vw, 1024px\"  aria-label=\"image YOGA in der W\u00fcste Marokkos\"  id='av-masonry-1-item-2732' data-av-masonry-item='2732' class='av-masonry-entry isotope-item post-2732 attachment type-attachment status-inherit hentry  av-masonry-item-with-image av-grid-img' title=\"\" alt=\"\"    itemprop=\"thumbnailUrl\"  data-rel=\"lightbox-gallery-kYVwXv0y\" data-rl_title=\"\" data-rl_caption=\"\"><div class='av-inner-masonry-sizer'><\/div><figure class='av-inner-masonry main_color'><div class=\"av-masonry-outerimage-container\"><div class='av-masonry-image-container' style=\"background-image: url(https:\/\/marokko-hautnah.de\/wp-content\/uploads\/2017\/12\/YOGA-Wu\u0308ste-06.jpg);\"  title=\"YOGA in der W\u00fcste Marokkos\"  ><\/div><\/div><\/figure><\/a><!--end av-masonry entry--><a href=\"https:\/\/marokko-hautnah.de\/wp-content\/uploads\/2015\/06\/Marokko-88.jpg\" data-srcset=\"https:\/\/marokko-hautnah.de\/wp-content\/uploads\/2015\/06\/Marokko-88.jpg 800w, https:\/\/marokko-hautnah.de\/wp-content\/uploads\/2015\/06\/Marokko-88-300x225.jpg 300w, https:\/\/marokko-hautnah.de\/wp-content\/uploads\/2015\/06\/Marokko-88-750x563.jpg 750w, https:\/\/marokko-hautnah.de\/wp-content\/uploads\/2015\/06\/Marokko-88-400x300.jpg 400w, https:\/\/marokko-hautnah.de\/wp-content\/uploads\/2015\/06\/Marokko-88-430x323.jpg 430w, https:\/\/marokko-hautnah.de\/wp-content\/uploads\/2015\/06\/Marokko-88-150x113.jpg 150w, https:\/\/marokko-hautnah.de\/wp-content\/uploads\/2015\/06\/Marokko-88-100x75.jpg 100w\" data-sizes=\"(max-width: 800px) 100vw, 800px\"  aria-label=\"image Marokko (88)\"  id='av-masonry-1-item-2084' data-av-masonry-item='2084' class='av-masonry-entry isotope-item post-2084 attachment type-attachment status-inherit hentry  av-masonry-item-with-image av-grid-img' title=\"\" alt=\"\"    itemprop=\"thumbnailUrl\"  data-rel=\"lightbox-gallery-kYVwXv0y\" data-rl_title=\"\" data-rl_caption=\"\"><div class='av-inner-masonry-sizer'><\/div><figure class='av-inner-masonry main_color'><div class=\"av-masonry-outerimage-container\"><div class='av-masonry-image-container' style=\"background-image: url(https:\/\/marokko-hautnah.de\/wp-content\/uploads\/2015\/06\/Marokko-88.jpg);\"  title=\"Marokko (88)\"  ><\/div><\/div><\/figure><\/a><!--end av-masonry entry--><a href=\"https:\/\/marokko-hautnah.de\/wp-content\/uploads\/2017\/09\/Ourika-3.jpg\" data-srcset=\"https:\/\/marokko-hautnah.de\/wp-content\/uploads\/2017\/09\/Ourika-3.jpg 748w, https:\/\/marokko-hautnah.de\/wp-content\/uploads\/2017\/09\/Ourika-3-224x300.jpg 224w, https:\/\/marokko-hautnah.de\/wp-content\/uploads\/2017\/09\/Ourika-3-400x535.jpg 400w, https:\/\/marokko-hautnah.de\/wp-content\/uploads\/2017\/09\/Ourika-3-430x575.jpg 430w, https:\/\/marokko-hautnah.de\/wp-content\/uploads\/2017\/09\/Ourika-3-150x201.jpg 150w, https:\/\/marokko-hautnah.de\/wp-content\/uploads\/2017\/09\/Ourika-3-100x134.jpg 100w\" data-sizes=\"(max-width: 748px) 100vw, 748px\"  aria-label=\"image Ourika Marokko\"  id='av-masonry-1-item-2664' data-av-masonry-item='2664' class='av-masonry-entry isotope-item post-2664 attachment type-attachment status-inherit hentry  av-masonry-item-with-image av-grid-img' title=\"\" alt=\"\"    itemprop=\"thumbnailUrl\"  data-rel=\"lightbox-gallery-kYVwXv0y\" data-rl_title=\"\" data-rl_caption=\"\"><div class='av-inner-masonry-sizer'><\/div><figure class='av-inner-masonry main_color'><div class=\"av-masonry-outerimage-container\"><div class='av-masonry-image-container' style=\"background-image: url(https:\/\/marokko-hautnah.de\/wp-content\/uploads\/2017\/09\/Ourika-3.jpg);\"  title=\"Ourika Marokko\"  ><\/div><\/div><\/figure><\/a><!--end av-masonry entry--><a href=\"https:\/\/marokko-hautnah.de\/wp-content\/uploads\/2017\/09\/Ourika-2.jpg\" data-srcset=\"https:\/\/marokko-hautnah.de\/wp-content\/uploads\/2017\/09\/Ourika-2.jpg 748w, https:\/\/marokko-hautnah.de\/wp-content\/uploads\/2017\/09\/Ourika-2-224x300.jpg 224w, https:\/\/marokko-hautnah.de\/wp-content\/uploads\/2017\/09\/Ourika-2-400x535.jpg 400w, https:\/\/marokko-hautnah.de\/wp-content\/uploads\/2017\/09\/Ourika-2-430x575.jpg 430w, https:\/\/marokko-hautnah.de\/wp-content\/uploads\/2017\/09\/Ourika-2-150x201.jpg 150w, https:\/\/marokko-hautnah.de\/wp-content\/uploads\/2017\/09\/Ourika-2-100x134.jpg 100w\" data-sizes=\"(max-width: 748px) 100vw, 748px\"  aria-label=\"image Ourika Marokko\"  id='av-masonry-1-item-2662' data-av-masonry-item='2662' class='av-masonry-entry isotope-item post-2662 attachment type-attachment status-inherit hentry  av-masonry-item-with-image av-grid-img' title=\"\" alt=\"\"    itemprop=\"thumbnailUrl\"  data-rel=\"lightbox-gallery-kYVwXv0y\" data-rl_title=\"\" data-rl_caption=\"\"><div class='av-inner-masonry-sizer'><\/div><figure class='av-inner-masonry main_color'><div class=\"av-masonry-outerimage-container\"><div class='av-masonry-image-container' style=\"background-image: url(https:\/\/marokko-hautnah.de\/wp-content\/uploads\/2017\/09\/Ourika-2.jpg);\"  title=\"Ourika Marokko\"  ><\/div><\/div><\/figure><\/a><!--end av-masonry entry--><a href=\"https:\/\/marokko-hautnah.de\/wp-content\/uploads\/2017\/09\/11-Tagestour-5.jpg\" data-srcset=\"https:\/\/marokko-hautnah.de\/wp-content\/uploads\/2017\/09\/11-Tagestour-5.jpg 1000w, https:\/\/marokko-hautnah.de\/wp-content\/uploads\/2017\/09\/11-Tagestour-5-300x225.jpg 300w, https:\/\/marokko-hautnah.de\/wp-content\/uploads\/2017\/09\/11-Tagestour-5-768x575.jpg 768w, https:\/\/marokko-hautnah.de\/wp-content\/uploads\/2017\/09\/11-Tagestour-5-750x562.jpg 750w, https:\/\/marokko-hautnah.de\/wp-content\/uploads\/2017\/09\/11-Tagestour-5-400x300.jpg 400w, https:\/\/marokko-hautnah.de\/wp-content\/uploads\/2017\/09\/11-Tagestour-5-430x322.jpg 430w, https:\/\/marokko-hautnah.de\/wp-content\/uploads\/2017\/09\/11-Tagestour-5-150x112.jpg 150w, https:\/\/marokko-hautnah.de\/wp-content\/uploads\/2017\/09\/11-Tagestour-5-100x75.jpg 100w\" data-sizes=\"(max-width: 1000px) 100vw, 1000px\"  aria-label=\"image 11 Tagestour Marokko\"  id='av-masonry-1-item-2540' data-av-masonry-item='2540' class='av-masonry-entry isotope-item post-2540 attachment type-attachment status-inherit hentry  av-masonry-item-with-image av-grid-img' title=\"\" alt=\"\"    itemprop=\"thumbnailUrl\"  data-rel=\"lightbox-gallery-kYVwXv0y\" data-rl_title=\"\" data-rl_caption=\"\"><div class='av-inner-masonry-sizer'><\/div><figure class='av-inner-masonry main_color'><div class=\"av-masonry-outerimage-container\"><div class='av-masonry-image-container' style=\"background-image: url(https:\/\/marokko-hautnah.de\/wp-content\/uploads\/2017\/09\/11-Tagestour-5.jpg);\"  title=\"11 Tagestour Marokko\"  ><\/div><\/div><\/figure><\/a><!--end av-masonry entry--><a href=\"https:\/\/marokko-hautnah.de\/wp-content\/uploads\/2017\/02\/Ait-Mansour-2-1024x768.jpg\" data-srcset=\"https:\/\/marokko-hautnah.de\/wp-content\/uploads\/2017\/02\/Ait-Mansour-2-1024x768.jpg 1024w, https:\/\/marokko-hautnah.de\/wp-content\/uploads\/2017\/02\/Ait-Mansour-2-300x225.jpg 300w, https:\/\/marokko-hautnah.de\/wp-content\/uploads\/2017\/02\/Ait-Mansour-2-768x576.jpg 768w, https:\/\/marokko-hautnah.de\/wp-content\/uploads\/2017\/02\/Ait-Mansour-2-750x563.jpg 750w, https:\/\/marokko-hautnah.de\/wp-content\/uploads\/2017\/02\/Ait-Mansour-2-400x300.jpg 400w, https:\/\/marokko-hautnah.de\/wp-content\/uploads\/2017\/02\/Ait-Mansour-2-430x323.jpg 430w, https:\/\/marokko-hautnah.de\/wp-content\/uploads\/2017\/02\/Ait-Mansour-2-150x113.jpg 150w, https:\/\/marokko-hautnah.de\/wp-content\/uploads\/2017\/02\/Ait-Mansour-2-100x75.jpg 100w, https:\/\/marokko-hautnah.de\/wp-content\/uploads\/2017\/02\/Ait-Mansour-2.jpg 1280w\" data-sizes=\"(max-width: 1024px) 100vw, 1024px\"  aria-label=\"image Marokko Ait Mansour\"  id='av-masonry-1-item-2432' data-av-masonry-item='2432' class='av-masonry-entry isotope-item post-2432 attachment type-attachment status-inherit hentry  av-masonry-item-with-image av-grid-img' title=\"\" alt=\"\"    itemprop=\"thumbnailUrl\"  data-rel=\"lightbox-gallery-kYVwXv0y\" data-rl_title=\"\" data-rl_caption=\"\"><div class='av-inner-masonry-sizer'><\/div><figure class='av-inner-masonry main_color'><div class=\"av-masonry-outerimage-container\"><div class='av-masonry-image-container' style=\"background-image: url(https:\/\/marokko-hautnah.de\/wp-content\/uploads\/2017\/02\/Ait-Mansour-2.jpg);\"  title=\"Marokko Ait Mansour\"  ><\/div><\/div><\/figure><\/a><!--end av-masonry entry--><a href=\"https:\/\/marokko-hautnah.de\/wp-content\/uploads\/2015\/06\/Marokko-10.jpg\" data-srcset=\"https:\/\/marokko-hautnah.de\/wp-content\/uploads\/2015\/06\/Marokko-10.jpg 800w, https:\/\/marokko-hautnah.de\/wp-content\/uploads\/2015\/06\/Marokko-10-300x225.jpg 300w, https:\/\/marokko-hautnah.de\/wp-content\/uploads\/2015\/06\/Marokko-10-750x563.jpg 750w, https:\/\/marokko-hautnah.de\/wp-content\/uploads\/2015\/06\/Marokko-10-400x300.jpg 400w, https:\/\/marokko-hautnah.de\/wp-content\/uploads\/2015\/06\/Marokko-10-430x323.jpg 430w, https:\/\/marokko-hautnah.de\/wp-content\/uploads\/2015\/06\/Marokko-10-150x113.jpg 150w, https:\/\/marokko-hautnah.de\/wp-content\/uploads\/2015\/06\/Marokko-10-100x75.jpg 100w\" data-sizes=\"(max-width: 800px) 100vw, 800px\"  aria-label=\"image Marokko\"  id='av-masonry-1-item-1928' data-av-masonry-item='1928' class='av-masonry-entry isotope-item post-1928 attachment type-attachment status-inherit hentry  av-masonry-item-with-image av-grid-img' title=\"\" alt=\"\"    itemprop=\"thumbnailUrl\"  data-rel=\"lightbox-gallery-kYVwXv0y\" data-rl_title=\"\" data-rl_caption=\"\"><div class='av-inner-masonry-sizer'><\/div><figure class='av-inner-masonry main_color'><div class=\"av-masonry-outerimage-container\"><div class='av-masonry-image-container' style=\"background-image: url(https:\/\/marokko-hautnah.de\/wp-content\/uploads\/2015\/06\/Marokko-10.jpg);\"  title=\"Marokko\"  ><\/div><\/div><\/figure><\/a><!--end av-masonry entry--><\/div><\/div><\/div><section  class='av_textblock_section av-laaw9jwt-5b130c1cc910314a572c9d5fc6c35e38'  itemscope=\"itemscope\" itemtype=\"https:\/\/schema.org\/CreativeWork\" ><div class='avia_textblock'  itemprop=\"text\" ><h2>Voyage bref dans le d\u00e9sert:<\/h2>\n<p>Nous arrangons un voyage de trois jours\/deux nuits avec minibus en petits groupes jusqu\u2019au d\u00e9sert d\u2019Erg Chebbi, r\u00e9alis\u00e9 par un partenaire fiable. Le voyage co\u00fbte 110.- Euro par personne inclus. Demi-pension et chameaux.<\/p>\n<p>D\u00e9part vers 8h du matin \u00e0 Marrakech, arr\u00eat \u00e0 Ait Benhadou, Ouarzazarte,<\/p>\n<ul>\n<li>1\u00e8re nuit au vall\u00e9e de Dades ou Gorges de Todra<\/li>\n<li>2\u00e8me nuit dans le bivouac dans le d\u00e9sert et promende au dos du chameau<\/li>\n<\/ul>\n<p>Retour au troisi\u00e8me jour.<\/p>\n<\/div><\/section>\n","protected":false},"excerpt":{"rendered":"","protected":false},"author":3,"featured_media":0,"parent":0,"menu_order":0,"comment_status":"closed","ping_status":"closed","template":"","meta":{"footnotes":""},"class_list":["post-2970","page","type-page","status-publish","hentry"],"_links":{"self":[{"href":"https:\/\/marokko-hautnah.de\/fr\/wp-json\/wp\/v2\/pages\/2970","targetHints":{"allow":["GET"]}}],"collection":[{"href":"https:\/\/marokko-hautnah.de\/fr\/wp-json\/wp\/v2\/pages"}],"about":[{"href":"https:\/\/marokko-hautnah.de\/fr\/wp-json\/wp\/v2\/types\/page"}],"author":[{"embeddable":true,"href":"https:\/\/marokko-hautnah.de\/fr\/wp-json\/wp\/v2\/users\/3"}],"replies":[{"embeddable":true,"href":"https:\/\/marokko-hautnah.de\/fr\/wp-json\/wp\/v2\/comments?post=2970"}],"version-history":[{"count":3,"href":"https:\/\/marokko-hautnah.de\/fr\/wp-json\/wp\/v2\/pages\/2970\/revisions"}],"predecessor-version":[{"id":3650,"href":"https:\/\/marokko-hautnah.de\/fr\/wp-json\/wp\/v2\/pages\/2970\/revisions\/3650"}],"wp:attachment":[{"href":"https:\/\/marokko-hautnah.de\/fr\/wp-json\/wp\/v2\/media?parent=2970"}],"curies":[{"name":"wp","href":"https:\/\/api.w.org\/{rel}","templated":true}]}}