{"id":2978,"date":"2019-09-08T18:12:46","date_gmt":"2019-09-08T16:12:46","guid":{"rendered":"https:\/\/marokko-hautnah.de\/marokko-telouet\/"},"modified":"2022-12-02T12:56:08","modified_gmt":"2022-12-02T11:56:08","slug":"marokko-telouet","status":"publish","type":"page","link":"https:\/\/marokko-hautnah.de\/fr\/marokko-telouet\/","title":{"rendered":"Telouet"},"content":{"rendered":"<div class='flex_column av-av_one_full-7714eba142aeda1f8b5272a3c372b279 av_one_full  avia-builder-el-0  el_before_av_textblock  avia-builder-el-first  first flex_column_div '     ><div id='av-masonry-1' class='av-masonry av-av_masonry_gallery-ef91df108c5f7d5c66b53bf97941f0a2 noHover av-fixed-size av-large-gap av-hover-overlay-active av-masonry-animation-active av-masonry-col-flexible av-caption-always av-caption-style- av-masonry-gallery '><div class=\"av-masonry-container isotope av-js-disabled\"><div class='av-masonry-entry isotope-item av-masonry-item-no-image '><\/div><a href=\"https:\/\/marokko-hautnah.de\/wp-content\/uploads\/2022\/12\/Telouet04-rotated.jpg\" data-srcset=\"https:\/\/marokko-hautnah.de\/wp-content\/uploads\/2022\/12\/Telouet04-rotated.jpg 480w, https:\/\/marokko-hautnah.de\/wp-content\/uploads\/2022\/12\/Telouet04-225x300.jpg 225w\" data-sizes=\"(max-width: 480px) 100vw, 480px\"  aria-label=\"image Telouet04\"  id='av-masonry-1-item-3773' data-av-masonry-item='3773' class='av-masonry-entry isotope-item post-3773 attachment type-attachment status-inherit hentry  av-masonry-item-with-image av-grid-img' title=\"\" alt=\"\"    itemprop=\"thumbnailUrl\"  data-rel=\"lightbox-gallery-wwGWs41t\" data-rl_title=\"\" data-rl_caption=\"\"><div class='av-inner-masonry-sizer'><\/div><figure class='av-inner-masonry main_color'><div class=\"av-masonry-outerimage-container\"><div class='av-masonry-image-container' style=\"background-image: url(https:\/\/marokko-hautnah.de\/wp-content\/uploads\/2022\/12\/Telouet04-rotated.jpg);\"  title=\"Telouet04\"  ><\/div><\/div><\/figure><\/a><!--end av-masonry entry--><a href=\"https:\/\/marokko-hautnah.de\/wp-content\/uploads\/2022\/12\/telouet03-rotated.jpg\" data-srcset=\"https:\/\/marokko-hautnah.de\/wp-content\/uploads\/2022\/12\/telouet03-rotated.jpg 480w, https:\/\/marokko-hautnah.de\/wp-content\/uploads\/2022\/12\/telouet03-225x300.jpg 225w\" data-sizes=\"(max-width: 480px) 100vw, 480px\"  aria-label=\"image telouet03\"  id='av-masonry-1-item-3770' data-av-masonry-item='3770' class='av-masonry-entry isotope-item post-3770 attachment type-attachment status-inherit hentry  av-masonry-item-with-image av-grid-img' title=\"\" alt=\"\"    itemprop=\"thumbnailUrl\"  data-rel=\"lightbox-gallery-wwGWs41t\" data-rl_title=\"\" data-rl_caption=\"\"><div class='av-inner-masonry-sizer'><\/div><figure class='av-inner-masonry main_color'><div class=\"av-masonry-outerimage-container\"><div class='av-masonry-image-container' style=\"background-image: url(https:\/\/marokko-hautnah.de\/wp-content\/uploads\/2022\/12\/telouet03-rotated.jpg);\"  title=\"telouet03\"  ><\/div><\/div><\/figure><\/a><!--end av-masonry entry--><a href=\"https:\/\/marokko-hautnah.de\/wp-content\/uploads\/2022\/12\/Telouet01-rotated.jpg\" data-srcset=\"https:\/\/marokko-hautnah.de\/wp-content\/uploads\/2022\/12\/Telouet01-rotated.jpg 480w, https:\/\/marokko-hautnah.de\/wp-content\/uploads\/2022\/12\/Telouet01-225x300.jpg 225w\" data-sizes=\"(max-width: 480px) 100vw, 480px\"  aria-label=\"image Telouet01\"  id='av-masonry-1-item-3766' data-av-masonry-item='3766' class='av-masonry-entry isotope-item post-3766 attachment type-attachment status-inherit hentry  av-masonry-item-with-image av-grid-img' title=\"\" alt=\"\"    itemprop=\"thumbnailUrl\"  data-rel=\"lightbox-gallery-wwGWs41t\" data-rl_title=\"\" data-rl_caption=\"\"><div class='av-inner-masonry-sizer'><\/div><figure class='av-inner-masonry main_color'><div class=\"av-masonry-outerimage-container\"><div class='av-masonry-image-container' style=\"background-image: url(https:\/\/marokko-hautnah.de\/wp-content\/uploads\/2022\/12\/Telouet01-rotated.jpg);\"  title=\"Telouet01\"  ><\/div><\/div><\/figure><\/a><!--end av-masonry entry--><a href=\"https:\/\/marokko-hautnah.de\/wp-content\/uploads\/2017\/09\/11-Tagestour-19.jpg\" data-srcset=\"https:\/\/marokko-hautnah.de\/wp-content\/uploads\/2017\/09\/11-Tagestour-19.jpg 1000w, https:\/\/marokko-hautnah.de\/wp-content\/uploads\/2017\/09\/11-Tagestour-19-300x225.jpg 300w, https:\/\/marokko-hautnah.de\/wp-content\/uploads\/2017\/09\/11-Tagestour-19-768x576.jpg 768w, https:\/\/marokko-hautnah.de\/wp-content\/uploads\/2017\/09\/11-Tagestour-19-750x563.jpg 750w, https:\/\/marokko-hautnah.de\/wp-content\/uploads\/2017\/09\/11-Tagestour-19-400x300.jpg 400w, https:\/\/marokko-hautnah.de\/wp-content\/uploads\/2017\/09\/11-Tagestour-19-430x323.jpg 430w, https:\/\/marokko-hautnah.de\/wp-content\/uploads\/2017\/09\/11-Tagestour-19-150x113.jpg 150w, https:\/\/marokko-hautnah.de\/wp-content\/uploads\/2017\/09\/11-Tagestour-19-100x75.jpg 100w\" data-sizes=\"(max-width: 1000px) 100vw, 1000px\"  aria-label=\"image 11 Tagestour Marokko\"  id='av-masonry-1-item-2568' data-av-masonry-item='2568' class='av-masonry-entry isotope-item post-2568 attachment type-attachment status-inherit hentry  av-masonry-item-with-image av-grid-img' title=\"\" alt=\"\"    itemprop=\"thumbnailUrl\"  data-rel=\"lightbox-gallery-wwGWs41t\" data-rl_title=\"\" data-rl_caption=\"\"><div class='av-inner-masonry-sizer'><\/div><figure class='av-inner-masonry main_color'><div class=\"av-masonry-outerimage-container\"><div class='av-masonry-image-container' style=\"background-image: url(https:\/\/marokko-hautnah.de\/wp-content\/uploads\/2017\/09\/11-Tagestour-19.jpg);\"  title=\"11 Tagestour Marokko\"  ><\/div><\/div><\/figure><\/a><!--end av-masonry entry--><a href=\"https:\/\/marokko-hautnah.de\/wp-content\/uploads\/2022\/12\/Telouet02-rotated.jpg\" data-srcset=\"https:\/\/marokko-hautnah.de\/wp-content\/uploads\/2022\/12\/Telouet02-rotated.jpg 480w, https:\/\/marokko-hautnah.de\/wp-content\/uploads\/2022\/12\/Telouet02-225x300.jpg 225w\" data-sizes=\"(max-width: 480px) 100vw, 480px\"  aria-label=\"image Telouet02\"  id='av-masonry-1-item-3763' data-av-masonry-item='3763' class='av-masonry-entry isotope-item post-3763 attachment type-attachment status-inherit hentry  av-masonry-item-with-image av-grid-img' title=\"\" alt=\"\"    itemprop=\"thumbnailUrl\"  data-rel=\"lightbox-gallery-wwGWs41t\" data-rl_title=\"\" data-rl_caption=\"\"><div class='av-inner-masonry-sizer'><\/div><figure class='av-inner-masonry main_color'><div class=\"av-masonry-outerimage-container\"><div class='av-masonry-image-container' style=\"background-image: url(https:\/\/marokko-hautnah.de\/wp-content\/uploads\/2022\/12\/Telouet02-rotated.jpg);\"  title=\"Telouet02\"  ><\/div><\/div><\/figure><\/a><!--end av-masonry entry--><a href=\"https:\/\/marokko-hautnah.de\/wp-content\/uploads\/2015\/06\/Marokko-170.jpg\" data-srcset=\"https:\/\/marokko-hautnah.de\/wp-content\/uploads\/2015\/06\/Marokko-170.jpg 450w, https:\/\/marokko-hautnah.de\/wp-content\/uploads\/2015\/06\/Marokko-170-225x300.jpg 225w, https:\/\/marokko-hautnah.de\/wp-content\/uploads\/2015\/06\/Marokko-170-400x533.jpg 400w, https:\/\/marokko-hautnah.de\/wp-content\/uploads\/2015\/06\/Marokko-170-430x573.jpg 430w, https:\/\/marokko-hautnah.de\/wp-content\/uploads\/2015\/06\/Marokko-170-150x200.jpg 150w, https:\/\/marokko-hautnah.de\/wp-content\/uploads\/2015\/06\/Marokko-170-100x133.jpg 100w\" data-sizes=\"(max-width: 450px) 100vw, 450px\"  aria-label=\"image Marokko (170)\"  id='av-masonry-1-item-2248' data-av-masonry-item='2248' class='av-masonry-entry isotope-item post-2248 attachment type-attachment status-inherit hentry  av-masonry-item-with-image av-grid-img' title=\"\" alt=\"\"    itemprop=\"thumbnailUrl\"  data-rel=\"lightbox-gallery-wwGWs41t\" data-rl_title=\"\" data-rl_caption=\"\"><div class='av-inner-masonry-sizer'><\/div><figure class='av-inner-masonry main_color'><div class=\"av-masonry-outerimage-container\"><div class='av-masonry-image-container' style=\"background-image: url(https:\/\/marokko-hautnah.de\/wp-content\/uploads\/2015\/06\/Marokko-170.jpg);\"  title=\"Marokko (170)\"  ><\/div><\/div><\/figure><\/a><!--end av-masonry entry--><\/div><\/div><\/div><section  class='av_textblock_section av-laaxd0o4-326b4203eb7c912490f225365dc29870'  itemscope=\"itemscope\" itemtype=\"https:\/\/schema.org\/CreativeWork\" ><div class='avia_textblock'  itemprop=\"text\" ><h2>Telouet &#8211; l&rsquo;un des lieux les plus historiques du Maroc<\/h2>\n<p>Sur le chemin de Marrakech \u00e0 Ouarzazarte, tournez \u00e0 gauche de la route nationale quelques kilom\u00e8tres apr\u00e8s le col de Tizin Tichka. Apr\u00e8s environ 30 km, vous arriverez \u00e0 une route r\u00e9cemment bien goudronn\u00e9e qui traverse la vall\u00e9e d\u2019Onila le long de l\u2019ancienne route des caravanes, reliant Tombouctou au village de Telouet.<\/p>\n<p>Il est situ\u00e9 dans une haute vall\u00e9e \u00e0 environ 1900 m\u00e8tres d&rsquo;altitude et constitue le centre d&rsquo;environ 45 petits villages berb\u00e8res regroup\u00e9s autour de Telouet, domin\u00e9 par une puissante Kasbah, semblable au Potala de Lhassa.<\/p>\n<p>Quiconque veut comprendre le Maroc doit s\u2019occuper de l\u2019histoire de Telouet. Ici, dans le Haut Atlas, une partie de l&rsquo;histoire mondiale a \u00e9t\u00e9 \u00e9crite. Tout a commenc\u00e9 au d\u00e9but du XVIIIe si\u00e8cle, alors que des imams fervents venaient d\u2019Arabie saoudite dans les hautes vall\u00e9es du Maroc, le long des routes de caravanes jusqu\u2019aux Berb\u00e8res, qui jusqu\u2019alors pratiquaient des formes assez mixtes d\u2019islam et leurs religions archa\u00efques. Ces imams enseignaient l&rsquo;Islam \u00e0 l&rsquo;\u00e9tat pur et ont introcul\u00e9 la pratique de la charia. Ainsi, \u00e0 Telouet, un imam nomm\u00e9 Glaoui s\u2019est install\u00e9 avec sa famille et est rapidement devenu respect\u00e9 en tant qu\u2019instructeur et juge. Les villages berb\u00e8res se combattaient souvent et il \u00e9tait question d&rsquo;eau et de droits de p\u00e2turage. Avec la charia repr\u00e9sent\u00e9e par le pieux Glaoui Imam, un syst\u00e8me juridique ordonn\u00e9 \u00e9tait mis en place dans le haut atlas et emp\u00eachait beaucoup d\u00b4effusion de sang. Un jour, au d\u00e9but du XVIIIe si\u00e8cle, le sultan de la dynastie alaouite revint de son p\u00e8lerinage \u00e0 La Mecque avec une caravane et fut surpris par le d\u00e9but de l&rsquo;hiver \u00e0 Telouet. Il existe une loi de trois jours sur l&rsquo;hospitalit\u00e9 en Islam, qui est une sorte de garantie de survie dans les r\u00e9gions d\u00e9sertiques. Tout le monde est oblig\u00e9 de prendre les voyageurs pour un maximum de 3 jours et de se nourrir. On n&rsquo;est m\u00eame pas autoris\u00e9 \u00e0 demander d&rsquo;o\u00f9 vient l&rsquo;\u00e9tranger et o\u00f9 il va. Cependant, le sultan a \u00e9t\u00e9 coinc\u00e9 avec son entourage pendant plusieurs semaines \u00e0 cause du d\u00e9but de l&rsquo;hiver. \u00c9tant donn\u00e9 que le sultan \u00e9tait lui-m\u00eame d&rsquo;origine arabe et qu&rsquo;il partageait les racines et la langue arabes avec l&rsquo;imam de Glaoui, l&rsquo;imam servait de m\u00e9diateur entre le sultan et les villageois et fournissait nourriture et abri au sultan et \u00e0 son entourage. Avant son d\u00e9part, le sultan a rassembl\u00e9 les anciens et s&rsquo;est fait conna\u00eetre comme leur souverain. Il a demand\u00e9 aux Berb\u00e8res s&rsquo;ils accepteraient l&rsquo;imam comme leur chef. L&rsquo;imam \u00e9tait hautement respect\u00e9 partout. Les habitants de Telouet ont donc accept\u00e9 et le sultan l&rsquo;a nomm\u00e9 pacha (r\u00e9gion souveraine). Ce n\u2019\u00e9tait pas tout \u00e0 fait altruiste, car le sultan avait demand\u00e9 au Glaoui Pacha de s\u00e9curiser l\u2019importante route caravani\u00e8re menant \u00e0 Tombouctou et de construire 1000 kasbahs (ch\u00e2teaux d\u2019argile) et des ksars (villages fortifi\u00e9s) le long de la route commerciale. En retour, le pacha fut autoris\u00e9 \u00e0 percevoir des droits aupr\u00e8s des caravanes, ce qui finit par aider la famille \u00e0 disposer d&rsquo;une immense richesse.<\/p>\n<p>Les caravanes transportaient de l&rsquo;or provenant du safran de Tombouctou, des esclaves, de la soie de Chine, des \u00e9pices et du sel provenant de la seule mine de sel situ\u00e9e \u00e0 proximit\u00e9, au Maghreb. (8 km derri\u00e8re Telouet \u00e0 visiter aujourd\u2019hui, attention &#8211; tr\u00e8s mauvaise pente \u00e0 gauche de la route qui sort). Les caravanes \u00e9chang\u00e8rent du sel contre de l&rsquo;or &#8211; le mot Salery, Salar et Salaire pour r\u00e9compense t\u00e9moignait encore de la tradition consistant \u00e0 \u00e9quilibrer l&rsquo;or avec du sel et \u00e0 payer le salaire du sel, car le sel \u00e9tait essentiel \u00e0 l&rsquo;\u00e9poque o\u00f9 il n&rsquo;y avait pas de r\u00e9frig\u00e9rateurs. aliments.<br \/>\nLa deuxi\u00e8me g\u00e9n\u00e9ration de la famille Glaoui \u00e9tait \u00e9galement tr\u00e8s respect\u00e9e. L&rsquo;Imam \u00e9tait aussi Pacha et un dirigeant juste qui dominait la route des caravanes vers le sud profond du Maroc. Il construisit une seconde kasbah, cette fois-ci non en argile, mais en pierre.<\/p>\n<p>Cependant, \u00e0 la troisi\u00e8me g\u00e9n\u00e9ration, le Tami Glaoui, n\u00e9 en 1877, est devenu un dictateur sur tout le sud du Maroc. Avec une cruaut\u00e9 incroyable et une main de fer et une arm\u00e9e d&rsquo;esclaves noirs, Tami Glaoui \u00e9tablit son monopole au pouvoir dans le sud et r\u00e9alisa avec d&rsquo;autres seigneurs de l&rsquo;Atlas en 1953 l&rsquo;exil du sultan l\u00e9gitime Mohamed V et de son fils Hassan \u00e0 Madagascar. Ici, les Fran\u00e7ais sont entr\u00e9s en jeu, apparemment \u00e0 la demande du sultan Abd El Hatif (au pouvoir depuis 1908) \u00e0 l\u2019occasion de la 2e crise du Maroc en 1911 qui a affaibli le sultan Alaouite dans la lutte contre ses adversaires berb\u00e8res. Cela a conduit au trait\u00e9 de F\u00e8s en 1912, par lequel les Fran\u00e7ais ont assur\u00e9 le protectorat sur de grandes parties du Maroc avec la t\u00e2che de doter le pays d&rsquo;une nouvelle infrastructure, \u00e9ducation, droit, circulation et syst\u00e8me de sant\u00e9 sur le mod\u00e8le fran\u00e7ais. Certaines parties du nord du Maroc et du Sahara occidental sont entr\u00e9es dans le protectorat espagnol et Tanger a acquis un statut international. Incidemment, de 1880 \u00e0 1914, les nations europ\u00e9ennes se sont battues pour le pouvoir en Afrique.<\/p>\n<p>La France, qui poss\u00e9dait d\u00e9j\u00e0 l\u2019Alg\u00e9rie et d\u2019autres pays sous forme de colonies, dut finalement s\u2019adapter au protectorat, mais traita de plus en plus le Maroc comme une colonie. Ceci \u00e0 son tour, surtout peu apr\u00e8s la Seconde Guerre mondiale, donna vie au mouvement ind\u00e9pendantiste marocain ISTIQLAL (toujours parti au Maroc), qui \u00e9tait \u00e9galement soutenu par le sultan l\u00e9gitime, Mohamed V. C&rsquo;est essentiellement \u00e0 cause des sultans que le Maroc n&rsquo;a jamais est devenu une colonie. Abd El Aziz, qui est mont\u00e9 sur le tr\u00f4ne en 1900 \u00e0 l&rsquo;\u00e2ge de 14 ans, et son fr\u00e8re Abd El Hatif, qui l&rsquo;a d\u00e9pos\u00e9 en 1908, ont d\u00fb faire de douloureuses concessions aux Fran\u00e7ais et aux Espagnols, car le Maroc \u00e9tait lourdement endett\u00e9 et \u00e9conomiquement par terre &#8211; mais heureusement, il n&rsquo;est jamais devenu une colonie. Pour maintenir son pouvoir, les Fran\u00e7ais ont \u00e9troitement collabor\u00e9 avec le Glaoui Pacha, qui est \u00e9galement devenu Pacha de Marrakech. Dans ses camps de concentration dans la r\u00e9gion recul\u00e9e d&rsquo;Agdsz, il \u00ab\u00a0disposait\u00a0\u00bb de combattants de la libert\u00e9 et de personnes ne convenant pas aux Fran\u00e7ais. C&rsquo;est ainsi qu&rsquo;en 1953, le sultan l\u00e9gitime fut exil\u00e9 \u00e0 la demande du pacha et avec l&rsquo;aide des Fran\u00e7ais, ce qui ne fit que renforcer Le mouvement ind\u00e9pendantiste marocain. Des politiciens comme Charles de Gaulle et Churchill, ainsi que des personnalit\u00e9s telles que Charly Chaplin, Majorelle, etc., ont fait un p\u00e8lerinage \u00e0 Telouet et ont consciencieusement salu\u00e9 le Pacha, qui a dirig\u00e9 d&rsquo;ici un r\u00e9gime cruel sur le Sud. Comme le chah de Perse, il a \u00e9t\u00e9 courtis\u00e9 sur la politique internationale. Lors des c\u00e9r\u00e9monies de couronnement de la reine Elizabeth \u00e0 Londres, il re\u00e7ut par exemple une Rolls Royce. Il avait le premier groupe hydroelectrique sur le sol africain et le premier cin\u00e9ma en Afrique a \u00e9t\u00e9 construit dans sa kasbah. Enfin, \u00e0 travers les activit\u00e9s du Mouvement de lib\u00e9ration marocain, la communaut\u00e9 internationale n&rsquo;a pas pu ignorer les violations des droits de l&rsquo;homme commises par le dictateur de<\/p>\n<p>Glaoui, obligeant les Fran\u00e7ais \u00e0 ramener le sultan l\u00e9gitime Mohamed V en 1956 et \u00e0 laisser tomber le pacha.<br \/>\nVraisemblablement, tout \u00e9tait d\u00e9j\u00e0 bien pr\u00e9par\u00e9 par la communaut\u00e9 internationale, car au bout de deux semaines, toutes les kasbahs \u00e9taient abandonn\u00e9es par la famille largement ramifi\u00e9e des Glaouis et priv\u00e9es de leur immense richesse accumul\u00e9e au fil des si\u00e8cles. La famille Glaoui avait disparu d\u2019un jour \u00e0 l\u2019autre et les enfants vivent encore sous des noms diff\u00e9rents \u00e0 San Tropez en Floride ou dans d\u2019autres lieux n\u00e9vralgiques de la haute soci\u00e9t\u00e9. Le sultan l\u00e9gitime Mohamed V a prononc\u00e9 un discours historique le 16 novembre 1956 \u00e0 l&rsquo;occasion du retour de l&rsquo;exil, qui commen\u00e7ait par la phrase suivante: \u00ab\u00a0L&rsquo;esclavage est aboli, tous les habitants de ce pays sont \u00e9gaux et libres, le Maroc dispose d&rsquo;un nouveau parlement constitution &#8230;. \u00ab\u00a0Il expropria la famille Glaoui et r\u00e9partit le terrain entre les anciens serfs. Il a pardonn\u00e9 g\u00e9n\u00e9reusement le Pascha du Glaoui, qui \u00e0 cette \u00e9poque souffrait d\u00e9j\u00e0 dun cancer en phase terminale. Le nom Glaoui, cependant, est toujours marqu\u00e9 par un \u00ab\u00a0go\u00fbt faisand\u00e9\u00a0\u00bb au Maroc et aucun fonds ne parvient \u00e0 la restauration de la kasbah, dont elle a d\u00e9sesp\u00e9r\u00e9ment besoin.<br \/>\nTami Glaoui a construit l&rsquo;un des b\u00e2timents les plus magnifiques du Maroc au d\u00e9but du 20\u00e8me si\u00e8cle. Plus de 300 des meilleurs artisans du Maroc et d&rsquo;Andalousie ont travaill\u00e9 pendant plus de 3 ans \u00e0 l&rsquo;int\u00e9rieur, ce qui est encore plus magnifique et astucieux que celui du palais de la Bahia. Cette kasbah est donc un \u00ab\u00a0must\u00a0\u00bb absolu pour les visituers du maroc int\u00e9ress\u00e9s. Mes amis \u00ab\u00a0Mohamed Ramon\u00a0\u00bb (t\u00e9l. +212 6 97 37 50 08) et Rachid, eux-m\u00eames descendants des esclaves du pacha, sont disponibles pour une visite d\u00e9taill\u00e9e et divertissante du ch\u00e2teau.<\/p>\n<\/div><\/section>\n","protected":false},"excerpt":{"rendered":"","protected":false},"author":3,"featured_media":0,"parent":0,"menu_order":0,"comment_status":"closed","ping_status":"closed","template":"","meta":{"footnotes":""},"class_list":["post-2978","page","type-page","status-publish","hentry"],"_links":{"self":[{"href":"https:\/\/marokko-hautnah.de\/fr\/wp-json\/wp\/v2\/pages\/2978","targetHints":{"allow":["GET"]}}],"collection":[{"href":"https:\/\/marokko-hautnah.de\/fr\/wp-json\/wp\/v2\/pages"}],"about":[{"href":"https:\/\/marokko-hautnah.de\/fr\/wp-json\/wp\/v2\/types\/page"}],"author":[{"embeddable":true,"href":"https:\/\/marokko-hautnah.de\/fr\/wp-json\/wp\/v2\/users\/3"}],"replies":[{"embeddable":true,"href":"https:\/\/marokko-hautnah.de\/fr\/wp-json\/wp\/v2\/comments?post=2978"}],"version-history":[{"count":2,"href":"https:\/\/marokko-hautnah.de\/fr\/wp-json\/wp\/v2\/pages\/2978\/revisions"}],"predecessor-version":[{"id":3776,"href":"https:\/\/marokko-hautnah.de\/fr\/wp-json\/wp\/v2\/pages\/2978\/revisions\/3776"}],"wp:attachment":[{"href":"https:\/\/marokko-hautnah.de\/fr\/wp-json\/wp\/v2\/media?parent=2978"}],"curies":[{"name":"wp","href":"https:\/\/api.w.org\/{rel}","templated":true}]}}