{"id":3528,"date":"2022-11-30T18:16:55","date_gmt":"2022-11-30T17:16:55","guid":{"rendered":"https:\/\/marokko-hautnah.de\/?page_id=3528"},"modified":"2022-11-30T18:08:18","modified_gmt":"2022-11-30T17:08:18","slug":"cours-de-cuisine-avec-zineb","status":"publish","type":"page","link":"https:\/\/marokko-hautnah.de\/fr\/cours-de-cuisine-avec-zineb\/","title":{"rendered":"Cours de cuisine avec Zineb"},"content":{"rendered":"<section  class='av_textblock_section av-lb3w8imv-1e48c10f0034d5955c90939bc8eb821c'  itemscope=\"itemscope\" itemtype=\"https:\/\/schema.org\/CreativeWork\" ><div class='avia_textblock'  itemprop=\"text\" ><h2>Cours de cuisine avec Zineb<\/h2>\n<p>D\u00e9but 10 heures : D&rsquo;abord vous allez ensemble au maket et vous achetez les \u00e9pices, les l\u00e9gumes et la viande.<br \/>\nEnsuite, vous pr\u00e9parerez un repas de 3 plats et vous aurez le plaisir de le partager ensemble.<br \/>\nNous proposons deux types de sp\u00e9cialit\u00e9s maroccaines :<\/p>\n<h3>1) Tanjia &#8211; le \u00ab\u00a0Goulasch\u00a0\u00bb Marrakchi le plus traditionel repas de la ville<\/h3>\n<p>pr\u00e9par\u00e9 dans un pot en argile, cuit dans le Hamam. &#8211; Cuisine d&rsquo;aventure<\/p>\n<p>Apr\u00e8s avoir fait les courses de tous les ingr\u00e9dients, vous pr\u00e9parerez le Tanjia typique dans un pot en argile et vous le rassemblerez dans le Hamam o\u00f9 il sera cuit dans les cendres chaudes du four du Hamam. &#8211; Une exp\u00e9rience unique pour vous de decouvrir le coeur intime d&rsquo;un hammam traditionnel. C&rsquo;est ainsi que les marakshis pr\u00e9parent aujourd&rsquo;hui encore leur nourriture, d&rsquo;une mani\u00e8re tr\u00e8s \u00e9cologique et \u00e9conomique, en utilisant la chaleur du Hamam public et en \u00e9conomisant l&rsquo;\u00e9nergie \u00e0 la maison !<br \/>\nEnsuite, vous pr\u00e9parerez une salade maroccaine et\/ou des entr\u00e9es maroccaines comme le Zalouk (d\u00e9licieuse salade d&rsquo;aubergines) et un dessert maroccain.<br \/>\nLe soir, vous irez chercher la Tanjia au hammam et vous appr\u00e9cierez votre repas dans notre Riad.<\/p>\n<\/div><\/section>\n<div class='flex_column av-4ow3w8-aeb0308722fd48e56cf24b38f85df34c av_one_full  avia-builder-el-1  el_after_av_textblock  el_before_av_textblock  first flex_column_div column-top-margin'     ><div id='av-masonry-1' class='av-masonry av-lb3wb13f-8582f9326a85a642d5698b2be9a8d82d noHover av-flex-size av-large-gap av-hover-overlay-active av-masonry-animation-active av-masonry-col-flexible av-caption-always av-caption-style- av-masonry-gallery '><div class=\"av-masonry-container isotope av-js-disabled\"><div class='av-masonry-entry isotope-item av-masonry-item-no-image '><\/div><a href=\"https:\/\/marokko-hautnah.de\/wp-content\/uploads\/2022\/11\/Kochkurs03-773x1030.jpg\" data-srcset=\"https:\/\/marokko-hautnah.de\/wp-content\/uploads\/2022\/11\/Kochkurs03-773x1030.jpg 773w, https:\/\/marokko-hautnah.de\/wp-content\/uploads\/2022\/11\/Kochkurs03-225x300.jpg 225w, https:\/\/marokko-hautnah.de\/wp-content\/uploads\/2022\/11\/Kochkurs03-768x1024.jpg 768w, https:\/\/marokko-hautnah.de\/wp-content\/uploads\/2022\/11\/Kochkurs03-1152x1536.jpg 1152w, https:\/\/marokko-hautnah.de\/wp-content\/uploads\/2022\/11\/Kochkurs03-1125x1500.jpg 1125w, https:\/\/marokko-hautnah.de\/wp-content\/uploads\/2022\/11\/Kochkurs03-529x705.jpg 529w, https:\/\/marokko-hautnah.de\/wp-content\/uploads\/2022\/11\/Kochkurs03-rotated.jpg 1512w\" data-sizes=\"(max-width: 773px) 100vw, 773px\"  aria-label=\"image Kochkurs03\"  id='av-masonry-1-item-3525' data-av-masonry-item='3525' class='av-masonry-entry isotope-item post-3525 attachment type-attachment status-inherit hentry  av-masonry-item-with-image' title=\"\" alt=\"\"    itemprop=\"thumbnailUrl\"  data-rel=\"lightbox-gallery-uL8DQ68x\" data-rl_title=\"\" data-rl_caption=\"\"><div class='av-inner-masonry-sizer'><\/div><figure class='av-inner-masonry main_color'><div class=\"av-masonry-outerimage-container\"><div class='av-masonry-image-container'   ><img decoding=\"async\" width=\"529\" height=\"705\" class=\"wp-image-3525 avia-img-lazy-loading-not-3525\"  src=\"https:\/\/marokko-hautnah.de\/wp-content\/uploads\/2022\/11\/Kochkurs03-529x705.jpg\" title=\"Kochkurs03\" alt=\"\" srcset=\"https:\/\/marokko-hautnah.de\/wp-content\/uploads\/2022\/11\/Kochkurs03-529x705.jpg 529w, https:\/\/marokko-hautnah.de\/wp-content\/uploads\/2022\/11\/Kochkurs03-225x300.jpg 225w, https:\/\/marokko-hautnah.de\/wp-content\/uploads\/2022\/11\/Kochkurs03-773x1030.jpg 773w, https:\/\/marokko-hautnah.de\/wp-content\/uploads\/2022\/11\/Kochkurs03-768x1024.jpg 768w, https:\/\/marokko-hautnah.de\/wp-content\/uploads\/2022\/11\/Kochkurs03-1152x1536.jpg 1152w, https:\/\/marokko-hautnah.de\/wp-content\/uploads\/2022\/11\/Kochkurs03-1125x1500.jpg 1125w, https:\/\/marokko-hautnah.de\/wp-content\/uploads\/2022\/11\/Kochkurs03-rotated.jpg 1512w\" sizes=\"(max-width: 529px) 100vw, 529px\" \/><\/div><\/div><\/figure><\/a><!--end av-masonry entry--><a href=\"https:\/\/marokko-hautnah.de\/wp-content\/uploads\/2022\/11\/Kochkurs04.jpg\" data-srcset=\"https:\/\/marokko-hautnah.de\/wp-content\/uploads\/2022\/11\/Kochkurs04.jpg 500w, https:\/\/marokko-hautnah.de\/wp-content\/uploads\/2022\/11\/Kochkurs04-225x300.jpg 225w\" data-sizes=\"(max-width: 500px) 100vw, 500px\"  aria-label=\"image Kochkurs04\"  id='av-masonry-1-item-3529' data-av-masonry-item='3529' class='av-masonry-entry isotope-item post-3529 attachment type-attachment status-inherit hentry  av-masonry-item-with-image' title=\"\" alt=\"\"    itemprop=\"thumbnailUrl\"  data-rel=\"lightbox-gallery-uL8DQ68x\" data-rl_title=\"\" data-rl_caption=\"\"><div class='av-inner-masonry-sizer'><\/div><figure class='av-inner-masonry main_color'><div class=\"av-masonry-outerimage-container\"><div class='av-masonry-image-container'   ><img decoding=\"async\" width=\"500\" height=\"667\" class=\"wp-image-3529 avia-img-lazy-loading-not-3529\"  src=\"https:\/\/marokko-hautnah.de\/wp-content\/uploads\/2022\/11\/Kochkurs04.jpg\" title=\"Kochkurs04\" alt=\"\" srcset=\"https:\/\/marokko-hautnah.de\/wp-content\/uploads\/2022\/11\/Kochkurs04.jpg 500w, https:\/\/marokko-hautnah.de\/wp-content\/uploads\/2022\/11\/Kochkurs04-225x300.jpg 225w\" sizes=\"(max-width: 500px) 100vw, 500px\" \/><\/div><\/div><\/figure><\/a><!--end av-masonry entry--><a href=\"https:\/\/marokko-hautnah.de\/wp-content\/uploads\/2022\/11\/Kochkurs01-773x1030.jpg\" data-srcset=\"https:\/\/marokko-hautnah.de\/wp-content\/uploads\/2022\/11\/Kochkurs01-773x1030.jpg 773w, https:\/\/marokko-hautnah.de\/wp-content\/uploads\/2022\/11\/Kochkurs01-225x300.jpg 225w, https:\/\/marokko-hautnah.de\/wp-content\/uploads\/2022\/11\/Kochkurs01-768x1024.jpg 768w, https:\/\/marokko-hautnah.de\/wp-content\/uploads\/2022\/11\/Kochkurs01-1152x1536.jpg 1152w, https:\/\/marokko-hautnah.de\/wp-content\/uploads\/2022\/11\/Kochkurs01-1125x1500.jpg 1125w, https:\/\/marokko-hautnah.de\/wp-content\/uploads\/2022\/11\/Kochkurs01-529x705.jpg 529w, https:\/\/marokko-hautnah.de\/wp-content\/uploads\/2022\/11\/Kochkurs01-rotated.jpg 1512w\" data-sizes=\"(max-width: 773px) 100vw, 773px\"  aria-label=\"image Kochkurs01\"  id='av-masonry-1-item-3544' data-av-masonry-item='3544' class='av-masonry-entry isotope-item post-3544 attachment type-attachment status-inherit hentry  av-masonry-item-with-image' title=\"\" alt=\"\"    itemprop=\"thumbnailUrl\"  data-rel=\"lightbox-gallery-uL8DQ68x\" data-rl_title=\"\" data-rl_caption=\"\"><div class='av-inner-masonry-sizer'><\/div><figure class='av-inner-masonry main_color'><div class=\"av-masonry-outerimage-container\"><div class='av-masonry-image-container'   ><img decoding=\"async\" width=\"529\" height=\"705\" class=\"wp-image-3544 avia-img-lazy-loading-not-3544\"  src=\"https:\/\/marokko-hautnah.de\/wp-content\/uploads\/2022\/11\/Kochkurs01-529x705.jpg\" title=\"Kochkurs01\" alt=\"\" srcset=\"https:\/\/marokko-hautnah.de\/wp-content\/uploads\/2022\/11\/Kochkurs01-529x705.jpg 529w, https:\/\/marokko-hautnah.de\/wp-content\/uploads\/2022\/11\/Kochkurs01-225x300.jpg 225w, https:\/\/marokko-hautnah.de\/wp-content\/uploads\/2022\/11\/Kochkurs01-773x1030.jpg 773w, https:\/\/marokko-hautnah.de\/wp-content\/uploads\/2022\/11\/Kochkurs01-768x1024.jpg 768w, https:\/\/marokko-hautnah.de\/wp-content\/uploads\/2022\/11\/Kochkurs01-1152x1536.jpg 1152w, https:\/\/marokko-hautnah.de\/wp-content\/uploads\/2022\/11\/Kochkurs01-1125x1500.jpg 1125w, https:\/\/marokko-hautnah.de\/wp-content\/uploads\/2022\/11\/Kochkurs01-rotated.jpg 1512w\" sizes=\"(max-width: 529px) 100vw, 529px\" \/><\/div><\/div><\/figure><\/a><!--end av-masonry entry--><\/div><\/div><\/div><section  class='av_textblock_section av-lb3w9hm1-2c84233c6aaa2fb2b16f0cd047e80185'  itemscope=\"itemscope\" itemtype=\"https:\/\/schema.org\/CreativeWork\" ><div class='avia_textblock'  itemprop=\"text\" ><h3>2) Tajine aux citrons et olives ou Tajine aux fruits secs et noix.<\/h3>\n<p>Apr\u00e8s le tour de shopping, vous pr\u00e9parerez le Tajine ensemble. Ensuite, vous pr\u00e9parerez une salade maroccaine et\/ou des entr\u00e9es maroccaines comme le Zalouk (d\u00e9licieuse salade d&rsquo;aubergines) et un<br \/>\ndessert maroccain, que vous d\u00e9gusterez ensemble. L&rsquo;ensemble du processus d&rsquo;achat et de cuisine prendra environ 4 heures. C&rsquo;est donc \u00e0 vous de d\u00e9cider si vous voulez commencer le matin et manger \u00e0 midi ou si vous voulez commencer l&rsquo;apr\u00e8s-midi et manger le soir.<\/p>\n<p>Prix : 400 Dh par personne<\/p>\n<\/div><\/section>\n<div class='flex_column av-36rlag-a4e3b516d2ac543ae4c3a840cc0d983f av_one_full  avia-builder-el-4  el_after_av_textblock  avia-builder-el-last  first flex_column_div column-top-margin'     ><div id='av-masonry-2' class='av-masonry av-lb3wbpgg-70546d8fae1bde40369c911aaa940c03 noHover av-fixed-size av-large-gap av-hover-overlay-active av-masonry-animation-active av-masonry-col-flexible av-caption-always av-caption-style- av-masonry-gallery '><div class=\"av-masonry-container isotope av-js-disabled\"><div class='av-masonry-entry isotope-item av-masonry-item-no-image '><\/div><a href=\"https:\/\/marokko-hautnah.de\/wp-content\/uploads\/2022\/11\/Kochkurs08-773x1030.jpg\" data-srcset=\"https:\/\/marokko-hautnah.de\/wp-content\/uploads\/2022\/11\/Kochkurs08-773x1030.jpg 773w, https:\/\/marokko-hautnah.de\/wp-content\/uploads\/2022\/11\/Kochkurs08-225x300.jpg 225w, https:\/\/marokko-hautnah.de\/wp-content\/uploads\/2022\/11\/Kochkurs08-768x1024.jpg 768w, https:\/\/marokko-hautnah.de\/wp-content\/uploads\/2022\/11\/Kochkurs08-1152x1536.jpg 1152w, https:\/\/marokko-hautnah.de\/wp-content\/uploads\/2022\/11\/Kochkurs08-1125x1500.jpg 1125w, https:\/\/marokko-hautnah.de\/wp-content\/uploads\/2022\/11\/Kochkurs08-529x705.jpg 529w, https:\/\/marokko-hautnah.de\/wp-content\/uploads\/2022\/11\/Kochkurs08-rotated.jpg 1512w\" data-sizes=\"(max-width: 773px) 100vw, 773px\"  aria-label=\"image Kochkurs08\"  id='av-masonry-2-item-3541' data-av-masonry-item='3541' class='av-masonry-entry isotope-item post-3541 attachment type-attachment status-inherit hentry  av-masonry-item-with-image av-grid-img' title=\"\" alt=\"\"    itemprop=\"thumbnailUrl\"  data-rel=\"lightbox-gallery-uL8DQ68x\" data-rl_title=\"\" data-rl_caption=\"\"><div class='av-inner-masonry-sizer'><\/div><figure class='av-inner-masonry main_color'><div class=\"av-masonry-outerimage-container\"><div class='av-masonry-image-container' style=\"background-image: url(https:\/\/marokko-hautnah.de\/wp-content\/uploads\/2022\/11\/Kochkurs08-529x705.jpg);\"  title=\"Kochkurs08\"  ><\/div><\/div><\/figure><\/a><!--end av-masonry entry--><a href=\"https:\/\/marokko-hautnah.de\/wp-content\/uploads\/2022\/11\/Kochkurs02-1030x773.jpg\" data-srcset=\"https:\/\/marokko-hautnah.de\/wp-content\/uploads\/2022\/11\/Kochkurs02-1030x773.jpg 1030w, https:\/\/marokko-hautnah.de\/wp-content\/uploads\/2022\/11\/Kochkurs02-300x225.jpg 300w, https:\/\/marokko-hautnah.de\/wp-content\/uploads\/2022\/11\/Kochkurs02-768x576.jpg 768w, https:\/\/marokko-hautnah.de\/wp-content\/uploads\/2022\/11\/Kochkurs02-1536x1152.jpg 1536w, https:\/\/marokko-hautnah.de\/wp-content\/uploads\/2022\/11\/Kochkurs02-1500x1125.jpg 1500w, https:\/\/marokko-hautnah.de\/wp-content\/uploads\/2022\/11\/Kochkurs02-705x529.jpg 705w, https:\/\/marokko-hautnah.de\/wp-content\/uploads\/2022\/11\/Kochkurs02.jpg 2016w\" data-sizes=\"(max-width: 1030px) 100vw, 1030px\"  aria-label=\"image Kochkurs02\"  id='av-masonry-2-item-3547' data-av-masonry-item='3547' class='av-masonry-entry isotope-item post-3547 attachment type-attachment status-inherit hentry  av-masonry-item-with-image av-grid-img' title=\"\" alt=\"\"    itemprop=\"thumbnailUrl\"  data-rel=\"lightbox-gallery-uL8DQ68x\" data-rl_title=\"\" data-rl_caption=\"\"><div class='av-inner-masonry-sizer'><\/div><figure class='av-inner-masonry main_color'><div class=\"av-masonry-outerimage-container\"><div class='av-masonry-image-container' style=\"background-image: url(https:\/\/marokko-hautnah.de\/wp-content\/uploads\/2022\/11\/Kochkurs02-705x529.jpg);\"  title=\"Kochkurs02\"  ><\/div><\/div><\/figure><\/a><!--end av-masonry entry--><a href=\"https:\/\/marokko-hautnah.de\/wp-content\/uploads\/2022\/11\/Kochkurs07-1030x649.png\" data-srcset=\"https:\/\/marokko-hautnah.de\/wp-content\/uploads\/2022\/11\/Kochkurs07-1030x649.png 1030w, https:\/\/marokko-hautnah.de\/wp-content\/uploads\/2022\/11\/Kochkurs07-300x189.png 300w, https:\/\/marokko-hautnah.de\/wp-content\/uploads\/2022\/11\/Kochkurs07-768x484.png 768w, https:\/\/marokko-hautnah.de\/wp-content\/uploads\/2022\/11\/Kochkurs07-1536x968.png 1536w, https:\/\/marokko-hautnah.de\/wp-content\/uploads\/2022\/11\/Kochkurs07-2048x1290.png 2048w, https:\/\/marokko-hautnah.de\/wp-content\/uploads\/2022\/11\/Kochkurs07-1500x945.png 1500w, https:\/\/marokko-hautnah.de\/wp-content\/uploads\/2022\/11\/Kochkurs07-705x444.png 705w\" data-sizes=\"(max-width: 1030px) 100vw, 1030px\"  aria-label=\"image Kochkurs07\"  id='av-masonry-2-item-3538' data-av-masonry-item='3538' class='av-masonry-entry isotope-item post-3538 attachment type-attachment status-inherit hentry  av-masonry-item-with-image av-grid-img' title=\"\" alt=\"\"    itemprop=\"thumbnailUrl\"  data-rel=\"lightbox-gallery-uL8DQ68x\" data-rl_title=\"\" data-rl_caption=\"\"><div class='av-inner-masonry-sizer'><\/div><figure class='av-inner-masonry main_color'><div class=\"av-masonry-outerimage-container\"><div class='av-masonry-image-container' style=\"background-image: url(https:\/\/marokko-hautnah.de\/wp-content\/uploads\/2022\/11\/Kochkurs07-705x444.png);\"  title=\"Kochkurs07\"  ><\/div><\/div><\/figure><\/a><!--end av-masonry entry--><a href=\"https:\/\/marokko-hautnah.de\/wp-content\/uploads\/2022\/11\/Kochkurs06-1030x773.jpg\" data-srcset=\"https:\/\/marokko-hautnah.de\/wp-content\/uploads\/2022\/11\/Kochkurs06-1030x773.jpg 1030w, https:\/\/marokko-hautnah.de\/wp-content\/uploads\/2022\/11\/Kochkurs06-300x225.jpg 300w, https:\/\/marokko-hautnah.de\/wp-content\/uploads\/2022\/11\/Kochkurs06-768x576.jpg 768w, https:\/\/marokko-hautnah.de\/wp-content\/uploads\/2022\/11\/Kochkurs06-1536x1152.jpg 1536w, https:\/\/marokko-hautnah.de\/wp-content\/uploads\/2022\/11\/Kochkurs06-1500x1125.jpg 1500w, https:\/\/marokko-hautnah.de\/wp-content\/uploads\/2022\/11\/Kochkurs06-705x529.jpg 705w, https:\/\/marokko-hautnah.de\/wp-content\/uploads\/2022\/11\/Kochkurs06-rotated.jpg 2016w\" data-sizes=\"(max-width: 1030px) 100vw, 1030px\"  aria-label=\"image Kochkurs06\"  id='av-masonry-2-item-3535' data-av-masonry-item='3535' class='av-masonry-entry isotope-item post-3535 attachment type-attachment status-inherit hentry  av-masonry-item-with-image av-grid-img' title=\"\" alt=\"\"    itemprop=\"thumbnailUrl\"  data-rel=\"lightbox-gallery-uL8DQ68x\" data-rl_title=\"\" data-rl_caption=\"\"><div class='av-inner-masonry-sizer'><\/div><figure class='av-inner-masonry main_color'><div class=\"av-masonry-outerimage-container\"><div class='av-masonry-image-container' style=\"background-image: url(https:\/\/marokko-hautnah.de\/wp-content\/uploads\/2022\/11\/Kochkurs06-705x529.jpg);\"  title=\"Kochkurs06\"  ><\/div><\/div><\/figure><\/a><!--end av-masonry entry--><a href=\"https:\/\/marokko-hautnah.de\/wp-content\/uploads\/2022\/11\/Kochkurs05-773x1030.jpg\" data-srcset=\"https:\/\/marokko-hautnah.de\/wp-content\/uploads\/2022\/11\/Kochkurs05-773x1030.jpg 773w, https:\/\/marokko-hautnah.de\/wp-content\/uploads\/2022\/11\/Kochkurs05-225x300.jpg 225w, https:\/\/marokko-hautnah.de\/wp-content\/uploads\/2022\/11\/Kochkurs05-768x1024.jpg 768w, https:\/\/marokko-hautnah.de\/wp-content\/uploads\/2022\/11\/Kochkurs05-1152x1536.jpg 1152w, https:\/\/marokko-hautnah.de\/wp-content\/uploads\/2022\/11\/Kochkurs05-1125x1500.jpg 1125w, https:\/\/marokko-hautnah.de\/wp-content\/uploads\/2022\/11\/Kochkurs05-529x705.jpg 529w, https:\/\/marokko-hautnah.de\/wp-content\/uploads\/2022\/11\/Kochkurs05-rotated.jpg 1512w\" data-sizes=\"(max-width: 773px) 100vw, 773px\"  aria-label=\"image Kochkurs05\"  id='av-masonry-2-item-3532' data-av-masonry-item='3532' class='av-masonry-entry isotope-item post-3532 attachment type-attachment status-inherit hentry  av-masonry-item-with-image av-grid-img' title=\"\" alt=\"\"    itemprop=\"thumbnailUrl\"  data-rel=\"lightbox-gallery-uL8DQ68x\" data-rl_title=\"\" data-rl_caption=\"\"><div class='av-inner-masonry-sizer'><\/div><figure class='av-inner-masonry main_color'><div class=\"av-masonry-outerimage-container\"><div class='av-masonry-image-container' style=\"background-image: url(https:\/\/marokko-hautnah.de\/wp-content\/uploads\/2022\/11\/Kochkurs05-529x705.jpg);\"  title=\"Kochkurs05\"  ><\/div><\/div><\/figure><\/a><!--end av-masonry entry--><\/div><\/div><\/div>\n","protected":false},"excerpt":{"rendered":"","protected":false},"author":3,"featured_media":0,"parent":0,"menu_order":0,"comment_status":"closed","ping_status":"closed","template":"","meta":{"footnotes":""},"class_list":["post-3528","page","type-page","status-publish","hentry"],"_links":{"self":[{"href":"https:\/\/marokko-hautnah.de\/fr\/wp-json\/wp\/v2\/pages\/3528","targetHints":{"allow":["GET"]}}],"collection":[{"href":"https:\/\/marokko-hautnah.de\/fr\/wp-json\/wp\/v2\/pages"}],"about":[{"href":"https:\/\/marokko-hautnah.de\/fr\/wp-json\/wp\/v2\/types\/page"}],"author":[{"embeddable":true,"href":"https:\/\/marokko-hautnah.de\/fr\/wp-json\/wp\/v2\/users\/3"}],"replies":[{"embeddable":true,"href":"https:\/\/marokko-hautnah.de\/fr\/wp-json\/wp\/v2\/comments?post=3528"}],"version-history":[{"count":5,"href":"https:\/\/marokko-hautnah.de\/fr\/wp-json\/wp\/v2\/pages\/3528\/revisions"}],"predecessor-version":[{"id":3557,"href":"https:\/\/marokko-hautnah.de\/fr\/wp-json\/wp\/v2\/pages\/3528\/revisions\/3557"}],"wp:attachment":[{"href":"https:\/\/marokko-hautnah.de\/fr\/wp-json\/wp\/v2\/media?parent=3528"}],"curies":[{"name":"wp","href":"https:\/\/api.w.org\/{rel}","templated":true}]}}