{"id":3795,"date":"2022-12-19T14:53:30","date_gmt":"2022-12-19T13:53:30","guid":{"rendered":"https:\/\/marokko-hautnah.de\/rundreise-zu-den-highlights-im-sueden\/"},"modified":"2022-12-20T12:05:39","modified_gmt":"2022-12-20T11:05:39","slug":"rundreise-zu-den-highlights-im-sueden","status":"publish","type":"page","link":"https:\/\/marokko-hautnah.de\/fr\/rundreise-zu-den-highlights-im-sueden\/","title":{"rendered":"Circuits trop l&rsquo;aspect original en le sud"},"content":{"rendered":"<div class='flex_column av-36l604-ab54ef596a9db6abcca168d11d37a43d av_one_full  avia-builder-el-0  el_before_av_textblock  avia-builder-el-first  first flex_column_div '     ><div id='av-masonry-1' class='av-masonry av-lbuvb2zs-7d06259123b8c77ee2548a3f8412afbf noHover av-fixed-size av-large-gap av-hover-overlay-active av-masonry-animation-active av-masonry-col-flexible av-caption-always av-caption-style- av-masonry-gallery '><div class=\"av-masonry-container isotope av-js-disabled\"><div class='av-masonry-entry isotope-item av-masonry-item-no-image '><\/div><a href=\"https:\/\/marokko-hautnah.de\/wp-content\/uploads\/2015\/06\/Marokko-104.jpg\" data-srcset=\"https:\/\/marokko-hautnah.de\/wp-content\/uploads\/2015\/06\/Marokko-104.jpg 450w, https:\/\/marokko-hautnah.de\/wp-content\/uploads\/2015\/06\/Marokko-104-225x300.jpg 225w, https:\/\/marokko-hautnah.de\/wp-content\/uploads\/2015\/06\/Marokko-104-400x533.jpg 400w, https:\/\/marokko-hautnah.de\/wp-content\/uploads\/2015\/06\/Marokko-104-430x573.jpg 430w, https:\/\/marokko-hautnah.de\/wp-content\/uploads\/2015\/06\/Marokko-104-150x200.jpg 150w, https:\/\/marokko-hautnah.de\/wp-content\/uploads\/2015\/06\/Marokko-104-100x133.jpg 100w\" data-sizes=\"(max-width: 450px) 100vw, 450px\"  aria-label=\"image Marokko (104)\"  id='av-masonry-1-item-2116' data-av-masonry-item='2116' class='av-masonry-entry isotope-item post-2116 attachment type-attachment status-inherit hentry  av-masonry-item-with-image av-grid-img' title=\"\" alt=\"\"    itemprop=\"thumbnailUrl\"  data-rel=\"lightbox-gallery-nGfjCS2P\" data-rl_title=\"\" data-rl_caption=\"\"><div class='av-inner-masonry-sizer'><\/div><figure class='av-inner-masonry main_color'><div class=\"av-masonry-outerimage-container\"><div class='av-masonry-image-container' style=\"background-image: url(https:\/\/marokko-hautnah.de\/wp-content\/uploads\/2015\/06\/Marokko-104.jpg);\"  title=\"Marokko (104)\"  ><\/div><\/div><\/figure><\/a><!--end av-masonry entry--><a href=\"https:\/\/marokko-hautnah.de\/wp-content\/uploads\/2017\/09\/11-Tagestour-15.jpg\" data-srcset=\"https:\/\/marokko-hautnah.de\/wp-content\/uploads\/2017\/09\/11-Tagestour-15.jpg 750w, https:\/\/marokko-hautnah.de\/wp-content\/uploads\/2017\/09\/11-Tagestour-15-225x300.jpg 225w, https:\/\/marokko-hautnah.de\/wp-content\/uploads\/2017\/09\/11-Tagestour-15-400x533.jpg 400w, https:\/\/marokko-hautnah.de\/wp-content\/uploads\/2017\/09\/11-Tagestour-15-430x573.jpg 430w, https:\/\/marokko-hautnah.de\/wp-content\/uploads\/2017\/09\/11-Tagestour-15-150x200.jpg 150w, https:\/\/marokko-hautnah.de\/wp-content\/uploads\/2017\/09\/11-Tagestour-15-100x133.jpg 100w\" data-sizes=\"(max-width: 750px) 100vw, 750px\"  aria-label=\"image 11 Tagestour Marokko\"  id='av-masonry-1-item-2560' data-av-masonry-item='2560' class='av-masonry-entry isotope-item post-2560 attachment type-attachment status-inherit hentry  av-masonry-item-with-image av-grid-img' title=\"\" alt=\"\"    itemprop=\"thumbnailUrl\"  data-rel=\"lightbox-gallery-nGfjCS2P\" data-rl_title=\"\" data-rl_caption=\"\"><div class='av-inner-masonry-sizer'><\/div><figure class='av-inner-masonry main_color'><div class=\"av-masonry-outerimage-container\"><div class='av-masonry-image-container' style=\"background-image: url(https:\/\/marokko-hautnah.de\/wp-content\/uploads\/2017\/09\/11-Tagestour-15.jpg);\"  title=\"11 Tagestour Marokko\"  ><\/div><\/div><\/figure><\/a><!--end av-masonry entry--><a href=\"https:\/\/marokko-hautnah.de\/wp-content\/uploads\/2015\/06\/Marokko-2.jpg\" data-srcset=\"https:\/\/marokko-hautnah.de\/wp-content\/uploads\/2015\/06\/Marokko-2.jpg 800w, https:\/\/marokko-hautnah.de\/wp-content\/uploads\/2015\/06\/Marokko-2-300x225.jpg 300w, https:\/\/marokko-hautnah.de\/wp-content\/uploads\/2015\/06\/Marokko-2-750x563.jpg 750w, https:\/\/marokko-hautnah.de\/wp-content\/uploads\/2015\/06\/Marokko-2-400x300.jpg 400w, https:\/\/marokko-hautnah.de\/wp-content\/uploads\/2015\/06\/Marokko-2-430x323.jpg 430w, https:\/\/marokko-hautnah.de\/wp-content\/uploads\/2015\/06\/Marokko-2-150x113.jpg 150w, https:\/\/marokko-hautnah.de\/wp-content\/uploads\/2015\/06\/Marokko-2-100x75.jpg 100w\" data-sizes=\"(max-width: 800px) 100vw, 800px\"  aria-label=\"image Marokko\"  id='av-masonry-1-item-1912' data-av-masonry-item='1912' class='av-masonry-entry isotope-item post-1912 attachment type-attachment status-inherit hentry  av-masonry-item-with-image av-grid-img' title=\"\" alt=\"\"    itemprop=\"thumbnailUrl\"  data-rel=\"lightbox-gallery-nGfjCS2P\" data-rl_title=\"\" data-rl_caption=\"\"><div class='av-inner-masonry-sizer'><\/div><figure class='av-inner-masonry main_color'><div class=\"av-masonry-outerimage-container\"><div class='av-masonry-image-container' style=\"background-image: url(https:\/\/marokko-hautnah.de\/wp-content\/uploads\/2015\/06\/Marokko-2.jpg);\"  title=\"Marokko\"  ><\/div><\/div><\/figure><\/a><!--end av-masonry entry--><a href=\"https:\/\/marokko-hautnah.de\/wp-content\/uploads\/2015\/06\/Marokko-15.jpg\" data-srcset=\"https:\/\/marokko-hautnah.de\/wp-content\/uploads\/2015\/06\/Marokko-15.jpg 450w, https:\/\/marokko-hautnah.de\/wp-content\/uploads\/2015\/06\/Marokko-15-225x300.jpg 225w, https:\/\/marokko-hautnah.de\/wp-content\/uploads\/2015\/06\/Marokko-15-400x533.jpg 400w, https:\/\/marokko-hautnah.de\/wp-content\/uploads\/2015\/06\/Marokko-15-430x573.jpg 430w, https:\/\/marokko-hautnah.de\/wp-content\/uploads\/2015\/06\/Marokko-15-150x200.jpg 150w, https:\/\/marokko-hautnah.de\/wp-content\/uploads\/2015\/06\/Marokko-15-100x133.jpg 100w\" data-sizes=\"(max-width: 450px) 100vw, 450px\"  aria-label=\"image Marokko (15)\"  id='av-masonry-1-item-1938' data-av-masonry-item='1938' class='av-masonry-entry isotope-item post-1938 attachment type-attachment status-inherit hentry  av-masonry-item-with-image av-grid-img' title=\"\" alt=\"\"    itemprop=\"thumbnailUrl\"  data-rel=\"lightbox-gallery-nGfjCS2P\" data-rl_title=\"\" data-rl_caption=\"\"><div class='av-inner-masonry-sizer'><\/div><figure class='av-inner-masonry main_color'><div class=\"av-masonry-outerimage-container\"><div class='av-masonry-image-container' style=\"background-image: url(https:\/\/marokko-hautnah.de\/wp-content\/uploads\/2015\/06\/Marokko-15.jpg);\"  title=\"Marokko (15)\"  ><\/div><\/div><\/figure><\/a><!--end av-masonry entry--><\/div><\/div><\/div>\n<section  class='av_textblock_section av-lbuu9qjq-6b923e2eaf2a8e2750827f57b4c2444d'  itemscope=\"itemscope\" itemtype=\"https:\/\/schema.org\/CreativeWork\" ><div class='avia_textblock'  itemprop=\"text\" ><h3>Informations sur les circuits au Maroc<\/h3>\n<div><\/div>\n<div class=\"\">\n<div class=\"\">Jour 1 : D\u00e9part d&rsquo;Europe \u00e0 midi, arriv\u00e9e \u00e0 Marrakech \u00e0 l&rsquo;arriv\u00e9e Marrakech, transfert au Riad Michel<\/div>\n<div class=\"\"><\/div>\n<div class=\"\">Jour 2\/3 : Visite de Marrakech (El Badri, Palais Bahia, tombeaux Saadiens, Bab Aganaou, pharmacie apothicaire traditionnelle, Mederse ibn Youssuf, jardins Majorelle, souks)<\/div>\n<div class=\"\"><\/div>\n<div class=\"\">Jour 4 : En voiture \u00e0 travers le Haut Atlas, visite de la Kasbah Teloulet. Visite de la Kasbah Teloulet, Ait Ben Hadou \u00e0 Quazarte, visite des studios de cin\u00e9ma Atlas, Nuit \u00e0 l&rsquo;h\u00f4tel Oasis Fint avec piscine.<\/div>\n<div class=\"\"><\/div>\n<div class=\"\">Jour 5 : Conduite \u00e0 travers la ville oasis de Skoura, visite des gorges de Skoura ; nuit dans une belle maison d&rsquo;h\u00f4tes au-dessus de l&rsquo;oasis.<\/div>\n<div class=\"\"><\/div>\n<div class=\"\">Jour 6 : Vall\u00e9e des Roses, \u00e0 travers les fantastiques gorges du Dad\u00e8s jusqu&rsquo;\u00e0 Agoudal en haut des montagnes ; nuit dans un confortable refuge de montagne.<\/div>\n<div class=\"\"><\/div>\n<div class=\"\">Jour 7 : descente vers le canyon du Todra en traversant Tinghir Direction Antiatlas via Tizin Tezerzert. Via Nkob, Tazzarine \u00e0 Tamgroute dans le premier camp du d\u00e9sert. Soir\u00e9e avec le traditionnel<\/div>\n<div class=\"\">BBQ avec les nomades, nuit dans le camp du d\u00e9sert de Tinfu ; nuit dans le d\u00e9sert.<\/div>\n<div class=\"\"><\/div>\n<div class=\"\">Jour 8 : Visite de la ville de poterie et du centre spirituel avec la biblioth\u00e8que de Tamgroute, puis en 4&#215;4 d&rsquo;environ 60km dans le Sahara, balade \u00e0 dos de dromadaires jusqu&rsquo;aux grandes dunes de Chigaga au coucher du soleil. Nuit\u00e9e sous tente ou \u00e0 la belle \u00e9toile.<\/div>\n<div class=\"\"><\/div>\n<div class=\"\">Jour 9 : Retour par la vall\u00e9e du Draa, h\u00f4tel Kasbah Timidarte, un \u00e9co-projet int\u00e9ressant, g\u00e9r\u00e9 avec professionnalisme et amour par les villageois.\u00a0 Gr\u00e2ce \u00e0 notre s\u00e9jour, nous soutenons l&rsquo;alphab\u00e9tisation et les projets scolaires.\u00a0 Visite des jardins de l&rsquo;oasis<\/div>\n<div class=\"\"><\/div>\n<div class=\"\">Jour 10 : Visite de l&rsquo;impressionnante Kasba de Tamnougalte et d\u00e9tente \u00e0 la cascade de Tizgui, baignade dans la piscine naturelle au milieu du d\u00e9sert rocheux. Une autre nuit dans la Kasbah ou dans l&rsquo;oasis d&rsquo;Agdz.<\/div>\n<div class=\"\"><\/div>\n<div class=\"\">Jour 11 : Continuation via Tazenacht vers Talouine, centre de la culture du safran. via la fantastique route des cr\u00eates d&rsquo;Antiatlas vers la vall\u00e9e d&rsquo;Ameln (Tafraoute), h\u00f4tel Maison Traditionnelle.<\/div>\n<div class=\"\"><\/div>\n<div class=\"\">Jour 12 : randonn\u00e9e et visite des gravures rupestres, vall\u00e9e d&rsquo;Ait Mansour et les pierres peintes. Encore une nuit \u00e0 Maison Traditionnelle.<\/div>\n<div class=\"\"><\/div>\n<div class=\"\">Jour 13 : Continuation via Taroudannt (une ville orientale tr\u00e8s anim\u00e9e (\u00ab\u00a0Petit Marrakech\u00a0\u00bb) vers Essaouira, l&rsquo;ancienne ville portuaire portugaise pittoresque avec sa plage de r\u00eave et son ambiance orientale.<\/div>\n<div class=\"\"><\/div>\n<div class=\"\">Jour 14 : D\u00e9tente et r\u00e9cup\u00e9ration sur la plage d&rsquo;Essaouira et profitez de l&rsquo;ambiance orientale et des plats de poissons frais de l&rsquo;Atlantique.<\/div>\n<div class=\"\"><\/div>\n<div class=\"\">Jour 15 : Retour \u00e0 l&rsquo;a\u00e9roport de Marrakech t\u00f4t le matin.<\/div>\n<div class=\"\"><\/div>\n<div class=\"\">L&rsquo;itin\u00e9raire est susceptible d&rsquo;\u00eatre modifi\u00e9.<\/div>\n<div class=\"\"><\/div>\n<\/div>\n<\/div><\/section>\n<div class='flex_column av-2w32w4-1d50b11c144cbadf9eeb3bc106c70053 av_one_full  avia-builder-el-3  el_after_av_textblock  el_before_av_textblock  first flex_column_div column-top-margin'     ><div id='av-masonry-2' class='av-masonry av-lbuuxsj5-a07e48246cffc6af7d0787397648d0ee noHover av-fixed-size av-large-gap av-hover-overlay-active av-masonry-animation-active av-masonry-col-flexible av-caption-always av-caption-style- av-masonry-gallery '><div class=\"av-masonry-container isotope av-js-disabled\"><div class='av-masonry-entry isotope-item av-masonry-item-no-image '><\/div><a href=\"https:\/\/marokko-hautnah.de\/wp-content\/uploads\/2015\/06\/Marokko-25.jpg\" data-srcset=\"https:\/\/marokko-hautnah.de\/wp-content\/uploads\/2015\/06\/Marokko-25.jpg 800w, https:\/\/marokko-hautnah.de\/wp-content\/uploads\/2015\/06\/Marokko-25-300x225.jpg 300w, https:\/\/marokko-hautnah.de\/wp-content\/uploads\/2015\/06\/Marokko-25-750x563.jpg 750w, https:\/\/marokko-hautnah.de\/wp-content\/uploads\/2015\/06\/Marokko-25-400x300.jpg 400w, https:\/\/marokko-hautnah.de\/wp-content\/uploads\/2015\/06\/Marokko-25-430x323.jpg 430w, https:\/\/marokko-hautnah.de\/wp-content\/uploads\/2015\/06\/Marokko-25-150x113.jpg 150w, https:\/\/marokko-hautnah.de\/wp-content\/uploads\/2015\/06\/Marokko-25-100x75.jpg 100w\" data-sizes=\"(max-width: 800px) 100vw, 800px\"  aria-label=\"image Marokko (25)\"  id='av-masonry-2-item-1958' data-av-masonry-item='1958' class='av-masonry-entry isotope-item post-1958 attachment type-attachment status-inherit hentry  av-masonry-item-with-image av-grid-img' title=\"\" alt=\"\"    itemprop=\"thumbnailUrl\"  data-rel=\"lightbox-gallery-nGfjCS2P\" data-rl_title=\"\" data-rl_caption=\"\"><div class='av-inner-masonry-sizer'><\/div><figure class='av-inner-masonry main_color'><div class=\"av-masonry-outerimage-container\"><div class='av-masonry-image-container' style=\"background-image: url(https:\/\/marokko-hautnah.de\/wp-content\/uploads\/2015\/06\/Marokko-25.jpg);\"  title=\"Marokko (25)\"  ><\/div><\/div><\/figure><\/a><!--end av-masonry entry--><a href=\"https:\/\/marokko-hautnah.de\/wp-content\/uploads\/2015\/06\/Marokko-132.jpg\" data-srcset=\"https:\/\/marokko-hautnah.de\/wp-content\/uploads\/2015\/06\/Marokko-132.jpg 800w, https:\/\/marokko-hautnah.de\/wp-content\/uploads\/2015\/06\/Marokko-132-300x225.jpg 300w, https:\/\/marokko-hautnah.de\/wp-content\/uploads\/2015\/06\/Marokko-132-750x563.jpg 750w, https:\/\/marokko-hautnah.de\/wp-content\/uploads\/2015\/06\/Marokko-132-400x300.jpg 400w, https:\/\/marokko-hautnah.de\/wp-content\/uploads\/2015\/06\/Marokko-132-430x323.jpg 430w, https:\/\/marokko-hautnah.de\/wp-content\/uploads\/2015\/06\/Marokko-132-150x113.jpg 150w, https:\/\/marokko-hautnah.de\/wp-content\/uploads\/2015\/06\/Marokko-132-100x75.jpg 100w\" data-sizes=\"(max-width: 800px) 100vw, 800px\"  aria-label=\"image Marokko (132)\"  id='av-masonry-2-item-2172' data-av-masonry-item='2172' class='av-masonry-entry isotope-item post-2172 attachment type-attachment status-inherit hentry  av-masonry-item-with-image av-grid-img' title=\"\" alt=\"\"    itemprop=\"thumbnailUrl\"  data-rel=\"lightbox-gallery-nGfjCS2P\" data-rl_title=\"\" data-rl_caption=\"\"><div class='av-inner-masonry-sizer'><\/div><figure class='av-inner-masonry main_color'><div class=\"av-masonry-outerimage-container\"><div class='av-masonry-image-container' style=\"background-image: url(https:\/\/marokko-hautnah.de\/wp-content\/uploads\/2015\/06\/Marokko-132.jpg);\"  title=\"Marokko (132)\"  ><\/div><\/div><\/figure><\/a><!--end av-masonry entry--><a href=\"https:\/\/marokko-hautnah.de\/wp-content\/uploads\/2015\/06\/Marokko-50.jpg\" data-srcset=\"https:\/\/marokko-hautnah.de\/wp-content\/uploads\/2015\/06\/Marokko-50.jpg 800w, https:\/\/marokko-hautnah.de\/wp-content\/uploads\/2015\/06\/Marokko-50-300x225.jpg 300w, https:\/\/marokko-hautnah.de\/wp-content\/uploads\/2015\/06\/Marokko-50-750x563.jpg 750w, https:\/\/marokko-hautnah.de\/wp-content\/uploads\/2015\/06\/Marokko-50-400x300.jpg 400w, https:\/\/marokko-hautnah.de\/wp-content\/uploads\/2015\/06\/Marokko-50-430x323.jpg 430w, https:\/\/marokko-hautnah.de\/wp-content\/uploads\/2015\/06\/Marokko-50-150x113.jpg 150w, https:\/\/marokko-hautnah.de\/wp-content\/uploads\/2015\/06\/Marokko-50-100x75.jpg 100w\" data-sizes=\"(max-width: 800px) 100vw, 800px\"  aria-label=\"image Marokko (50)\"  id='av-masonry-2-item-2008' data-av-masonry-item='2008' class='av-masonry-entry isotope-item post-2008 attachment type-attachment status-inherit hentry  av-masonry-item-with-image av-grid-img' title=\"\" alt=\"\"    itemprop=\"thumbnailUrl\"  data-rel=\"lightbox-gallery-nGfjCS2P\" data-rl_title=\"\" data-rl_caption=\"\"><div class='av-inner-masonry-sizer'><\/div><figure class='av-inner-masonry main_color'><div class=\"av-masonry-outerimage-container\"><div class='av-masonry-image-container' style=\"background-image: url(https:\/\/marokko-hautnah.de\/wp-content\/uploads\/2015\/06\/Marokko-50.jpg);\"  title=\"Marokko (50)\"  ><\/div><\/div><\/figure><\/a><!--end av-masonry entry--><\/div><\/div><\/div>\n<section  class='av_textblock_section av-lbuugaf0-9c9d5dda6b39a3798edc6bd1c02b79a9'  itemscope=\"itemscope\" itemtype=\"https:\/\/schema.org\/CreativeWork\" ><div class='avia_textblock'  itemprop=\"text\" ><div class=\"\"><\/div>\n<div class=\"\">Co\u00fbts (\u00e0 payer lors de la r\u00e9servation) : 15 jours aller-retour \u00e0 partir de 1450 euros en chambre double, suppl\u00e9ment single 250 euros Le prix du circuit de 1450 euros comprend : tous les transferts, la voiture de location, le carburant, le chauffeur, toutes les nuit\u00e9es y compris le camp dans le d\u00e9sert, l&rsquo;excursion dans le d\u00e9sert en 4&#215;4\/chauffeur et la promenade \u00e0 dos de chameau, les droits d&rsquo;entr\u00e9e, les guides, les pourboires, le d\u00eener et le petit-d\u00e9jeuner.\u00a0 Les co\u00fbts suppl\u00e9mentaires sont uniquement pour<\/div>\n<div class=\"\">le d\u00e9jeuner facultatif et les souvenirs. (D\u00e9jeuner 3-10 \u20ac)<\/div>\n<div class=\"\">Les vols sont disponibles avec <a class=\"\" href=\"http:\/\/Ryanair.de\">Ryanair.de<\/a> de Bergame ou Francfort Hahn ou Berlin ou Vienne selon la date et si r\u00e9serv\u00e9 t\u00f4t. entre 100 et 200 euros. Avec Royalairmaroc \u00e0 partir de 250 euros. Nous sommes heureux de vous aider \u00e0 r\u00e9server. L&rsquo;h\u00f4tel \u00e0 Marrakech est un beau Riad typique au c\u0153ur de la vieille ville, \u00e0 quelques minutes seulement de la Jamma el Fna.<\/div>\n<div class=\"\">Si vous le souhaitez, vous pouvez ajouter une semaine ou 3 &#8211; 4 jours de vacances \u00e0 la plage \u00e0 Essaouira. (par nuit et par personne dans une chambre double dans un beau riad de la vieille ville. ville environ 45 euros, location de voiture \u00e0 partir de 30 euros par jour).<\/div>\n<div class=\"\">Ce qu&rsquo;il faut apporter : Billets et cartes d&#8217;embarquement imprim\u00e9s ! Passeport en cours de validit\u00e9 (la carte d&rsquo;identit\u00e9 n&rsquo;est pas le permis de conduire, maillot de bain, veste polaire chaude et coupe-vent, pantalon de trekking, ceinture porte-monnaie, sac banane, chapeau de soleil\/lait, 2 T-shirts, pantalon de rechange, photo, m\u00e9dicaments, chaussures\/sandales confortables, sacs chaussures\/sandales confortables, lampe de poche. L&rsquo;exp\u00e9rience a montr\u00e9 que 10 kilos de bagages dans un sac \u00e0 dos de 20x40x55 cm (\u00e0 embarquer comme bagage \u00e0 main avec Ryanair) suffisent pour le voyage.<\/div>\n<\/div><\/section>\n","protected":false},"excerpt":{"rendered":"","protected":false},"author":3,"featured_media":0,"parent":0,"menu_order":0,"comment_status":"closed","ping_status":"closed","template":"","meta":{"footnotes":""},"class_list":["post-3795","page","type-page","status-publish","hentry"],"_links":{"self":[{"href":"https:\/\/marokko-hautnah.de\/fr\/wp-json\/wp\/v2\/pages\/3795","targetHints":{"allow":["GET"]}}],"collection":[{"href":"https:\/\/marokko-hautnah.de\/fr\/wp-json\/wp\/v2\/pages"}],"about":[{"href":"https:\/\/marokko-hautnah.de\/fr\/wp-json\/wp\/v2\/types\/page"}],"author":[{"embeddable":true,"href":"https:\/\/marokko-hautnah.de\/fr\/wp-json\/wp\/v2\/users\/3"}],"replies":[{"embeddable":true,"href":"https:\/\/marokko-hautnah.de\/fr\/wp-json\/wp\/v2\/comments?post=3795"}],"version-history":[{"count":2,"href":"https:\/\/marokko-hautnah.de\/fr\/wp-json\/wp\/v2\/pages\/3795\/revisions"}],"predecessor-version":[{"id":3802,"href":"https:\/\/marokko-hautnah.de\/fr\/wp-json\/wp\/v2\/pages\/3795\/revisions\/3802"}],"wp:attachment":[{"href":"https:\/\/marokko-hautnah.de\/fr\/wp-json\/wp\/v2\/media?parent=3795"}],"curies":[{"name":"wp","href":"https:\/\/api.w.org\/{rel}","templated":true}]}}